{"id":998,"date":"2021-08-01T13:05:22","date_gmt":"2021-08-01T11:05:22","guid":{"rendered":"https:\/\/www.bijoux-pierres-et-bien-etre.com\/produit\/produit\/"},"modified":"2026-02-20T00:00:56","modified_gmt":"2026-02-19T23:00:56","slug":"produit","status":"publish","type":"product","link":"https:\/\/www.bijoux-pierres-et-bien-etre.com\/?product=produit","title":{"rendered":"Bracelet de PROTECTION en LARME D&rsquo;APACHE (OBSIDIENNE FUM\u00c9E) de chez Bijoux pierres et bien-\u00eatre"},"content":{"rendered":"<p>Bracelet de <b>HAUTE PROTECTION en LARME D&rsquo;APACHE (OBSIDIENNE FUM\u00c9E) notamment contre les forces obscures\u2026 <\/b>en taille standard de 18-19 cm environ (bracelet fini). Correspond \u00e0 un contour de poignet bien serr\u00e9 entre 15,5 et 17,5 cm environ.<\/p>\n<p><strong>LA LARME D&rsquo;APACHE VOUS PROTEGE ET REPOUSSE LES ONDES N\u00c9GATIVES, DEBLOQUE LES C<\/strong>HOCS DE LA VIE EN DOUCEUR, (on peut la donner au enfants), ABSORDE VOS LARMES POUR VOUS REDONNER LA JOIE ET LA POSITIVIT\u00c9\u2026 (voir les bienfaits et vertu de la LARME D&rsquo;APACHE en page correspondante).<\/p>\n<p><strong>Si vous souhaitez un bracelet dans une autre taille me contacter uniquement par t\u00e9l\u00e9phone au 06.36.41.95.68. <\/strong><\/p>\n<p><strong>Existe en pendentif, boucles d&rsquo;oreilles, collier en magasin (me contacter par t\u00e9l\u00e9phone pour toutes demandes).<\/strong><\/p>\n<p><strong>Voir \u00e9galement mes <\/strong>colliers de protections cr\u00e9ations \u00a0\u00bbMalitho\u00a0\u00bb.<\/p>\n<p> Je conseil au d\u00e9but de le porter de jour en jour progressivement. C&rsquo; est une pierre douce que l&rsquo;on peut faire porter aux enfants mais tr\u00e8s puissante. <\/p>\n<p>Commencer \u00e0 le porter la premi\u00e8re journ\u00e9e 1h voir 2h puis de jour en jour augmenter la durer de pose \u00e0 votre bras pendant une huitaine de jour environ pour habituer le bracelet \u00e0 votre \u00e9nergie.<\/p>\n<p><strong>Tr\u00e8s bonne pierre de protection appel\u00e9e aussi \u00ab\u00a0Obsidienne fum\u00e9e\u00a0\u00bb<\/strong> c&rsquo;est une pierre de<strong> consolation et de lib\u00e9ration<\/strong>, elle a le pouvoir de<strong> lib\u00e9rer les \u00e9motions n\u00e9gatives en nous qu\u2019elles soient conscientes ou pas.<\/strong><\/p>\n<p>Nous pouvons les utiliser aussi bien en auto traitement que dans le cadre d\u2019une s\u00e9ance \u00e9nerg\u00e9tique.<\/p>\n<p>Ces obsidiennes sont \u00e9galement tr\u00e8s utiles pour la gu\u00e9rison des mal-\u00eatres rapport\u00e9s des vies ant\u00e9rieures en la combinant par exemple avec un quartz rose.<\/p>\n<p><strong>Parfaite pour un travail d\u2019introspection<\/strong> car<strong> elle permet \u00e0 nos sentiments n\u00e9gatifs de remonter \u00e0 la surface en douceur comme les grandes tristesses, les traumatismes, les ranc\u0153urs, etc. pour s\u2019en lib\u00e9rer d\u00e9finitivement.<\/strong><\/p>\n<p><strong>Je conseille la Larme d\u2019Apache tout particuli\u00e8rement \u00e0 ceux qui ont du mal \u00e0 se d\u00e9faire du pass\u00e9.<\/strong><\/p>\n<p><strong>Pierre de pardon et de compassion<\/strong>, elle nous aide \u00e0 <strong>renoncer \u00e0 la vengeance, lib\u00e8re de la ranc\u0153ur<\/strong> et du <strong>sentiment d\u2019\u00eatre un(e) martyr, une \u00e9ternelle victime, \u00e9liminant les blocages psychologiques comme les complexes d\u2019inf\u00e9riorit\u00e9 ou le manque de confiance en soi. Aide \u00e0 se lib\u00e9rer des peurs, des angoisses, de la panique, des id\u00e9es fixes de malheurs\u2026<\/strong><\/p>\n<p><strong>C\u2019est en outre, un excellent antidouleur.<\/strong><\/p>\n<p>Tradition \u00ab\u00a0Sa l\u00e9gende indienne : Apr\u00e8s que les Apaches eurent fait plusieurs raids de paix en Arizona, les militaires attendirent l\u2019aube pour pouvoir les attaquer. Les Apaches confiants dans leur s\u00e9curit\u00e9 furent totalement surpris et en sous-effectif lorsqu\u2019ils furent attaqu\u00e9s. Cinquante personnes sur soixante dix furent tu\u00e9es, le reste de la tribu se refugia sur les bords d\u2019une montagne et choisit de sauter dans le vide plut\u00f4t que d\u2019\u00eatre tu\u00e9s par la main de l\u2019homme blanc. La famille de ces \u00eatres morts r\u00e9alis\u00e8rent que non seulement 70 hommes avaient \u00e9t\u00e9 tu\u00e9s mais qu\u2019avec eux \u00e9tait mort l\u2019esprit du combattant des Apaches. Leur tristesse fut si grande et sinc\u00e8re que le Grand Esprit d\u00e9cida de transformer leurs pleurs en pierres noires.<\/p>\n<p>Cette pierre lorsqu\u2019elle est expos\u00e9e \u00e0 la lumi\u00e8re r\u00e9v\u00e8le les larmes transparentes des femmes Apaches. Cette pierre<strong> apporte chance \u00e0 son propri\u00e9taire, on dit que celui qui poss\u00e8de une larme d\u2019apache ne pleurera plus.\u00a0\u00bb<\/strong><\/p>\n<p><strong>Vertus physiques R\u00e9\u00e9quilibre l\u2019intestin &amp; les tissus musculaires. R\u00e9g\u00e9n\u00e8re le c\u0153ur, les reins et les tissus nerveux de la peau. Embellissement de la peau. Am\u00e9liore la formation capillaire et att\u00e9nue les d\u00e9sordres nerveux (apathie, stress). Favorise l\u2019assimilation des vitamines B et E.<\/strong><\/p>\n<p>Vertus psychiques Sur le plan psychique, la larme d&rsquo;apache permet<strong> d&rsquo;\u00e9vacuer les peines profondes,<\/strong> nous aidant \u00e0 <strong>comprendre et \u00e0 accepter les situations de souffrance<\/strong>. La larme d&rsquo;apache est une bonne <strong>pierre d&rsquo;ancrage \u00e0 la terre<\/strong>. <strong>Donne une pens\u00e9e objective, le sens du concret, une inspiration spirituelle, le contr\u00f4le de ses sentiments et de ses passions. Intuition. Partir, quitter, changer. Aide \u00e0 garder l\u2019\u00e9quilibre lors de difficult\u00e9s et de crises dans le couple. Aide au l\u00e2cher-prise, accorde \u00e0 un \u00eatre proche la libert\u00e9 qu\u2019il revendique. Chez certains, peut permettre de voir des images du pass\u00e9 ou de l\u2019avenir.<\/strong><\/p>\n<p>Protection Cette vari\u00e9t\u00e9 d&rsquo;obsidienne est tr\u00e8s utilis\u00e9e par les Indiens d&rsquo;Am\u00e9rique, comme<strong> protection contre les forces obscures.<\/strong><\/p>\n<p>Particularit\u00e9s Provoque des r\u00e9actions tr\u00e8s diff\u00e9rentes d\u2019une personne \u00e0 l\u2019autre. Sa vibration est tr\u00e8s forte et il est parfois n\u00e9cessaire de l\u2019apprivoiser lentement.<\/p>\n<p>ATTENTION : l\u2019utilisation des Min\u00e9raux en Lithoth\u00e9rapie n\u2019exclut en aucun cas la poursuite d\u2019un traitement m\u00e9dical et la consultation d\u2019un m\u00e9decin. C\u2019est un compl\u00e9ment et non un m\u00e9dicament.<\/p>\n<p><strong>Magasin BIJOUX, PIERRES ET BIEN-\u00caTRE sp\u00e9cialiste en lithoth\u00e9rapie, min\u00e9raux, cr\u00e9ation artisanale de bijoux sur mesures \u00e0 la main \u00bbMaLitho \u00bb. Magasin de pierres du Nord de la France (Somme, Picardie, Haut de France \u00e0 Albert dans le 80 entre Amiens, Bapaume et P\u00e9ronne).<\/strong><\/p>\n","protected":false},"excerpt":{"rendered":"<p>Bracelet de <strong>HAUTE PROTECTION en LARME D\u2019APACHE (OBSIDIENNE FUM\u00c9E)<\/strong><strong><b> notamment contre les forces obscures\u2026<\/b><\/strong><strong> <\/strong>en taille standard de 18-19 cm environ (bracelet fini). Correspond \u00e0 un contour de poignet bien serr\u00e9 entre 15,5 et 17,5 cm environ. Pour une autre taille faite \u00e0 vos mesures me contacter par \u260e au 06 36 41 95 68. Existe \u00e9galement en pendentif, en collier ou boucles d&rsquo;oreilles (me contacter \u00e9galement par t\u00e9l\u00e9phone).<\/p>\n<p><strong>LA LARME D\u2019APACHE VOUS PROTEGE ET REPOUSSE LES ONDES N\u00c9GATIVES, DEBLOQUE LES C<\/strong>HOCS DE LA VIE EN DOUCEUR, (on peut la donner au enfants), ABSORDE VOS LARMES POUR VOUS REDONNER LA JOIE ET LA POSITIVIT\u00c9\u2026 (voir<a href=\"https:\/\/www.bijoux-pierres-et-bien-etre.com\/categorie-produit\/recherche-par-categorie-de-pierre-vertu-bienfait-pouvoir-therapie-lithotherapie-creation-artisanale-malitho-bijou-pierre-mineraux-bien-etre-albert-picardie-somme-80-boutique-magasin-nord-de-la-france\/larme_d_apache_vertu_bienfait_des_pierres_lithotherapie_bijou_pierre_bien-etre_albert_somme_picardie_creation_personnalise_malitho\/\"><strong> les vertus et bienfaits de la LARME D\u2019APACHE <\/strong><\/a>en description ci-dessous en page correspondante).<\/p>\n<p>Je conseil au d\u00e9but de le porter de jour en jour progressivement. C\u2019 est une pierre douce que l\u2019on peut faire porter aux enfants mais tr\u00e8s puissante. Commencer \u00e0 le porter la premi\u00e8re journ\u00e9e 1h voir 2h puis de jour en jour augmenter la durer de pose \u00e0 votre bras pendant une huitaine de jours environ pour habituer le bracelet \u00e0 votre \u00e9nergie.<\/p>\n<p>ATTENTION : l\u2019utilisation des Min\u00e9raux en Lithoth\u00e9rapie n\u2019exclut en aucun cas la poursuite d\u2019un traitement m\u00e9dical et la consultation d\u2019un m\u00e9decin. C\u2019est un compl\u00e9ment et non un m\u00e9dicament.<\/p>\n<p><strong>Magasin BIJOUX, PIERRES ET BIEN-\u00caTRE sp\u00e9cialiste en lithoth\u00e9rapie, min\u00e9raux, cr\u00e9ation artisanale de bijoux sur mesures \u00e0 la main \u00bbMaLitho \u00bb. Magasin de pierres du Nord de la France (Somme, Picardie, Haut de France \u00e0 Albert dans le 80 entre Amiens, Bapaume et P\u00e9ronne).<\/strong><\/p>\n","protected":false},"featured_media":2100,"template":"","meta":[],"product_brand":[],"product_cat":[32,48,163],"product_tag":[],"class_list":{"0":"post-998","1":"product","2":"type-product","3":"status-publish","4":"has-post-thumbnail","6":"product_cat-bracelets-creation-malitho-et-pret-a-porter-en-pierres-naturelles-de-chez-bijoux-pierres-et-bien-etre","7":"product_cat-bracelets-pret-a-porter-en-pierres-naturelles","8":"product_cat-larme_d_apache_vertu_bienfait_des_pierres_lithotherapie_bijou_pierre_bien-etre_albert_somme_picardie_creation_personnalise_malitho","10":"first","11":"instock","12":"purchasable","13":"product-type-simple"},"yoast_head":"<!-- This site is optimized with the Yoast SEO plugin v27.4 - https:\/\/yoast.com\/product\/yoast-seo-wordpress\/ -->\n<title>Bracelet de PROTECTION en LARME D&#039;APACHE (OBSIDIENNE FUM\u00c9E) de chez Bijoux pierres et bien-\u00eatre -<\/title>\n<meta name=\"robots\" content=\"index, follow, max-snippet:-1, max-image-preview:large, max-video-preview:-1\" \/>\n<link rel=\"canonical\" href=\"https:\/\/www.bijoux-pierres-et-bien-etre.com\/?product=produit\" \/>\n<meta property=\"og:locale\" content=\"fr_FR\" \/>\n<meta property=\"og:type\" content=\"article\" \/>\n<meta property=\"og:title\" content=\"Bracelet de PROTECTION en LARME D&#039;APACHE (OBSIDIENNE FUM\u00c9E) de chez Bijoux pierres et bien-\u00eatre -\" \/>\n<meta property=\"og:description\" content=\"Bracelet de HAUTE PROTECTION en LARME D\u2019APACHE (OBSIDIENNE FUM\u00c9E) notamment contre les forces obscures\u2026 en taille standard de 18-19 cm environ (bracelet fini). Correspond \u00e0 un contour de poignet bien serr\u00e9 entre 15,5 et 17,5 cm environ. Pour une autre taille faite \u00e0 vos mesures me contacter par \u260e au 06 36 41 95 68. Existe \u00e9galement en pendentif, en collier ou boucles d&#039;oreilles (me contacter \u00e9galement par t\u00e9l\u00e9phone). LA LARME D\u2019APACHE VOUS PROTEGE ET REPOUSSE LES ONDES N\u00c9GATIVES, DEBLOQUE LES CHOCS DE LA VIE EN DOUCEUR, (on peut la donner au enfants), ABSORDE VOS LARMES POUR VOUS REDONNER LA JOIE ET LA POSITIVIT\u00c9\u2026 (voir les vertus et bienfaits de la LARME D\u2019APACHE en description ci-dessous en page correspondante). Je conseil au d\u00e9but de le porter de jour en jour progressivement. C\u2019 est une pierre douce que l\u2019on peut faire porter aux enfants mais tr\u00e8s puissante. Commencer \u00e0 le porter la premi\u00e8re journ\u00e9e 1h voir 2h puis de jour en jour augmenter la durer de pose \u00e0 votre bras pendant une huitaine de jours environ pour habituer le bracelet \u00e0 votre \u00e9nergie. ATTENTION : l\u2019utilisation des Min\u00e9raux en Lithoth\u00e9rapie n\u2019exclut en aucun cas la poursuite d\u2019un traitement m\u00e9dical et la consultation d\u2019un m\u00e9decin. C\u2019est un compl\u00e9ment et non un m\u00e9dicament. Magasin BIJOUX, PIERRES ET BIEN-\u00caTRE sp\u00e9cialiste en lithoth\u00e9rapie, min\u00e9raux, cr\u00e9ation artisanale de bijoux sur mesures \u00e0 la main \u00bbMaLitho \u00bb. Magasin de pierres du Nord de la France (Somme, Picardie, Haut de France \u00e0 Albert dans le 80 entre Amiens, Bapaume et P\u00e9ronne).\" \/>\n<meta property=\"og:url\" content=\"https:\/\/www.bijoux-pierres-et-bien-etre.com\/?product=produit\" \/>\n<meta property=\"article:publisher\" content=\"https:\/\/www.facebook.com\/people\/Crations-MaLitho-de-chez-Bijoux-pierres-et-bien-tre\/100063194591855\/\" \/>\n<meta property=\"article:modified_time\" content=\"2026-02-19T23:00:56+00:00\" \/>\n<meta property=\"og:image\" content=\"https:\/\/www.bijoux-pierres-et-bien-etre.com\/wp-content\/uploads\/2021\/08\/bracelet_larme_apache_bijou_pierre_et_bien_etre_bijoux_pierres_magasin_boutique_albert_somme-scaled.jpg\" \/>\n\t<meta property=\"og:image:width\" content=\"2199\" \/>\n\t<meta property=\"og:image:height\" content=\"2560\" \/>\n\t<meta property=\"og:image:type\" content=\"image\/jpeg\" \/>\n<meta name=\"twitter:card\" content=\"summary_large_image\" \/>\n<meta name=\"twitter:label1\" content=\"Dur\u00e9e de lecture estim\u00e9e\" \/>\n\t<meta name=\"twitter:data1\" content=\"4 minutes\" \/>\n<script type=\"application\/ld+json\" class=\"yoast-schema-graph\">{\"@context\":\"https:\\\/\\\/schema.org\",\"@graph\":[{\"@type\":\"WebPage\",\"@id\":\"https:\\\/\\\/www.bijoux-pierres-et-bien-etre.com\\\/?product=produit\",\"url\":\"https:\\\/\\\/www.bijoux-pierres-et-bien-etre.com\\\/?product=produit\",\"name\":\"Bracelet de PROTECTION en LARME D'APACHE (OBSIDIENNE FUM\u00c9E) de chez Bijoux pierres et bien-\u00eatre -\",\"isPartOf\":{\"@id\":\"https:\\\/\\\/www.bijoux-pierres-et-bien-etre.com\\\/#website\"},\"primaryImageOfPage\":{\"@id\":\"https:\\\/\\\/www.bijoux-pierres-et-bien-etre.com\\\/?product=produit#primaryimage\"},\"image\":{\"@id\":\"https:\\\/\\\/www.bijoux-pierres-et-bien-etre.com\\\/?product=produit#primaryimage\"},\"thumbnailUrl\":\"https:\\\/\\\/www.bijoux-pierres-et-bien-etre.com\\\/wp-content\\\/uploads\\\/2021\\\/08\\\/bracelet_larme_apache_bijou_pierre_et_bien_etre_bijoux_pierres_magasin_boutique_albert_somme-scaled.jpg\",\"datePublished\":\"2021-08-01T11:05:22+00:00\",\"dateModified\":\"2026-02-19T23:00:56+00:00\",\"breadcrumb\":{\"@id\":\"https:\\\/\\\/www.bijoux-pierres-et-bien-etre.com\\\/?product=produit#breadcrumb\"},\"inLanguage\":\"fr-FR\",\"potentialAction\":[{\"@type\":\"ReadAction\",\"target\":[\"https:\\\/\\\/www.bijoux-pierres-et-bien-etre.com\\\/?product=produit\"]}]},{\"@type\":\"ImageObject\",\"inLanguage\":\"fr-FR\",\"@id\":\"https:\\\/\\\/www.bijoux-pierres-et-bien-etre.com\\\/?product=produit#primaryimage\",\"url\":\"https:\\\/\\\/www.bijoux-pierres-et-bien-etre.com\\\/wp-content\\\/uploads\\\/2021\\\/08\\\/bracelet_larme_apache_bijou_pierre_et_bien_etre_bijoux_pierres_magasin_boutique_albert_somme-scaled.jpg\",\"contentUrl\":\"https:\\\/\\\/www.bijoux-pierres-et-bien-etre.com\\\/wp-content\\\/uploads\\\/2021\\\/08\\\/bracelet_larme_apache_bijou_pierre_et_bien_etre_bijoux_pierres_magasin_boutique_albert_somme-scaled.jpg\",\"width\":2199,\"height\":2560},{\"@type\":\"BreadcrumbList\",\"@id\":\"https:\\\/\\\/www.bijoux-pierres-et-bien-etre.com\\\/?product=produit#breadcrumb\",\"itemListElement\":[{\"@type\":\"ListItem\",\"position\":1,\"name\":\"Accueil\",\"item\":\"https:\\\/\\\/www.bijoux-pierres-et-bien-etre.com\\\/\"},{\"@type\":\"ListItem\",\"position\":2,\"name\":\"Boutique\",\"item\":\"https:\\\/\\\/www.bijoux-pierres-et-bien-etre.com\\\/?page_id=66\"},{\"@type\":\"ListItem\",\"position\":3,\"name\":\"Bracelet de PROTECTION en LARME D&#8217;APACHE (OBSIDIENNE FUM\u00c9E) de chez Bijoux pierres et bien-\u00eatre\"}]},{\"@type\":\"WebSite\",\"@id\":\"https:\\\/\\\/www.bijoux-pierres-et-bien-etre.com\\\/#website\",\"url\":\"https:\\\/\\\/www.bijoux-pierres-et-bien-etre.com\\\/\",\"name\":\"LA BOUTIQUE BIJOUX, PIERRES ET BIEN-\u00caTRE.\",\"description\":\"\",\"publisher\":{\"@id\":\"https:\\\/\\\/www.bijoux-pierres-et-bien-etre.com\\\/#organization\"},\"potentialAction\":[{\"@type\":\"SearchAction\",\"target\":{\"@type\":\"EntryPoint\",\"urlTemplate\":\"https:\\\/\\\/www.bijoux-pierres-et-bien-etre.com\\\/?s={search_term_string}\"},\"query-input\":{\"@type\":\"PropertyValueSpecification\",\"valueRequired\":true,\"valueName\":\"search_term_string\"}}],\"inLanguage\":\"fr-FR\"},{\"@type\":\"Organization\",\"@id\":\"https:\\\/\\\/www.bijoux-pierres-et-bien-etre.com\\\/#organization\",\"name\":\"Bijoux, Pierres et Bien-\u00eatre\",\"url\":\"https:\\\/\\\/www.bijoux-pierres-et-bien-etre.com\\\/\",\"logo\":{\"@type\":\"ImageObject\",\"inLanguage\":\"fr-FR\",\"@id\":\"https:\\\/\\\/www.bijoux-pierres-et-bien-etre.com\\\/#\\\/schema\\\/logo\\\/image\\\/\",\"url\":\"https:\\\/\\\/www.bijoux-pierres-et-bien-etre.com\\\/wp-content\\\/uploads\\\/2021\\\/03\\\/logo-transparent-wordpress-1.png\",\"contentUrl\":\"https:\\\/\\\/www.bijoux-pierres-et-bien-etre.com\\\/wp-content\\\/uploads\\\/2021\\\/03\\\/logo-transparent-wordpress-1.png\",\"width\":148,\"height\":200,\"caption\":\"Bijoux, Pierres et Bien-\u00eatre\"},\"image\":{\"@id\":\"https:\\\/\\\/www.bijoux-pierres-et-bien-etre.com\\\/#\\\/schema\\\/logo\\\/image\\\/\"},\"sameAs\":[\"https:\\\/\\\/www.facebook.com\\\/people\\\/Crations-MaLitho-de-chez-Bijoux-pierres-et-bien-tre\\\/100063194591855\\\/\",\"https:\\\/\\\/www.instagram.com\\\/nathaliepascalefourmaux\\\/\"]}]}<\/script>\n<!-- \/ Yoast SEO plugin. -->","yoast_head_json":{"title":"Bracelet de PROTECTION en LARME D'APACHE (OBSIDIENNE FUM\u00c9E) de chez Bijoux pierres et bien-\u00eatre -","robots":{"index":"index","follow":"follow","max-snippet":"max-snippet:-1","max-image-preview":"max-image-preview:large","max-video-preview":"max-video-preview:-1"},"canonical":"https:\/\/www.bijoux-pierres-et-bien-etre.com\/?product=produit","og_locale":"fr_FR","og_type":"article","og_title":"Bracelet de PROTECTION en LARME D'APACHE (OBSIDIENNE FUM\u00c9E) de chez Bijoux pierres et bien-\u00eatre -","og_description":"Bracelet de HAUTE PROTECTION en LARME D\u2019APACHE (OBSIDIENNE FUM\u00c9E) notamment contre les forces obscures\u2026 en taille standard de 18-19 cm environ (bracelet fini). Correspond \u00e0 un contour de poignet bien serr\u00e9 entre 15,5 et 17,5 cm environ. Pour une autre taille faite \u00e0 vos mesures me contacter par \u260e au 06 36 41 95 68. Existe \u00e9galement en pendentif, en collier ou boucles d'oreilles (me contacter \u00e9galement par t\u00e9l\u00e9phone). LA LARME D\u2019APACHE VOUS PROTEGE ET REPOUSSE LES ONDES N\u00c9GATIVES, DEBLOQUE LES CHOCS DE LA VIE EN DOUCEUR, (on peut la donner au enfants), ABSORDE VOS LARMES POUR VOUS REDONNER LA JOIE ET LA POSITIVIT\u00c9\u2026 (voir les vertus et bienfaits de la LARME D\u2019APACHE en description ci-dessous en page correspondante). Je conseil au d\u00e9but de le porter de jour en jour progressivement. C\u2019 est une pierre douce que l\u2019on peut faire porter aux enfants mais tr\u00e8s puissante. Commencer \u00e0 le porter la premi\u00e8re journ\u00e9e 1h voir 2h puis de jour en jour augmenter la durer de pose \u00e0 votre bras pendant une huitaine de jours environ pour habituer le bracelet \u00e0 votre \u00e9nergie. ATTENTION : l\u2019utilisation des Min\u00e9raux en Lithoth\u00e9rapie n\u2019exclut en aucun cas la poursuite d\u2019un traitement m\u00e9dical et la consultation d\u2019un m\u00e9decin. C\u2019est un compl\u00e9ment et non un m\u00e9dicament. Magasin BIJOUX, PIERRES ET BIEN-\u00caTRE sp\u00e9cialiste en lithoth\u00e9rapie, min\u00e9raux, cr\u00e9ation artisanale de bijoux sur mesures \u00e0 la main \u00bbMaLitho \u00bb. Magasin de pierres du Nord de la France (Somme, Picardie, Haut de France \u00e0 Albert dans le 80 entre Amiens, Bapaume et P\u00e9ronne).","og_url":"https:\/\/www.bijoux-pierres-et-bien-etre.com\/?product=produit","article_publisher":"https:\/\/www.facebook.com\/people\/Crations-MaLitho-de-chez-Bijoux-pierres-et-bien-tre\/100063194591855\/","article_modified_time":"2026-02-19T23:00:56+00:00","og_image":[{"width":2199,"height":2560,"url":"https:\/\/www.bijoux-pierres-et-bien-etre.com\/wp-content\/uploads\/2021\/08\/bracelet_larme_apache_bijou_pierre_et_bien_etre_bijoux_pierres_magasin_boutique_albert_somme-scaled.jpg","type":"image\/jpeg"}],"twitter_card":"summary_large_image","twitter_misc":{"Dur\u00e9e de lecture estim\u00e9e":"4 minutes"},"schema":{"@context":"https:\/\/schema.org","@graph":[{"@type":"WebPage","@id":"https:\/\/www.bijoux-pierres-et-bien-etre.com\/?product=produit","url":"https:\/\/www.bijoux-pierres-et-bien-etre.com\/?product=produit","name":"Bracelet de PROTECTION en LARME D'APACHE (OBSIDIENNE FUM\u00c9E) de chez Bijoux pierres et bien-\u00eatre -","isPartOf":{"@id":"https:\/\/www.bijoux-pierres-et-bien-etre.com\/#website"},"primaryImageOfPage":{"@id":"https:\/\/www.bijoux-pierres-et-bien-etre.com\/?product=produit#primaryimage"},"image":{"@id":"https:\/\/www.bijoux-pierres-et-bien-etre.com\/?product=produit#primaryimage"},"thumbnailUrl":"https:\/\/www.bijoux-pierres-et-bien-etre.com\/wp-content\/uploads\/2021\/08\/bracelet_larme_apache_bijou_pierre_et_bien_etre_bijoux_pierres_magasin_boutique_albert_somme-scaled.jpg","datePublished":"2021-08-01T11:05:22+00:00","dateModified":"2026-02-19T23:00:56+00:00","breadcrumb":{"@id":"https:\/\/www.bijoux-pierres-et-bien-etre.com\/?product=produit#breadcrumb"},"inLanguage":"fr-FR","potentialAction":[{"@type":"ReadAction","target":["https:\/\/www.bijoux-pierres-et-bien-etre.com\/?product=produit"]}]},{"@type":"ImageObject","inLanguage":"fr-FR","@id":"https:\/\/www.bijoux-pierres-et-bien-etre.com\/?product=produit#primaryimage","url":"https:\/\/www.bijoux-pierres-et-bien-etre.com\/wp-content\/uploads\/2021\/08\/bracelet_larme_apache_bijou_pierre_et_bien_etre_bijoux_pierres_magasin_boutique_albert_somme-scaled.jpg","contentUrl":"https:\/\/www.bijoux-pierres-et-bien-etre.com\/wp-content\/uploads\/2021\/08\/bracelet_larme_apache_bijou_pierre_et_bien_etre_bijoux_pierres_magasin_boutique_albert_somme-scaled.jpg","width":2199,"height":2560},{"@type":"BreadcrumbList","@id":"https:\/\/www.bijoux-pierres-et-bien-etre.com\/?product=produit#breadcrumb","itemListElement":[{"@type":"ListItem","position":1,"name":"Accueil","item":"https:\/\/www.bijoux-pierres-et-bien-etre.com\/"},{"@type":"ListItem","position":2,"name":"Boutique","item":"https:\/\/www.bijoux-pierres-et-bien-etre.com\/?page_id=66"},{"@type":"ListItem","position":3,"name":"Bracelet de PROTECTION en LARME D&#8217;APACHE (OBSIDIENNE FUM\u00c9E) de chez Bijoux pierres et bien-\u00eatre"}]},{"@type":"WebSite","@id":"https:\/\/www.bijoux-pierres-et-bien-etre.com\/#website","url":"https:\/\/www.bijoux-pierres-et-bien-etre.com\/","name":"LA BOUTIQUE BIJOUX, PIERRES ET BIEN-\u00caTRE.","description":"","publisher":{"@id":"https:\/\/www.bijoux-pierres-et-bien-etre.com\/#organization"},"potentialAction":[{"@type":"SearchAction","target":{"@type":"EntryPoint","urlTemplate":"https:\/\/www.bijoux-pierres-et-bien-etre.com\/?s={search_term_string}"},"query-input":{"@type":"PropertyValueSpecification","valueRequired":true,"valueName":"search_term_string"}}],"inLanguage":"fr-FR"},{"@type":"Organization","@id":"https:\/\/www.bijoux-pierres-et-bien-etre.com\/#organization","name":"Bijoux, Pierres et Bien-\u00eatre","url":"https:\/\/www.bijoux-pierres-et-bien-etre.com\/","logo":{"@type":"ImageObject","inLanguage":"fr-FR","@id":"https:\/\/www.bijoux-pierres-et-bien-etre.com\/#\/schema\/logo\/image\/","url":"https:\/\/www.bijoux-pierres-et-bien-etre.com\/wp-content\/uploads\/2021\/03\/logo-transparent-wordpress-1.png","contentUrl":"https:\/\/www.bijoux-pierres-et-bien-etre.com\/wp-content\/uploads\/2021\/03\/logo-transparent-wordpress-1.png","width":148,"height":200,"caption":"Bijoux, Pierres et Bien-\u00eatre"},"image":{"@id":"https:\/\/www.bijoux-pierres-et-bien-etre.com\/#\/schema\/logo\/image\/"},"sameAs":["https:\/\/www.facebook.com\/people\/Crations-MaLitho-de-chez-Bijoux-pierres-et-bien-tre\/100063194591855\/","https:\/\/www.instagram.com\/nathaliepascalefourmaux\/"]}]}},"jetpack-related-posts":[],"jetpack_sharing_enabled":true,"_links":{"self":[{"href":"https:\/\/www.bijoux-pierres-et-bien-etre.com\/index.php?rest_route=\/wp\/v2\/product\/998","targetHints":{"allow":["GET"]}}],"collection":[{"href":"https:\/\/www.bijoux-pierres-et-bien-etre.com\/index.php?rest_route=\/wp\/v2\/product"}],"about":[{"href":"https:\/\/www.bijoux-pierres-et-bien-etre.com\/index.php?rest_route=\/wp\/v2\/types\/product"}],"wp:featuredmedia":[{"embeddable":true,"href":"https:\/\/www.bijoux-pierres-et-bien-etre.com\/index.php?rest_route=\/wp\/v2\/media\/2100"}],"wp:attachment":[{"href":"https:\/\/www.bijoux-pierres-et-bien-etre.com\/index.php?rest_route=%2Fwp%2Fv2%2Fmedia&parent=998"}],"wp:term":[{"taxonomy":"product_brand","embeddable":true,"href":"https:\/\/www.bijoux-pierres-et-bien-etre.com\/index.php?rest_route=%2Fwp%2Fv2%2Fproduct_brand&post=998"},{"taxonomy":"product_cat","embeddable":true,"href":"https:\/\/www.bijoux-pierres-et-bien-etre.com\/index.php?rest_route=%2Fwp%2Fv2%2Fproduct_cat&post=998"},{"taxonomy":"product_tag","embeddable":true,"href":"https:\/\/www.bijoux-pierres-et-bien-etre.com\/index.php?rest_route=%2Fwp%2Fv2%2Fproduct_tag&post=998"}],"curies":[{"name":"wp","href":"https:\/\/api.w.org\/{rel}","templated":true}]}}