{"id":71,"date":"2021-03-12T17:22:21","date_gmt":"2021-03-12T16:22:21","guid":{"rendered":"https:\/\/www.bijoux-pierres-et-bien-etre.com\/produit\/hoodie-with-logo\/"},"modified":"2025-06-20T12:00:44","modified_gmt":"2025-06-20T10:00:44","slug":"hoodie-with-logo","status":"publish","type":"product","link":"https:\/\/www.bijoux-pierres-et-bien-etre.com\/?product=hoodie-with-logo","title":{"rendered":"Collier de haute protection, chance et douleurs cr\u00e9ation artisanale \u00a0\u00bbMaLitho\u00a0\u00bb de chez Bijoux, pierres et bien-\u00eatre"},"content":{"rendered":"<p style=\"text-align: left;\">\u00a0Je vous propose ce<strong> COLLIER DE TRES HAUTE PROTECTION, CHANCE, DOULEUR, DETENTE, DEBLOQUAGE DES CHOCS<\/strong> <strong>PSYCHOLOGIQUES, CONFIANCE EN<\/strong> <strong>SOI.<\/strong> Compos\u00e9 <strong>\u00a0DE LARME D&rsquo;APACHE , OEIL DE TIGRE , SPINELLE NOIR ,\u00a0 MAGNETITE , HEMATITE<\/strong>\u00a0 en perles naturelles ( Voir la description des vertus et bienfaits des pierres, mes petits conseils et les purifications et rechargements\u00a0 dans les pages correspondantes.) <strong>Collection MaLitho de chez Bijoux, pierres et bien-\u00eatre.\u00a0 CR\u00c9ATION ARTISANALE FRANCAISE.<\/strong> Le collier pr\u00e9sent\u00e9 sur la photo est en 60 cm pour les tailles inf\u00e9rieurs ou sup\u00e9rieurs le collier sera un peu diff\u00e9rent en fonction du nombre de perles n\u00e9cessaire \u00e0 la confection.\u00a0 PHOTO NON CONTRACTUELLE<\/p>\n<ul>\n<li style=\"text-align: left;\">\n<header class=\"woocommerce-products-header\">\n<div class=\"term-description\">\n<p><strong>ATTENTION : l\u2019utilisation des Min\u00e9raux en Lithoth\u00e9rapie n\u2019exclut en aucun cas la poursuite d\u2019un traitement m\u00e9dical et la consultation d\u2019un m\u00e9decin. C\u2019est un compl\u00e9ment et non un m\u00e9dicament.<\/strong><\/p>\n<p><strong>Magasin BIJOUX, PIERRES ET BIEN-\u00caTRE sp\u00e9cialiste en lithoth\u00e9rapie, min\u00e9raux, cr\u00e9ation artisanale de bijoux sur mesures \u00e0 la main \u00bbMaLitho \u00bb. Magasin de pierres du Nord de la France (Somme, Picardie, Haut de France \u00e0 Albert dans le 80 entre Amiens, Bapaume et P\u00e9ronne).<\/strong><\/p>\n<\/div>\n<\/header>\n<div class=\"storefront-sorting\">\n<div class=\"woocommerce-notices-wrapper\"><\/div>\n<\/div>\n<\/li>\n<\/ul>\n","protected":false},"excerpt":{"rendered":"<p>\u00a0Je vous propose ce COLLIER DE TRES HAUTE PROTECTION, CHANCE, DOULEUR, DETENTE, DEBLOQUAGE DES CHOCS PSYCHOLOGIQUES, CONFIANCE EN SOI. Compos\u00e9 \u00a0DE LARME D&rsquo;APACHE , OEIL DE TIGRE , SPINELLE NOIR ,\u00a0 MAGNETITE , HEMATITE\u00a0 en perles naturelles ( Voir la description des vertus et bienfaits des pierres, mes petits conseils et les purifications et rechargements\u00a0 dans les pages correspondantes.) Collection [&hellip;]<\/p>\n","protected":false},"featured_media":310,"template":"","meta":{"_uag_custom_page_level_css":""},"product_brand":[194],"product_cat":[152,47,163,149,164,53,51],"product_tag":[192],"class_list":{"0":"post-71","1":"product","2":"type-product","3":"status-publish","4":"has-post-thumbnail","6":"product_brand-malitho_artisanal_frabication_francaise","7":"product_cat-hematite_naturelle_et_hematite_magnetique_aimantee_proprietes_bienfaits","8":"product_cat-magnetite-pierre-aimant-naturelle-chance-pierre-du-nord-proprietes-bienfaits","9":"product_cat-larme_d_apache_vertu_bienfait_des_pierres_lithotherapie_bijou_pierre_bien-etre_albert_somme_picardie_creation_personnalise_malitho","10":"product_cat-oeil_de_tigre_proprietes_bienfaits","11":"product_cat-spinelle-noir","12":"product_cat-bijoux-creations-sur-mesure-malitho-de-chez-bijoux-pierres-et-bien-etre","13":"product_cat-colliers-creations-sur-mesure-malitho-faits-artisanalement-a-la-main","14":"product_tag-spinelle_noir","15":"pa_taille-collier-43-cm-avec-chainette-4-cm","16":"pa_taille-collier-45-cm-avec-chainette-d-extention-de-4-cm","17":"pa_taille-collier-50-cm-avec-chainette-d-extention-de-4-cm","18":"pa_taille-collier-55-cm-avec-chainette-d-extention-de-4-cm","19":"pa_taille-collier-60-cm-avec-chainette-d-extention-de-4-cm","20":"pa_taille-collier-65-cm-avec-chainette-d-extention-de-4-cm","21":"pa_taille-collier-70-cm-avec-chainette-d-extention-de-4-cm","23":"first","24":"instock","25":"shipping-taxable","26":"purchasable","27":"product-type-variable"},"yoast_head":"<!-- This site is optimized with the Yoast SEO plugin v27.6 - https:\/\/yoast.com\/product\/yoast-seo-wordpress\/ -->\n<title>Collier de haute protection, chance et douleurs cr\u00e9ation artisanale &#039;&#039;MaLitho&#039;&#039; de chez Bijoux, pierres et bien-\u00eatre -<\/title>\n<meta name=\"robots\" content=\"index, follow, max-snippet:-1, max-image-preview:large, max-video-preview:-1\" \/>\n<link rel=\"canonical\" href=\"https:\/\/www.bijoux-pierres-et-bien-etre.com\/?product=hoodie-with-logo\" \/>\n<meta property=\"og:locale\" content=\"fr_FR\" \/>\n<meta property=\"og:type\" content=\"article\" \/>\n<meta property=\"og:title\" content=\"Collier de haute protection, chance et douleurs cr\u00e9ation artisanale &#039;&#039;MaLitho&#039;&#039; de chez Bijoux, pierres et bien-\u00eatre -\" \/>\n<meta property=\"og:description\" content=\"\u00a0Je vous propose ce COLLIER DE TRES HAUTE PROTECTION, CHANCE, DOULEUR, DETENTE, DEBLOQUAGE DES CHOCS PSYCHOLOGIQUES, CONFIANCE EN SOI. Compos\u00e9 \u00a0DE LARME D&rsquo;APACHE , OEIL DE TIGRE , SPINELLE NOIR ,\u00a0 MAGNETITE , HEMATITE\u00a0 en perles naturelles ( Voir la description des vertus et bienfaits des pierres, mes petits conseils et les purifications et rechargements\u00a0 dans les pages correspondantes.) Collection [&hellip;]\" \/>\n<meta property=\"og:url\" content=\"https:\/\/www.bijoux-pierres-et-bien-etre.com\/?product=hoodie-with-logo\" \/>\n<meta property=\"article:publisher\" content=\"https:\/\/www.facebook.com\/people\/Crations-MaLitho-de-chez-Bijoux-pierres-et-bien-tre\/100063194591855\/\" \/>\n<meta property=\"article:modified_time\" content=\"2025-06-20T10:00:44+00:00\" \/>\n<meta property=\"og:image\" content=\"https:\/\/www.bijoux-pierres-et-bien-etre.com\/wp-content\/uploads\/2021\/03\/Lumii_20210425_133554800-scaled.jpg\" \/>\n\t<meta property=\"og:image:width\" content=\"2110\" \/>\n\t<meta property=\"og:image:height\" content=\"2560\" \/>\n\t<meta property=\"og:image:type\" content=\"image\/jpeg\" \/>\n<meta name=\"twitter:card\" content=\"summary_large_image\" \/>\n<meta name=\"twitter:label1\" content=\"Dur\u00e9e de lecture estim\u00e9e\" \/>\n\t<meta name=\"twitter:data1\" content=\"2 minutes\" \/>\n<script type=\"application\/ld+json\" class=\"yoast-schema-graph\">{\"@context\":\"https:\\\/\\\/schema.org\",\"@graph\":[{\"@type\":\"WebPage\",\"@id\":\"https:\\\/\\\/www.bijoux-pierres-et-bien-etre.com\\\/?product=hoodie-with-logo\",\"url\":\"https:\\\/\\\/www.bijoux-pierres-et-bien-etre.com\\\/?product=hoodie-with-logo\",\"name\":\"Collier de haute protection, chance et douleurs cr\u00e9ation artisanale ''MaLitho'' de chez Bijoux, pierres et bien-\u00eatre -\",\"isPartOf\":{\"@id\":\"https:\\\/\\\/www.bijoux-pierres-et-bien-etre.com\\\/#website\"},\"primaryImageOfPage\":{\"@id\":\"https:\\\/\\\/www.bijoux-pierres-et-bien-etre.com\\\/?product=hoodie-with-logo#primaryimage\"},\"image\":{\"@id\":\"https:\\\/\\\/www.bijoux-pierres-et-bien-etre.com\\\/?product=hoodie-with-logo#primaryimage\"},\"thumbnailUrl\":\"https:\\\/\\\/www.bijoux-pierres-et-bien-etre.com\\\/wp-content\\\/uploads\\\/2021\\\/03\\\/Lumii_20210425_133554800-scaled.jpg\",\"datePublished\":\"2021-03-12T16:22:21+00:00\",\"dateModified\":\"2025-06-20T10:00:44+00:00\",\"breadcrumb\":{\"@id\":\"https:\\\/\\\/www.bijoux-pierres-et-bien-etre.com\\\/?product=hoodie-with-logo#breadcrumb\"},\"inLanguage\":\"fr-FR\",\"potentialAction\":[{\"@type\":\"ReadAction\",\"target\":[\"https:\\\/\\\/www.bijoux-pierres-et-bien-etre.com\\\/?product=hoodie-with-logo\"]}]},{\"@type\":\"ImageObject\",\"inLanguage\":\"fr-FR\",\"@id\":\"https:\\\/\\\/www.bijoux-pierres-et-bien-etre.com\\\/?product=hoodie-with-logo#primaryimage\",\"url\":\"https:\\\/\\\/www.bijoux-pierres-et-bien-etre.com\\\/wp-content\\\/uploads\\\/2021\\\/03\\\/Lumii_20210425_133554800-scaled.jpg\",\"contentUrl\":\"https:\\\/\\\/www.bijoux-pierres-et-bien-etre.com\\\/wp-content\\\/uploads\\\/2021\\\/03\\\/Lumii_20210425_133554800-scaled.jpg\",\"width\":2110,\"height\":2560},{\"@type\":\"BreadcrumbList\",\"@id\":\"https:\\\/\\\/www.bijoux-pierres-et-bien-etre.com\\\/?product=hoodie-with-logo#breadcrumb\",\"itemListElement\":[{\"@type\":\"ListItem\",\"position\":1,\"name\":\"Accueil\",\"item\":\"https:\\\/\\\/www.bijoux-pierres-et-bien-etre.com\\\/\"},{\"@type\":\"ListItem\",\"position\":2,\"name\":\"Boutique\",\"item\":\"https:\\\/\\\/www.bijoux-pierres-et-bien-etre.com\\\/?page_id=66\"},{\"@type\":\"ListItem\",\"position\":3,\"name\":\"Collier de haute protection, chance et douleurs cr\u00e9ation artisanale &#8221;MaLitho&#8221; de chez Bijoux, pierres et bien-\u00eatre\"}]},{\"@type\":\"WebSite\",\"@id\":\"https:\\\/\\\/www.bijoux-pierres-et-bien-etre.com\\\/#website\",\"url\":\"https:\\\/\\\/www.bijoux-pierres-et-bien-etre.com\\\/\",\"name\":\"LA BOUTIQUE BIJOUX, PIERRES ET BIEN-\u00caTRE.\",\"description\":\"\",\"publisher\":{\"@id\":\"https:\\\/\\\/www.bijoux-pierres-et-bien-etre.com\\\/#organization\"},\"potentialAction\":[{\"@type\":\"SearchAction\",\"target\":{\"@type\":\"EntryPoint\",\"urlTemplate\":\"https:\\\/\\\/www.bijoux-pierres-et-bien-etre.com\\\/?s={search_term_string}\"},\"query-input\":{\"@type\":\"PropertyValueSpecification\",\"valueRequired\":true,\"valueName\":\"search_term_string\"}}],\"inLanguage\":\"fr-FR\"},{\"@type\":\"Organization\",\"@id\":\"https:\\\/\\\/www.bijoux-pierres-et-bien-etre.com\\\/#organization\",\"name\":\"Bijoux, Pierres et Bien-\u00eatre\",\"url\":\"https:\\\/\\\/www.bijoux-pierres-et-bien-etre.com\\\/\",\"logo\":{\"@type\":\"ImageObject\",\"inLanguage\":\"fr-FR\",\"@id\":\"https:\\\/\\\/www.bijoux-pierres-et-bien-etre.com\\\/#\\\/schema\\\/logo\\\/image\\\/\",\"url\":\"https:\\\/\\\/www.bijoux-pierres-et-bien-etre.com\\\/wp-content\\\/uploads\\\/2021\\\/03\\\/logo-transparent-wordpress-1.png\",\"contentUrl\":\"https:\\\/\\\/www.bijoux-pierres-et-bien-etre.com\\\/wp-content\\\/uploads\\\/2021\\\/03\\\/logo-transparent-wordpress-1.png\",\"width\":148,\"height\":200,\"caption\":\"Bijoux, Pierres et Bien-\u00eatre\"},\"image\":{\"@id\":\"https:\\\/\\\/www.bijoux-pierres-et-bien-etre.com\\\/#\\\/schema\\\/logo\\\/image\\\/\"},\"sameAs\":[\"https:\\\/\\\/www.facebook.com\\\/people\\\/Crations-MaLitho-de-chez-Bijoux-pierres-et-bien-tre\\\/100063194591855\\\/\",\"https:\\\/\\\/www.instagram.com\\\/nathaliepascalefourmaux\\\/\"]}]}<\/script>\n<!-- \/ Yoast SEO plugin. -->","yoast_head_json":{"title":"Collier de haute protection, chance et douleurs cr\u00e9ation artisanale ''MaLitho'' de chez Bijoux, pierres et bien-\u00eatre -","robots":{"index":"index","follow":"follow","max-snippet":"max-snippet:-1","max-image-preview":"max-image-preview:large","max-video-preview":"max-video-preview:-1"},"canonical":"https:\/\/www.bijoux-pierres-et-bien-etre.com\/?product=hoodie-with-logo","og_locale":"fr_FR","og_type":"article","og_title":"Collier de haute protection, chance et douleurs cr\u00e9ation artisanale ''MaLitho'' de chez Bijoux, pierres et bien-\u00eatre -","og_description":"\u00a0Je vous propose ce COLLIER DE TRES HAUTE PROTECTION, CHANCE, DOULEUR, DETENTE, DEBLOQUAGE DES CHOCS PSYCHOLOGIQUES, CONFIANCE EN SOI. Compos\u00e9 \u00a0DE LARME D&rsquo;APACHE , OEIL DE TIGRE , SPINELLE NOIR ,\u00a0 MAGNETITE , HEMATITE\u00a0 en perles naturelles ( Voir la description des vertus et bienfaits des pierres, mes petits conseils et les purifications et rechargements\u00a0 dans les pages correspondantes.) Collection [&hellip;]","og_url":"https:\/\/www.bijoux-pierres-et-bien-etre.com\/?product=hoodie-with-logo","article_publisher":"https:\/\/www.facebook.com\/people\/Crations-MaLitho-de-chez-Bijoux-pierres-et-bien-tre\/100063194591855\/","article_modified_time":"2025-06-20T10:00:44+00:00","og_image":[{"width":2110,"height":2560,"url":"https:\/\/www.bijoux-pierres-et-bien-etre.com\/wp-content\/uploads\/2021\/03\/Lumii_20210425_133554800-scaled.jpg","type":"image\/jpeg"}],"twitter_card":"summary_large_image","twitter_misc":{"Dur\u00e9e de lecture estim\u00e9e":"2 minutes"},"schema":{"@context":"https:\/\/schema.org","@graph":[{"@type":"WebPage","@id":"https:\/\/www.bijoux-pierres-et-bien-etre.com\/?product=hoodie-with-logo","url":"https:\/\/www.bijoux-pierres-et-bien-etre.com\/?product=hoodie-with-logo","name":"Collier de haute protection, chance et douleurs cr\u00e9ation artisanale ''MaLitho'' de chez Bijoux, pierres et bien-\u00eatre -","isPartOf":{"@id":"https:\/\/www.bijoux-pierres-et-bien-etre.com\/#website"},"primaryImageOfPage":{"@id":"https:\/\/www.bijoux-pierres-et-bien-etre.com\/?product=hoodie-with-logo#primaryimage"},"image":{"@id":"https:\/\/www.bijoux-pierres-et-bien-etre.com\/?product=hoodie-with-logo#primaryimage"},"thumbnailUrl":"https:\/\/www.bijoux-pierres-et-bien-etre.com\/wp-content\/uploads\/2021\/03\/Lumii_20210425_133554800-scaled.jpg","datePublished":"2021-03-12T16:22:21+00:00","dateModified":"2025-06-20T10:00:44+00:00","breadcrumb":{"@id":"https:\/\/www.bijoux-pierres-et-bien-etre.com\/?product=hoodie-with-logo#breadcrumb"},"inLanguage":"fr-FR","potentialAction":[{"@type":"ReadAction","target":["https:\/\/www.bijoux-pierres-et-bien-etre.com\/?product=hoodie-with-logo"]}]},{"@type":"ImageObject","inLanguage":"fr-FR","@id":"https:\/\/www.bijoux-pierres-et-bien-etre.com\/?product=hoodie-with-logo#primaryimage","url":"https:\/\/www.bijoux-pierres-et-bien-etre.com\/wp-content\/uploads\/2021\/03\/Lumii_20210425_133554800-scaled.jpg","contentUrl":"https:\/\/www.bijoux-pierres-et-bien-etre.com\/wp-content\/uploads\/2021\/03\/Lumii_20210425_133554800-scaled.jpg","width":2110,"height":2560},{"@type":"BreadcrumbList","@id":"https:\/\/www.bijoux-pierres-et-bien-etre.com\/?product=hoodie-with-logo#breadcrumb","itemListElement":[{"@type":"ListItem","position":1,"name":"Accueil","item":"https:\/\/www.bijoux-pierres-et-bien-etre.com\/"},{"@type":"ListItem","position":2,"name":"Boutique","item":"https:\/\/www.bijoux-pierres-et-bien-etre.com\/?page_id=66"},{"@type":"ListItem","position":3,"name":"Collier de haute protection, chance et douleurs cr\u00e9ation artisanale &#8221;MaLitho&#8221; de chez Bijoux, pierres et bien-\u00eatre"}]},{"@type":"WebSite","@id":"https:\/\/www.bijoux-pierres-et-bien-etre.com\/#website","url":"https:\/\/www.bijoux-pierres-et-bien-etre.com\/","name":"LA BOUTIQUE BIJOUX, PIERRES ET BIEN-\u00caTRE.","description":"","publisher":{"@id":"https:\/\/www.bijoux-pierres-et-bien-etre.com\/#organization"},"potentialAction":[{"@type":"SearchAction","target":{"@type":"EntryPoint","urlTemplate":"https:\/\/www.bijoux-pierres-et-bien-etre.com\/?s={search_term_string}"},"query-input":{"@type":"PropertyValueSpecification","valueRequired":true,"valueName":"search_term_string"}}],"inLanguage":"fr-FR"},{"@type":"Organization","@id":"https:\/\/www.bijoux-pierres-et-bien-etre.com\/#organization","name":"Bijoux, Pierres et Bien-\u00eatre","url":"https:\/\/www.bijoux-pierres-et-bien-etre.com\/","logo":{"@type":"ImageObject","inLanguage":"fr-FR","@id":"https:\/\/www.bijoux-pierres-et-bien-etre.com\/#\/schema\/logo\/image\/","url":"https:\/\/www.bijoux-pierres-et-bien-etre.com\/wp-content\/uploads\/2021\/03\/logo-transparent-wordpress-1.png","contentUrl":"https:\/\/www.bijoux-pierres-et-bien-etre.com\/wp-content\/uploads\/2021\/03\/logo-transparent-wordpress-1.png","width":148,"height":200,"caption":"Bijoux, Pierres et Bien-\u00eatre"},"image":{"@id":"https:\/\/www.bijoux-pierres-et-bien-etre.com\/#\/schema\/logo\/image\/"},"sameAs":["https:\/\/www.facebook.com\/people\/Crations-MaLitho-de-chez-Bijoux-pierres-et-bien-tre\/100063194591855\/","https:\/\/www.instagram.com\/nathaliepascalefourmaux\/"]}]}},"uagb_featured_image_src":{"full":["https:\/\/www.bijoux-pierres-et-bien-etre.com\/wp-content\/uploads\/2021\/03\/Lumii_20210425_133554800-scaled.jpg",2110,2560,false],"thumbnail":["https:\/\/www.bijoux-pierres-et-bien-etre.com\/wp-content\/uploads\/2021\/03\/Lumii_20210425_133554800-150x150.jpg",150,150,true],"medium":["https:\/\/www.bijoux-pierres-et-bien-etre.com\/wp-content\/uploads\/2021\/03\/Lumii_20210425_133554800-247x300.jpg",247,300,true],"medium_large":["https:\/\/www.bijoux-pierres-et-bien-etre.com\/wp-content\/uploads\/2021\/03\/Lumii_20210425_133554800-768x932.jpg",720,874,true],"large":["https:\/\/www.bijoux-pierres-et-bien-etre.com\/wp-content\/uploads\/2021\/03\/Lumii_20210425_133554800-844x1024.jpg",720,874,true],"1536x1536":["https:\/\/www.bijoux-pierres-et-bien-etre.com\/wp-content\/uploads\/2021\/03\/Lumii_20210425_133554800-1266x1536.jpg",1266,1536,true],"2048x2048":["https:\/\/www.bijoux-pierres-et-bien-etre.com\/wp-content\/uploads\/2021\/03\/Lumii_20210425_133554800-1688x2048.jpg",1688,2048,true],"hello-shoppable-1920-550":["https:\/\/www.bijoux-pierres-et-bien-etre.com\/wp-content\/uploads\/2021\/03\/Lumii_20210425_133554800-scaled.jpg",453,550,false],"hello-shoppable-1370-790":["https:\/\/www.bijoux-pierres-et-bien-etre.com\/wp-content\/uploads\/2021\/03\/Lumii_20210425_133554800-scaled.jpg",651,790,false],"hello-shoppable-1370-550":["https:\/\/www.bijoux-pierres-et-bien-etre.com\/wp-content\/uploads\/2021\/03\/Lumii_20210425_133554800-scaled.jpg",453,550,false],"hello-shoppable-730-90":["https:\/\/www.bijoux-pierres-et-bien-etre.com\/wp-content\/uploads\/2021\/03\/Lumii_20210425_133554800-scaled.jpg",74,90,false],"hello-shoppable-420-300":["https:\/\/www.bijoux-pierres-et-bien-etre.com\/wp-content\/uploads\/2021\/03\/Lumii_20210425_133554800-scaled.jpg",247,300,false],"woocommerce_thumbnail":["https:\/\/www.bijoux-pierres-et-bien-etre.com\/wp-content\/uploads\/2021\/03\/Lumii_20210425_133554800-scaled-300x300.jpg",300,300,true],"woocommerce_single":["https:\/\/www.bijoux-pierres-et-bien-etre.com\/wp-content\/uploads\/2021\/03\/Lumii_20210425_133554800-scaled-600x728.jpg",600,728,true],"woocommerce_gallery_thumbnail":["https:\/\/www.bijoux-pierres-et-bien-etre.com\/wp-content\/uploads\/2021\/03\/Lumii_20210425_133554800-scaled-100x100.jpg",100,100,true]},"uagb_author_info":{"display_name":"Nathalie Fourmaux","author_link":"https:\/\/www.bijoux-pierres-et-bien-etre.com\/?author=0"},"uagb_comment_info":0,"uagb_excerpt":"\u00a0Je vous propose ce COLLIER DE TRES HAUTE PROTECTION, CHANCE, DOULEUR, DETENTE, DEBLOQUAGE DES CHOCS PSYCHOLOGIQUES, CONFIANCE EN SOI. Compos\u00e9 \u00a0DE LARME D&rsquo;APACHE , OEIL DE TIGRE , SPINELLE NOIR ,\u00a0 MAGNETITE , HEMATITE\u00a0 en perles naturelles ( Voir la description des vertus et bienfaits des pierres, mes petits conseils et les purifications et rechargements\u00a0\u2026","jetpack-related-posts":[],"jetpack_sharing_enabled":true,"_links":{"self":[{"href":"https:\/\/www.bijoux-pierres-et-bien-etre.com\/index.php?rest_route=\/wp\/v2\/product\/71","targetHints":{"allow":["GET"]}}],"collection":[{"href":"https:\/\/www.bijoux-pierres-et-bien-etre.com\/index.php?rest_route=\/wp\/v2\/product"}],"about":[{"href":"https:\/\/www.bijoux-pierres-et-bien-etre.com\/index.php?rest_route=\/wp\/v2\/types\/product"}],"wp:featuredmedia":[{"embeddable":true,"href":"https:\/\/www.bijoux-pierres-et-bien-etre.com\/index.php?rest_route=\/wp\/v2\/media\/310"}],"wp:attachment":[{"href":"https:\/\/www.bijoux-pierres-et-bien-etre.com\/index.php?rest_route=%2Fwp%2Fv2%2Fmedia&parent=71"}],"wp:term":[{"taxonomy":"product_brand","embeddable":true,"href":"https:\/\/www.bijoux-pierres-et-bien-etre.com\/index.php?rest_route=%2Fwp%2Fv2%2Fproduct_brand&post=71"},{"taxonomy":"product_cat","embeddable":true,"href":"https:\/\/www.bijoux-pierres-et-bien-etre.com\/index.php?rest_route=%2Fwp%2Fv2%2Fproduct_cat&post=71"},{"taxonomy":"product_tag","embeddable":true,"href":"https:\/\/www.bijoux-pierres-et-bien-etre.com\/index.php?rest_route=%2Fwp%2Fv2%2Fproduct_tag&post=71"}],"curies":[{"name":"wp","href":"https:\/\/api.w.org\/{rel}","templated":true}]}}