{"id":702,"date":"2021-06-10T21:09:58","date_gmt":"2021-06-10T19:09:58","guid":{"rendered":"https:\/\/www.bijoux-pierres-et-bien-etre.com\/?post_type=product&#038;p=702"},"modified":"2021-08-07T18:25:17","modified_gmt":"2021-08-07T16:25:17","slug":"bracelet-special-detente-douceur-relaxation-et-positivite","status":"publish","type":"product","link":"https:\/\/www.bijoux-pierres-et-bien-etre.com\/?product=bracelet-special-detente-douceur-relaxation-et-positivite","title":{"rendered":"Bracelet sp\u00e9cial d\u00e9tente, douceur, relaxation et positivit\u00e9"},"content":{"rendered":"<p><b>Je vous ai compos\u00e9 soigneusement avec des perles d&rsquo;une qualit\u00e9\u00a0 \u00a0\u00bbEXTRA\u00a0\u00bb\u00a0ce bracelet sp\u00e9cial d\u00e9tente et relaxation et positivit\u00e9 de ma gamme \u00a0\u00bbMaLitho\u00a0\u00bb <\/b>avec du <b>CRISTAL DE ROCHE<\/b> qui soit disant \u00e0 la r\u00e9putation de vous apporter<b>\u00a0 la joie, la force, la zen attitude, du <strong>QUARTZ ROSE pour la d\u00e9tente, de l&rsquo;h\u00e9matite aimant\u00e9e (perle noir) ou non aimant\u00e9e de couleur noir (couleur naturelle), teint\u00e9e argent ou teint\u00e9e dor\u00e9e (voir choix d&rsquo;option perle en 4mm) pour le sommeil, les douleurs, la confiance en soi et <\/strong>L&rsquo;AMETHYSTE bien connu\u00a0 pour calmer les angoisses, les cauchemars et\u00a0 aidez \u00a0\u00e0 l&rsquo;endormissement.\u00a0<\/b> Lire les descriptions et explications en d\u00e9tails des bienfaits de ces pierres\u00a0 dans la page \u00a0\u00bbrecherche par cat\u00e9gorie de pierre\u00a0\u00bb \u00e0 Cristal de roche, quartz rose, Am\u00e9thyste et h\u00e9matite. PHOTO PETITES PERLES EN 6mm SUR LA PHOTO existe en choix d&rsquo;option en perles moyenne en 8mm. Voir la page \u00a0\u00bbexplication des grosseurs des perles\u00a0\u00bb.<\/p>\n<p>Ce bracelet \u00e9tant fait \u00e0 vos mesures n&rsquo;oubliez pas de mesurer <strong>le contour exacte de votre poignet bien serr\u00e9 avant toute commande, je rajoute de mon c\u00f4t\u00e9 lors de la fabrication 1,5\u00a0<\/strong><strong>cm<\/strong>\u00a0afin que<strong>\u00a0votre bracelet fait sur un c\u00e2ble solide soit pos\u00e9 sur votre poignet sans \u00eatre serr\u00e9.<\/strong> Voir la page \u00a0\u00bb<strong>comment prendre vos mesures<\/strong>\u00a0\u00bb avec toutes les explications). <strong>Prix du bracelet suivant votre taille \u00e0 choisir en attribut.<\/strong> Suivant votre taille \u00e9galement le nombre de perles seront bien-s\u00fbr diff\u00e9rentes.<\/p>\n<p><b>Je vous conseil de<\/b>\u00a0<strong>porter ce bracelet la premi\u00e8re semaine progressivement<\/strong> (2 heures la premi\u00e8re journ\u00e9e puis augmenter la dur\u00e9e de jour en jour suivant votre ressenti, ne jamais forcer).<\/p>\n<p>Photo non contractuelle. Existe en 2 tailles de perles 6mm ( comme la photo ), 8mm\u00a0 millim\u00e8tres\u00a0 de diam\u00e8tre. A choisir en attribue lors de la commande. D\u00e9lais de livraison 10 jours ouvr\u00e9s apr\u00e8s r\u00e9ception et encaissement du paiement. Lire la page \u00a0\u00bbce qu&rsquo;implique un bijou fait sur mesure\u00a0\u00bb ainsi que la page d&rsquo;explication \u00ab\u00a0Purification et rechargement\u00a0\u00bb. Jamais d&rsquo;eau sur ce bracelet, ni de soleil, ni de lune.<\/p>\n<p>ATTENTION : l&rsquo;utilisation des Min\u00e9raux en Lithoth\u00e9rapie n&rsquo;exclut en aucun cas la poursuite d&rsquo;un traitement m\u00e9dical et la consultation d&rsquo;un m\u00e9decin. C&rsquo;est un compl\u00e9ment et non un m\u00e9dicament.<\/p>\n<p><strong>Magasin BIJOUX, PIERRES ET BIEN-\u00caTRE sp\u00e9cialiste en lithoth\u00e9rapie,<\/strong>\u00a0<strong>min\u00e9raux, cr\u00e9ation artisanale de bijoux sur mesures \u00e0 la main \u00a0\u00bbMaLitho\u00a0\u00bb.\u00a0 Magasin de pierres du Nord de la France (Somme, Picardie, Haut de France \u00e0 Albert dans le 80 entre Amiens, Bapaume et P\u00e9ronne).<\/strong><\/p>\n","protected":false},"excerpt":{"rendered":"<p><b>Je vous ai compos\u00e9 soigneusement avec des perles d&rsquo;une qualit\u00e9\u00a0 \u00a0\u00bbEXTRA\u00a0\u00bb\u00a0ce bracelet sp\u00e9cial d\u00e9tente, douceur, relaxation et positivit\u00e9 de ma gamme \u00a0\u00bbMaLitho\u00a0\u00bb <\/b>avec du <b>CRISTAL DE ROCHE<\/b> qui soit disant \u00e0 la r\u00e9putation de vous apporter<b>\u00a0 la joie, la force, la zen attitude, du <strong>QUARTZ ROSE pour la d\u00e9tente, de l&rsquo;h\u00e9matite naturelle aimant\u00e9e ou non aimant\u00e9e de couleur noir (couleur naturelle), teint\u00e9e argent ou teint\u00e9e dor\u00e9e (voir les choix en option, perles en 4mm) pour le sommeil, les douleurs, la confiance en soi et <\/strong>L&rsquo;AMETHYSTE bien connu\u00a0 pour calmer les angoisses, les cauchemars et\u00a0 aidez \u00a0\u00e0 l&rsquo;endormissement.\u00a0<\/b> Lire les descriptions et explications en d\u00e9tails des bienfaits de ces pierres\u00a0 dans la page \u00a0\u00bbrecherche par cat\u00e9gorie de pierre\u00a0\u00bb \u00e0 Cristal de roche, quartz rose, Am\u00e9thyste et h\u00e9matite. PHOTO PETITES PERLES EN 6mm SUR LA PHOTO existe en choix d&rsquo;option en perles moyenne en 8mm. Voir la page \u00a0\u00bbexplication des grosseurs des perles\u00a0\u00bb.<\/p>\n","protected":false},"featured_media":508,"template":"","meta":[],"product_brand":[],"product_cat":[41],"product_tag":[],"class_list":{"0":"post-702","1":"product","2":"type-product","3":"status-publish","4":"has-post-thumbnail","6":"product_cat-bracelets-creations-sur-mesure-malitho-bijoux-pierres-et-bien-etre","7":"pa_couleur-perles-dentre-deux-noir-hematite-naturelle-aimantee-magnetique","8":"pa_couleur-perles-dentre-deux-noir-hematite-naturelle-non-aimantee","9":"pa_couleur-perles-dentre-deux-perles-en-hematite-teintee-argentee-non-aimantee","10":"pa_couleur-perles-dentre-deux-perles-en-hematite-teintes-doree-non-aimantee","11":"pa_tailles-bracelets-13-cm","12":"pa_tailles-bracelets-135-cm","13":"pa_tailles-bracelets-14-cm","14":"pa_tailles-bracelets-145-cm","15":"pa_tailles-bracelets-15-cm","16":"pa_tailles-bracelets-155-cm","17":"pa_tailles-bracelets-16-cm","18":"pa_tailles-bracelets-165-cm","19":"pa_tailles-bracelets-17-cm","20":"pa_tailles-bracelets-175-cm","21":"pa_tailles-bracelets-18-cm","22":"pa_tailles-bracelets-185-cm","23":"pa_tailles-bracelets-19-cm","24":"pa_tailles-bracelets-195-cm","25":"pa_tailles-bracelets-20-cm","26":"pa_tailles-bracelets-205-cm","27":"pa_tailles-bracelets-21-cm","28":"pa_tailles-bracelets-215-cm-2","29":"pa_tailles-bracelets-22-cm","30":"pa_tailles-bracelets-97","31":"pa_tailles-bracelets-225-cm","32":"pa_tailles-bracelets-23-cm","33":"pa_tailles-bracelets-235-cm","35":"first","36":"instock","37":"purchasable","38":"product-type-variable","39":"has-default-attributes"},"yoast_head":"<!-- This site is optimized with the Yoast SEO plugin v27.4 - https:\/\/yoast.com\/product\/yoast-seo-wordpress\/ -->\n<title>Bracelet sp\u00e9cial d\u00e9tente, douceur, relaxation et positivit\u00e9 -<\/title>\n<meta name=\"robots\" content=\"index, follow, max-snippet:-1, max-image-preview:large, max-video-preview:-1\" \/>\n<link rel=\"canonical\" href=\"https:\/\/www.bijoux-pierres-et-bien-etre.com\/?product=bracelet-special-detente-douceur-relaxation-et-positivite\" \/>\n<meta property=\"og:locale\" content=\"fr_FR\" \/>\n<meta property=\"og:type\" content=\"article\" \/>\n<meta property=\"og:title\" content=\"Bracelet sp\u00e9cial d\u00e9tente, douceur, relaxation et positivit\u00e9 -\" \/>\n<meta property=\"og:description\" content=\"Je vous ai compos\u00e9 soigneusement avec des perles d&#039;une qualit\u00e9\u00a0 &#039;&#039;EXTRA&#039;&#039;\u00a0ce bracelet sp\u00e9cial d\u00e9tente, douceur, relaxation et positivit\u00e9 de ma gamme &#039;&#039;MaLitho&#039;&#039; avec du CRISTAL DE ROCHE qui soit disant \u00e0 la r\u00e9putation de vous apporter\u00a0 la joie, la force, la zen attitude, du QUARTZ ROSE pour la d\u00e9tente, de l&#039;h\u00e9matite naturelle aimant\u00e9e ou non aimant\u00e9e de couleur noir (couleur naturelle), teint\u00e9e argent ou teint\u00e9e dor\u00e9e (voir les choix en option, perles en 4mm) pour le sommeil, les douleurs, la confiance en soi et L&#039;AMETHYSTE bien connu\u00a0 pour calmer les angoisses, les cauchemars et\u00a0 aidez \u00a0\u00e0 l&#039;endormissement.\u00a0 Lire les descriptions et explications en d\u00e9tails des bienfaits de ces pierres\u00a0 dans la page &#039;&#039;recherche par cat\u00e9gorie de pierre&#039;&#039; \u00e0 Cristal de roche, quartz rose, Am\u00e9thyste et h\u00e9matite. PHOTO PETITES PERLES EN 6mm SUR LA PHOTO existe en choix d&#039;option en perles moyenne en 8mm. Voir la page &#039;&#039;explication des grosseurs des perles&#039;&#039;.\" \/>\n<meta property=\"og:url\" content=\"https:\/\/www.bijoux-pierres-et-bien-etre.com\/?product=bracelet-special-detente-douceur-relaxation-et-positivite\" \/>\n<meta property=\"article:publisher\" content=\"https:\/\/www.facebook.com\/people\/Crations-MaLitho-de-chez-Bijoux-pierres-et-bien-tre\/100063194591855\/\" \/>\n<meta property=\"article:modified_time\" content=\"2021-08-07T16:25:17+00:00\" \/>\n<meta property=\"og:image\" content=\"https:\/\/www.bijoux-pierres-et-bien-etre.com\/wp-content\/uploads\/2021\/05\/bracelet-MaLitho-anti-stress-amethyste-cristal-de-roche-quartz-rose-hematite-aimantee-de-chez-Bijoux-pierres-et-bien-etre.jpg\" \/>\n\t<meta property=\"og:image:width\" content=\"880\" \/>\n\t<meta property=\"og:image:height\" content=\"952\" \/>\n\t<meta property=\"og:image:type\" content=\"image\/jpeg\" \/>\n<meta name=\"twitter:card\" content=\"summary_large_image\" \/>\n<meta name=\"twitter:label1\" content=\"Dur\u00e9e de lecture estim\u00e9e\" \/>\n\t<meta name=\"twitter:data1\" content=\"2 minutes\" \/>\n<script type=\"application\/ld+json\" class=\"yoast-schema-graph\">{\"@context\":\"https:\\\/\\\/schema.org\",\"@graph\":[{\"@type\":\"WebPage\",\"@id\":\"https:\\\/\\\/www.bijoux-pierres-et-bien-etre.com\\\/?product=bracelet-special-detente-douceur-relaxation-et-positivite\",\"url\":\"https:\\\/\\\/www.bijoux-pierres-et-bien-etre.com\\\/?product=bracelet-special-detente-douceur-relaxation-et-positivite\",\"name\":\"Bracelet sp\u00e9cial d\u00e9tente, douceur, relaxation et positivit\u00e9 -\",\"isPartOf\":{\"@id\":\"https:\\\/\\\/www.bijoux-pierres-et-bien-etre.com\\\/#website\"},\"primaryImageOfPage\":{\"@id\":\"https:\\\/\\\/www.bijoux-pierres-et-bien-etre.com\\\/?product=bracelet-special-detente-douceur-relaxation-et-positivite#primaryimage\"},\"image\":{\"@id\":\"https:\\\/\\\/www.bijoux-pierres-et-bien-etre.com\\\/?product=bracelet-special-detente-douceur-relaxation-et-positivite#primaryimage\"},\"thumbnailUrl\":\"https:\\\/\\\/www.bijoux-pierres-et-bien-etre.com\\\/wp-content\\\/uploads\\\/2021\\\/05\\\/bracelet-MaLitho-anti-stress-amethyste-cristal-de-roche-quartz-rose-hematite-aimantee-de-chez-Bijoux-pierres-et-bien-etre.jpg\",\"datePublished\":\"2021-06-10T19:09:58+00:00\",\"dateModified\":\"2021-08-07T16:25:17+00:00\",\"breadcrumb\":{\"@id\":\"https:\\\/\\\/www.bijoux-pierres-et-bien-etre.com\\\/?product=bracelet-special-detente-douceur-relaxation-et-positivite#breadcrumb\"},\"inLanguage\":\"fr-FR\",\"potentialAction\":[{\"@type\":\"ReadAction\",\"target\":[\"https:\\\/\\\/www.bijoux-pierres-et-bien-etre.com\\\/?product=bracelet-special-detente-douceur-relaxation-et-positivite\"]}]},{\"@type\":\"ImageObject\",\"inLanguage\":\"fr-FR\",\"@id\":\"https:\\\/\\\/www.bijoux-pierres-et-bien-etre.com\\\/?product=bracelet-special-detente-douceur-relaxation-et-positivite#primaryimage\",\"url\":\"https:\\\/\\\/www.bijoux-pierres-et-bien-etre.com\\\/wp-content\\\/uploads\\\/2021\\\/05\\\/bracelet-MaLitho-anti-stress-amethyste-cristal-de-roche-quartz-rose-hematite-aimantee-de-chez-Bijoux-pierres-et-bien-etre.jpg\",\"contentUrl\":\"https:\\\/\\\/www.bijoux-pierres-et-bien-etre.com\\\/wp-content\\\/uploads\\\/2021\\\/05\\\/bracelet-MaLitho-anti-stress-amethyste-cristal-de-roche-quartz-rose-hematite-aimantee-de-chez-Bijoux-pierres-et-bien-etre.jpg\",\"width\":880,\"height\":952,\"caption\":\"Je vous ai compos\u00e9 soigneusement\u00a0ce bracelet sp\u00e9cial d\u00e9tente et relaxation et positivit\u00e9 de ma gamme ''MaLitho'' avec du CRISTAL DE ROCHE qui soit disant \u00e0 la r\u00e9putation de vous apporter\u00a0 la joie, la force, la zen attitude, du QUARTZ ROSE pour la d\u00e9tente et L'AMETHYSTE bien connu\u00a0 pour calmer les angoisses, les cauchemars et\u00a0 aidez \u00a0\u00e0 l'endormissement.\"},{\"@type\":\"BreadcrumbList\",\"@id\":\"https:\\\/\\\/www.bijoux-pierres-et-bien-etre.com\\\/?product=bracelet-special-detente-douceur-relaxation-et-positivite#breadcrumb\",\"itemListElement\":[{\"@type\":\"ListItem\",\"position\":1,\"name\":\"Accueil\",\"item\":\"https:\\\/\\\/www.bijoux-pierres-et-bien-etre.com\\\/\"},{\"@type\":\"ListItem\",\"position\":2,\"name\":\"Boutique\",\"item\":\"https:\\\/\\\/www.bijoux-pierres-et-bien-etre.com\\\/?page_id=66\"},{\"@type\":\"ListItem\",\"position\":3,\"name\":\"Bracelet sp\u00e9cial d\u00e9tente, douceur, relaxation et positivit\u00e9\"}]},{\"@type\":\"WebSite\",\"@id\":\"https:\\\/\\\/www.bijoux-pierres-et-bien-etre.com\\\/#website\",\"url\":\"https:\\\/\\\/www.bijoux-pierres-et-bien-etre.com\\\/\",\"name\":\"LA BOUTIQUE BIJOUX, PIERRES ET BIEN-\u00caTRE.\",\"description\":\"\",\"publisher\":{\"@id\":\"https:\\\/\\\/www.bijoux-pierres-et-bien-etre.com\\\/#organization\"},\"potentialAction\":[{\"@type\":\"SearchAction\",\"target\":{\"@type\":\"EntryPoint\",\"urlTemplate\":\"https:\\\/\\\/www.bijoux-pierres-et-bien-etre.com\\\/?s={search_term_string}\"},\"query-input\":{\"@type\":\"PropertyValueSpecification\",\"valueRequired\":true,\"valueName\":\"search_term_string\"}}],\"inLanguage\":\"fr-FR\"},{\"@type\":\"Organization\",\"@id\":\"https:\\\/\\\/www.bijoux-pierres-et-bien-etre.com\\\/#organization\",\"name\":\"Bijoux, Pierres et Bien-\u00eatre\",\"url\":\"https:\\\/\\\/www.bijoux-pierres-et-bien-etre.com\\\/\",\"logo\":{\"@type\":\"ImageObject\",\"inLanguage\":\"fr-FR\",\"@id\":\"https:\\\/\\\/www.bijoux-pierres-et-bien-etre.com\\\/#\\\/schema\\\/logo\\\/image\\\/\",\"url\":\"https:\\\/\\\/www.bijoux-pierres-et-bien-etre.com\\\/wp-content\\\/uploads\\\/2021\\\/03\\\/logo-transparent-wordpress-1.png\",\"contentUrl\":\"https:\\\/\\\/www.bijoux-pierres-et-bien-etre.com\\\/wp-content\\\/uploads\\\/2021\\\/03\\\/logo-transparent-wordpress-1.png\",\"width\":148,\"height\":200,\"caption\":\"Bijoux, Pierres et Bien-\u00eatre\"},\"image\":{\"@id\":\"https:\\\/\\\/www.bijoux-pierres-et-bien-etre.com\\\/#\\\/schema\\\/logo\\\/image\\\/\"},\"sameAs\":[\"https:\\\/\\\/www.facebook.com\\\/people\\\/Crations-MaLitho-de-chez-Bijoux-pierres-et-bien-tre\\\/100063194591855\\\/\",\"https:\\\/\\\/www.instagram.com\\\/nathaliepascalefourmaux\\\/\"]}]}<\/script>\n<!-- \/ Yoast SEO plugin. -->","yoast_head_json":{"title":"Bracelet sp\u00e9cial d\u00e9tente, douceur, relaxation et positivit\u00e9 -","robots":{"index":"index","follow":"follow","max-snippet":"max-snippet:-1","max-image-preview":"max-image-preview:large","max-video-preview":"max-video-preview:-1"},"canonical":"https:\/\/www.bijoux-pierres-et-bien-etre.com\/?product=bracelet-special-detente-douceur-relaxation-et-positivite","og_locale":"fr_FR","og_type":"article","og_title":"Bracelet sp\u00e9cial d\u00e9tente, douceur, relaxation et positivit\u00e9 -","og_description":"Je vous ai compos\u00e9 soigneusement avec des perles d'une qualit\u00e9\u00a0 ''EXTRA''\u00a0ce bracelet sp\u00e9cial d\u00e9tente, douceur, relaxation et positivit\u00e9 de ma gamme ''MaLitho'' avec du CRISTAL DE ROCHE qui soit disant \u00e0 la r\u00e9putation de vous apporter\u00a0 la joie, la force, la zen attitude, du QUARTZ ROSE pour la d\u00e9tente, de l'h\u00e9matite naturelle aimant\u00e9e ou non aimant\u00e9e de couleur noir (couleur naturelle), teint\u00e9e argent ou teint\u00e9e dor\u00e9e (voir les choix en option, perles en 4mm) pour le sommeil, les douleurs, la confiance en soi et L'AMETHYSTE bien connu\u00a0 pour calmer les angoisses, les cauchemars et\u00a0 aidez \u00a0\u00e0 l'endormissement.\u00a0 Lire les descriptions et explications en d\u00e9tails des bienfaits de ces pierres\u00a0 dans la page ''recherche par cat\u00e9gorie de pierre'' \u00e0 Cristal de roche, quartz rose, Am\u00e9thyste et h\u00e9matite. PHOTO PETITES PERLES EN 6mm SUR LA PHOTO existe en choix d'option en perles moyenne en 8mm. Voir la page ''explication des grosseurs des perles''.","og_url":"https:\/\/www.bijoux-pierres-et-bien-etre.com\/?product=bracelet-special-detente-douceur-relaxation-et-positivite","article_publisher":"https:\/\/www.facebook.com\/people\/Crations-MaLitho-de-chez-Bijoux-pierres-et-bien-tre\/100063194591855\/","article_modified_time":"2021-08-07T16:25:17+00:00","og_image":[{"width":880,"height":952,"url":"https:\/\/www.bijoux-pierres-et-bien-etre.com\/wp-content\/uploads\/2021\/05\/bracelet-MaLitho-anti-stress-amethyste-cristal-de-roche-quartz-rose-hematite-aimantee-de-chez-Bijoux-pierres-et-bien-etre.jpg","type":"image\/jpeg"}],"twitter_card":"summary_large_image","twitter_misc":{"Dur\u00e9e de lecture estim\u00e9e":"2 minutes"},"schema":{"@context":"https:\/\/schema.org","@graph":[{"@type":"WebPage","@id":"https:\/\/www.bijoux-pierres-et-bien-etre.com\/?product=bracelet-special-detente-douceur-relaxation-et-positivite","url":"https:\/\/www.bijoux-pierres-et-bien-etre.com\/?product=bracelet-special-detente-douceur-relaxation-et-positivite","name":"Bracelet sp\u00e9cial d\u00e9tente, douceur, relaxation et positivit\u00e9 -","isPartOf":{"@id":"https:\/\/www.bijoux-pierres-et-bien-etre.com\/#website"},"primaryImageOfPage":{"@id":"https:\/\/www.bijoux-pierres-et-bien-etre.com\/?product=bracelet-special-detente-douceur-relaxation-et-positivite#primaryimage"},"image":{"@id":"https:\/\/www.bijoux-pierres-et-bien-etre.com\/?product=bracelet-special-detente-douceur-relaxation-et-positivite#primaryimage"},"thumbnailUrl":"https:\/\/www.bijoux-pierres-et-bien-etre.com\/wp-content\/uploads\/2021\/05\/bracelet-MaLitho-anti-stress-amethyste-cristal-de-roche-quartz-rose-hematite-aimantee-de-chez-Bijoux-pierres-et-bien-etre.jpg","datePublished":"2021-06-10T19:09:58+00:00","dateModified":"2021-08-07T16:25:17+00:00","breadcrumb":{"@id":"https:\/\/www.bijoux-pierres-et-bien-etre.com\/?product=bracelet-special-detente-douceur-relaxation-et-positivite#breadcrumb"},"inLanguage":"fr-FR","potentialAction":[{"@type":"ReadAction","target":["https:\/\/www.bijoux-pierres-et-bien-etre.com\/?product=bracelet-special-detente-douceur-relaxation-et-positivite"]}]},{"@type":"ImageObject","inLanguage":"fr-FR","@id":"https:\/\/www.bijoux-pierres-et-bien-etre.com\/?product=bracelet-special-detente-douceur-relaxation-et-positivite#primaryimage","url":"https:\/\/www.bijoux-pierres-et-bien-etre.com\/wp-content\/uploads\/2021\/05\/bracelet-MaLitho-anti-stress-amethyste-cristal-de-roche-quartz-rose-hematite-aimantee-de-chez-Bijoux-pierres-et-bien-etre.jpg","contentUrl":"https:\/\/www.bijoux-pierres-et-bien-etre.com\/wp-content\/uploads\/2021\/05\/bracelet-MaLitho-anti-stress-amethyste-cristal-de-roche-quartz-rose-hematite-aimantee-de-chez-Bijoux-pierres-et-bien-etre.jpg","width":880,"height":952,"caption":"Je vous ai compos\u00e9 soigneusement\u00a0ce bracelet sp\u00e9cial d\u00e9tente et relaxation et positivit\u00e9 de ma gamme ''MaLitho'' avec du CRISTAL DE ROCHE qui soit disant \u00e0 la r\u00e9putation de vous apporter\u00a0 la joie, la force, la zen attitude, du QUARTZ ROSE pour la d\u00e9tente et L'AMETHYSTE bien connu\u00a0 pour calmer les angoisses, les cauchemars et\u00a0 aidez \u00a0\u00e0 l'endormissement."},{"@type":"BreadcrumbList","@id":"https:\/\/www.bijoux-pierres-et-bien-etre.com\/?product=bracelet-special-detente-douceur-relaxation-et-positivite#breadcrumb","itemListElement":[{"@type":"ListItem","position":1,"name":"Accueil","item":"https:\/\/www.bijoux-pierres-et-bien-etre.com\/"},{"@type":"ListItem","position":2,"name":"Boutique","item":"https:\/\/www.bijoux-pierres-et-bien-etre.com\/?page_id=66"},{"@type":"ListItem","position":3,"name":"Bracelet sp\u00e9cial d\u00e9tente, douceur, relaxation et positivit\u00e9"}]},{"@type":"WebSite","@id":"https:\/\/www.bijoux-pierres-et-bien-etre.com\/#website","url":"https:\/\/www.bijoux-pierres-et-bien-etre.com\/","name":"LA BOUTIQUE BIJOUX, PIERRES ET BIEN-\u00caTRE.","description":"","publisher":{"@id":"https:\/\/www.bijoux-pierres-et-bien-etre.com\/#organization"},"potentialAction":[{"@type":"SearchAction","target":{"@type":"EntryPoint","urlTemplate":"https:\/\/www.bijoux-pierres-et-bien-etre.com\/?s={search_term_string}"},"query-input":{"@type":"PropertyValueSpecification","valueRequired":true,"valueName":"search_term_string"}}],"inLanguage":"fr-FR"},{"@type":"Organization","@id":"https:\/\/www.bijoux-pierres-et-bien-etre.com\/#organization","name":"Bijoux, Pierres et Bien-\u00eatre","url":"https:\/\/www.bijoux-pierres-et-bien-etre.com\/","logo":{"@type":"ImageObject","inLanguage":"fr-FR","@id":"https:\/\/www.bijoux-pierres-et-bien-etre.com\/#\/schema\/logo\/image\/","url":"https:\/\/www.bijoux-pierres-et-bien-etre.com\/wp-content\/uploads\/2021\/03\/logo-transparent-wordpress-1.png","contentUrl":"https:\/\/www.bijoux-pierres-et-bien-etre.com\/wp-content\/uploads\/2021\/03\/logo-transparent-wordpress-1.png","width":148,"height":200,"caption":"Bijoux, Pierres et Bien-\u00eatre"},"image":{"@id":"https:\/\/www.bijoux-pierres-et-bien-etre.com\/#\/schema\/logo\/image\/"},"sameAs":["https:\/\/www.facebook.com\/people\/Crations-MaLitho-de-chez-Bijoux-pierres-et-bien-tre\/100063194591855\/","https:\/\/www.instagram.com\/nathaliepascalefourmaux\/"]}]}},"jetpack-related-posts":[],"jetpack_sharing_enabled":true,"_links":{"self":[{"href":"https:\/\/www.bijoux-pierres-et-bien-etre.com\/index.php?rest_route=\/wp\/v2\/product\/702","targetHints":{"allow":["GET"]}}],"collection":[{"href":"https:\/\/www.bijoux-pierres-et-bien-etre.com\/index.php?rest_route=\/wp\/v2\/product"}],"about":[{"href":"https:\/\/www.bijoux-pierres-et-bien-etre.com\/index.php?rest_route=\/wp\/v2\/types\/product"}],"wp:featuredmedia":[{"embeddable":true,"href":"https:\/\/www.bijoux-pierres-et-bien-etre.com\/index.php?rest_route=\/wp\/v2\/media\/508"}],"wp:attachment":[{"href":"https:\/\/www.bijoux-pierres-et-bien-etre.com\/index.php?rest_route=%2Fwp%2Fv2%2Fmedia&parent=702"}],"wp:term":[{"taxonomy":"product_brand","embeddable":true,"href":"https:\/\/www.bijoux-pierres-et-bien-etre.com\/index.php?rest_route=%2Fwp%2Fv2%2Fproduct_brand&post=702"},{"taxonomy":"product_cat","embeddable":true,"href":"https:\/\/www.bijoux-pierres-et-bien-etre.com\/index.php?rest_route=%2Fwp%2Fv2%2Fproduct_cat&post=702"},{"taxonomy":"product_tag","embeddable":true,"href":"https:\/\/www.bijoux-pierres-et-bien-etre.com\/index.php?rest_route=%2Fwp%2Fv2%2Fproduct_tag&post=702"}],"curies":[{"name":"wp","href":"https:\/\/api.w.org\/{rel}","templated":true}]}}