{"id":251,"date":"2021-04-19T01:24:21","date_gmt":"2021-04-18T23:24:21","guid":{"rendered":"https:\/\/www.bijoux-pierres-et-bien-etre.com\/produit\/bracelet-chance-et-chacka\/"},"modified":"2022-11-16T02:07:08","modified_gmt":"2022-11-16T01:07:08","slug":"bracelet-chance-et-7-chacka","status":"publish","type":"product","link":"https:\/\/www.bijoux-pierres-et-bien-etre.com\/?product=bracelet-chance-et-7-chacka","title":{"rendered":"Bracelet de LA CHANCE et des 7 CHAKRAS."},"content":{"rendered":"<p>Dans <strong>ce bracelet Chance et 7 Chakras<\/strong> soigneusement<strong> fait par mes soins<\/strong> de <strong>ma gamme \u00a0\u00bbMaLitho\u00a0\u00bb<\/strong> vous pourrez non seulement gr\u00e2ce \u00e0 la<strong> MAGN\u00c9TITE attirer la CHANCE,<\/strong> L&rsquo;ABONDANCE et L&rsquo;ATTIRANCE mais en plus <strong>\u00c9QUILIBRER VOS \u00c9NERGIES<\/strong> avec les<b> V\u00c9RITABLES PIERRES NATURELLES DES CHAKRAS : Grenat\u00a0 chakra 1, Calcite orange chakra 2, Citrine naturelle chakra 3, Aventurine verte chakra 4, Lapis Lazuli chakra 5, Cristal de Roche chakra 6, Am\u00e9thyste chakra 7.<\/b> Chaque perles sont assembl\u00e9es<b>\u00a0 dans le bon ordre<\/b> <strong>des chakras<\/strong> (ce qui est <strong>extr\u00eamement rare<\/strong>). Lire la page \u00a0\u00bb <strong>classement par cat\u00e9gorie de pierre\u00a0\u00bb \u00e0 Chaka<\/strong>. L&rsquo;alliance des deux vous donnera de la <strong>force<\/strong>, de la <strong>positivit\u00e9<\/strong>, de la<strong> confiance en vous<\/strong>\u00a0et en plus gr\u00e2ce \u00e0 <strong>la MAGN\u00c9TITE <\/strong> et \u00e0<strong> L&rsquo;H\u00c9MATITE AIMANT\u00c9E<\/strong> soulagera tant soit peu<strong> vos douleurs<\/strong>. <strong>UN BRACELET TOUT EN UN.\u00a0<\/strong><\/p>\n<p>Ce bracelet \u00e9tant fait \u00e0 vos mesures n&rsquo;oubliez pas de mesurer <strong>le contour exacte de votre poignet bien serr\u00e9 avant toute commande, je rajoute de mon c\u00f4t\u00e9 lors de la fabrication 1,5\u00a0<\/strong><strong>cm<\/strong>\u00a0afin que<strong>\u00a0votre bracelet fait sur un c\u00e2ble solide soit pos\u00e9 sur votre poignet sans \u00eatre serr\u00e9.<\/strong> Voir la page \u00a0\u00bb<strong>comment prendre vos mesures<\/strong>\u00a0\u00bb avec toutes les explications). <strong>Prix du bracelet suivant votre taille \u00e0 choisir en attribut.<\/strong> Suivant votre taille \u00e9galement le nombre de perles seront bien-s\u00fbr diff\u00e9rentes.<\/p>\n<p><b>Je vous conseil de<\/b>\u00a0<strong>porter ce bracelet la premi\u00e8re semaine progressivement<\/strong> (2 heures la premi\u00e8re journ\u00e9e puis augmenter la dur\u00e9e de jour en jour suivant votre ressenti, ne jamais forcer) et n&rsquo;oubliez pas pour les<strong> bracelets chakras<\/strong>\u00a0<strong> d&rsquo;alterner le c\u00f4t\u00e9 de poignet tous les jours ou toutes les semaines<\/strong> suivant votre ressenti<strong> pour \u00e9quilibrer vos \u00e9nergies<\/strong>.<\/p>\n<p>Photo non contractuelle. Certaines vari\u00e9t\u00e9s de pierres peuvent changer suivant la disponibilit\u00e9 de mon stock en magasin mais n&rsquo;alt\u00e8re en rien l&rsquo;efficacit\u00e9 du bijou. D\u00e9lais de livraison 10 jours ouvr\u00e9s apr\u00e8s r\u00e9ception et encaissement du paiement. Lire la page \u00a0\u00bbce qu&rsquo;implique un bijou fait sur mesure\u00a0\u00bb ainsi que la page d&rsquo;explication \u00ab\u00a0Purification et rechargement\u00a0\u00bb. Jamais d&rsquo;eau sur ce bracelet, ni de soleil, ni de lune.<\/p>\n<p>ATTENTION : l&rsquo;utilisation des Min\u00e9raux en Lithoth\u00e9rapie n&rsquo;exclut en aucun cas la poursuite d&rsquo;un traitement m\u00e9dical et la consultation d&rsquo;un m\u00e9decin. C&rsquo;est un compl\u00e9ment et non un m\u00e9dicament.<\/p>\n<p><strong>Magasin sp\u00e9cialiste en lithoth\u00e9rapie,<\/strong>\u00a0<strong>min\u00e9raux, cr\u00e9ation artisanale de bijoux sur mesures.\u00a0 Magasin de pierres du Nord de la France (Somme, Picardie, Haut de France \u00e0 Albert dans le 80 entre Amiens, Bapaume et P\u00e9ronne).<\/strong><\/p>\n","protected":false},"excerpt":{"rendered":"<p>Dans <strong>ce bracelet Chance et 7 Chakras<\/strong> soigneusement<strong> fait par mes soins<\/strong> de <strong>ma gamme \u00a0\u00bbMaLitho\u00a0\u00bb<\/strong> vous pourrez non seulement gr\u00e2ce \u00e0 la<strong> MAGN\u00c9TITE attirer la CHANCE,<\/strong> L&rsquo;ABONDANCE et L&rsquo;ATTIRANCE mais en plus <strong>\u00c9QUILIBRER VOS \u00c9NERGIES<\/strong> avec les<b> V\u00c9RITABLES PIERRES NATURELLES DES CHAKRAS\u00a0 : Grenat\u00a0 chakra 1, Calcite orange chakra 2, Citrine naturelle chakra 3, Aventurine verte chakra 4, Lapis Lazuli chakra 5, Cristal de Roche chakra 6, Am\u00e9thyste chakra 7.<\/b> Chaque perles sont assembl\u00e9es<b>\u00a0 dans le bon ordre<\/b> <strong>des chakras<\/strong> (ce qui est <strong>extr\u00eamement rare<\/strong>). Lire la page \u00a0\u00bb <strong>classement par cat\u00e9gorie de pierre\u00a0\u00bb \u00e0 Chaka<\/strong>. L&rsquo;alliance des deux vous donnera de la <strong>force<\/strong>, de la <strong>positivit\u00e9<\/strong>, de la<strong> confiance en vous<\/strong>\u00a0et en plus gr\u00e2ce \u00e0 <strong>la MAGN\u00c9TITE <\/strong> et \u00e0<strong> L&rsquo;H\u00c9MATITE AIMANT\u00c9E<\/strong> soulagera tant soit peu<strong> vos douleurs<\/strong>. <strong>UN BRACELET TOUT EN UN.\u00a0<\/strong><\/p>\n","protected":false},"featured_media":650,"template":"","meta":{"_uag_custom_page_level_css":""},"product_brand":[],"product_cat":[47,53,41],"product_tag":[],"class_list":{"0":"post-251","1":"product","2":"type-product","3":"status-publish","4":"has-post-thumbnail","6":"product_cat-magnetite-pierre-aimant-naturelle-chance-pierre-du-nord-proprietes-bienfaits","7":"product_cat-bijoux-creations-sur-mesure-malitho-de-chez-bijoux-pierres-et-bien-etre","8":"product_cat-bracelets-creations-sur-mesure-malitho-bijoux-pierres-et-bien-etre","9":"pa_tailles-bracelets-13-cm","10":"pa_tailles-bracelets-135-cm","11":"pa_tailles-bracelets-14-cm","12":"pa_tailles-bracelets-145-cm","13":"pa_tailles-bracelets-15-cm","14":"pa_tailles-bracelets-155-cm","15":"pa_tailles-bracelets-16-cm","16":"pa_tailles-bracelets-165-cm","17":"pa_tailles-bracelets-17-cm","18":"pa_tailles-bracelets-175-cm","19":"pa_tailles-bracelets-18-cm","20":"pa_tailles-bracelets-185-cm","21":"pa_tailles-bracelets-19-cm","22":"pa_tailles-bracelets-195-cm","23":"pa_tailles-bracelets-20-cm","24":"pa_tailles-bracelets-205-cm","25":"pa_tailles-bracelets-21-cm","26":"pa_tailles-bracelets-215-cm-2","27":"pa_tailles-bracelets-22-cm","28":"pa_tailles-bracelets-97","29":"pa_tailles-bracelets-225-cm","30":"pa_tailles-bracelets-23-cm","31":"pa_tailles-bracelets-235-cm","33":"first","34":"instock","35":"purchasable","36":"product-type-variable"},"yoast_head":"<!-- This site is optimized with the Yoast SEO plugin v27.6 - https:\/\/yoast.com\/product\/yoast-seo-wordpress\/ -->\n<title>Bracelet de LA CHANCE et des 7 CHAKRAS. -<\/title>\n<meta name=\"robots\" content=\"index, follow, max-snippet:-1, max-image-preview:large, max-video-preview:-1\" \/>\n<link rel=\"canonical\" href=\"https:\/\/www.bijoux-pierres-et-bien-etre.com\/?product=bracelet-chance-et-7-chacka\" \/>\n<meta property=\"og:locale\" content=\"fr_FR\" \/>\n<meta property=\"og:type\" content=\"article\" \/>\n<meta property=\"og:title\" content=\"Bracelet de LA CHANCE et des 7 CHAKRAS. -\" \/>\n<meta property=\"og:description\" content=\"Dans ce bracelet Chance et 7 Chakras soigneusement fait par mes soins de ma gamme &#039;&#039;MaLitho&#039;&#039; vous pourrez non seulement gr\u00e2ce \u00e0 la MAGN\u00c9TITE attirer la CHANCE, L&#039;ABONDANCE et L&#039;ATTIRANCE mais en plus \u00c9QUILIBRER VOS \u00c9NERGIES avec les V\u00c9RITABLES PIERRES NATURELLES DES CHAKRAS\u00a0 : Grenat\u00a0 chakra 1, Calcite orange chakra 2, Citrine naturelle chakra 3, Aventurine verte chakra 4, Lapis Lazuli chakra 5, Cristal de Roche chakra 6, Am\u00e9thyste chakra 7. Chaque perles sont assembl\u00e9es\u00a0 dans le bon ordre des chakras (ce qui est extr\u00eamement rare). Lire la page &quot; classement par cat\u00e9gorie de pierre&quot; \u00e0 Chaka. L&#039;alliance des deux vous donnera de la force, de la positivit\u00e9, de la confiance en vous\u00a0et en plus gr\u00e2ce \u00e0 la MAGN\u00c9TITE et \u00e0 L&#039;H\u00c9MATITE AIMANT\u00c9E soulagera tant soit peu vos douleurs. UN BRACELET TOUT EN UN.\u00a0\" \/>\n<meta property=\"og:url\" content=\"https:\/\/www.bijoux-pierres-et-bien-etre.com\/?product=bracelet-chance-et-7-chacka\" \/>\n<meta property=\"article:publisher\" content=\"https:\/\/www.facebook.com\/people\/Crations-MaLitho-de-chez-Bijoux-pierres-et-bien-tre\/100063194591855\/\" \/>\n<meta property=\"article:modified_time\" content=\"2022-11-16T01:07:08+00:00\" \/>\n<meta property=\"og:image\" content=\"https:\/\/www.bijoux-pierres-et-bien-etre.com\/wp-content\/uploads\/2021\/04\/bracelet-chakra-chance-magnetite-creation-MaLitho-en-perles-naturelles-de-chez-Bijoux-pierres-et-bien-etre.jpg\" \/>\n\t<meta property=\"og:image:width\" content=\"955\" \/>\n\t<meta property=\"og:image:height\" content=\"984\" \/>\n\t<meta property=\"og:image:type\" content=\"image\/jpeg\" \/>\n<meta name=\"twitter:card\" content=\"summary_large_image\" \/>\n<meta name=\"twitter:label1\" content=\"Dur\u00e9e de lecture estim\u00e9e\" \/>\n\t<meta name=\"twitter:data1\" content=\"2 minutes\" \/>\n<script type=\"application\/ld+json\" class=\"yoast-schema-graph\">{\"@context\":\"https:\\\/\\\/schema.org\",\"@graph\":[{\"@type\":\"WebPage\",\"@id\":\"https:\\\/\\\/www.bijoux-pierres-et-bien-etre.com\\\/?product=bracelet-chance-et-7-chacka\",\"url\":\"https:\\\/\\\/www.bijoux-pierres-et-bien-etre.com\\\/?product=bracelet-chance-et-7-chacka\",\"name\":\"Bracelet de LA CHANCE et des 7 CHAKRAS. -\",\"isPartOf\":{\"@id\":\"https:\\\/\\\/www.bijoux-pierres-et-bien-etre.com\\\/#website\"},\"primaryImageOfPage\":{\"@id\":\"https:\\\/\\\/www.bijoux-pierres-et-bien-etre.com\\\/?product=bracelet-chance-et-7-chacka#primaryimage\"},\"image\":{\"@id\":\"https:\\\/\\\/www.bijoux-pierres-et-bien-etre.com\\\/?product=bracelet-chance-et-7-chacka#primaryimage\"},\"thumbnailUrl\":\"https:\\\/\\\/www.bijoux-pierres-et-bien-etre.com\\\/wp-content\\\/uploads\\\/2021\\\/04\\\/bracelet-chakra-chance-magnetite-creation-MaLitho-en-perles-naturelles-de-chez-Bijoux-pierres-et-bien-etre.jpg\",\"datePublished\":\"2021-04-18T23:24:21+00:00\",\"dateModified\":\"2022-11-16T01:07:08+00:00\",\"breadcrumb\":{\"@id\":\"https:\\\/\\\/www.bijoux-pierres-et-bien-etre.com\\\/?product=bracelet-chance-et-7-chacka#breadcrumb\"},\"inLanguage\":\"fr-FR\",\"potentialAction\":[{\"@type\":\"ReadAction\",\"target\":[\"https:\\\/\\\/www.bijoux-pierres-et-bien-etre.com\\\/?product=bracelet-chance-et-7-chacka\"]}]},{\"@type\":\"ImageObject\",\"inLanguage\":\"fr-FR\",\"@id\":\"https:\\\/\\\/www.bijoux-pierres-et-bien-etre.com\\\/?product=bracelet-chance-et-7-chacka#primaryimage\",\"url\":\"https:\\\/\\\/www.bijoux-pierres-et-bien-etre.com\\\/wp-content\\\/uploads\\\/2021\\\/04\\\/bracelet-chakra-chance-magnetite-creation-MaLitho-en-perles-naturelles-de-chez-Bijoux-pierres-et-bien-etre.jpg\",\"contentUrl\":\"https:\\\/\\\/www.bijoux-pierres-et-bien-etre.com\\\/wp-content\\\/uploads\\\/2021\\\/04\\\/bracelet-chakra-chance-magnetite-creation-MaLitho-en-perles-naturelles-de-chez-Bijoux-pierres-et-bien-etre.jpg\",\"width\":955,\"height\":984,\"caption\":\"Dans ce bracelet Chance et 7 Chakras soigneusement fait par mes soins de ma gamme ''MaLitho'' vous pourrez non seulement gr\u00e2ce \u00e0 la MAGN\u00c9TITE attirer la CHANCE, L'ABONDANCE et L'ATTIRANCE mais en plus \u00c9QUILIBRER VOS \u00c9NERGIES avec les V\u00c9RITABLES PIERRES NATURELLES DES CHAKRAS : Grenat\u00a0 chakra 1, Calcite orange chakra 2, Citrine naturelle chakra 3, Aventurine verte chakra 4, Lapis Lazuli chakra 5, Cristal de Roche chakra 6, Am\u00e9thyste chakra 7. Chaque perles sont assembl\u00e9es\u00a0 dans le bon ordre des chakras (ce qui est extr\u00eamement rare). Lire la page \\\" classement par cat\u00e9gorie de pierre\\\" \u00e0 Chaka. L'alliance des deux vous donnera de la force, de la positivit\u00e9, de la confiance en vous\u00a0et en plus gr\u00e2ce \u00e0 la MAGN\u00c9TITE et \u00e0 L'H\u00c9MATITE AIMANT\u00c9E soulagera tant soit peu vos douleurs. UN BRACELET TOUT EN UN.\u00a0\"},{\"@type\":\"BreadcrumbList\",\"@id\":\"https:\\\/\\\/www.bijoux-pierres-et-bien-etre.com\\\/?product=bracelet-chance-et-7-chacka#breadcrumb\",\"itemListElement\":[{\"@type\":\"ListItem\",\"position\":1,\"name\":\"Accueil\",\"item\":\"https:\\\/\\\/www.bijoux-pierres-et-bien-etre.com\\\/\"},{\"@type\":\"ListItem\",\"position\":2,\"name\":\"Boutique\",\"item\":\"https:\\\/\\\/www.bijoux-pierres-et-bien-etre.com\\\/?page_id=66\"},{\"@type\":\"ListItem\",\"position\":3,\"name\":\"Bracelet de LA CHANCE et des 7 CHAKRAS.\"}]},{\"@type\":\"WebSite\",\"@id\":\"https:\\\/\\\/www.bijoux-pierres-et-bien-etre.com\\\/#website\",\"url\":\"https:\\\/\\\/www.bijoux-pierres-et-bien-etre.com\\\/\",\"name\":\"LA BOUTIQUE BIJOUX, PIERRES ET BIEN-\u00caTRE.\",\"description\":\"\",\"publisher\":{\"@id\":\"https:\\\/\\\/www.bijoux-pierres-et-bien-etre.com\\\/#organization\"},\"potentialAction\":[{\"@type\":\"SearchAction\",\"target\":{\"@type\":\"EntryPoint\",\"urlTemplate\":\"https:\\\/\\\/www.bijoux-pierres-et-bien-etre.com\\\/?s={search_term_string}\"},\"query-input\":{\"@type\":\"PropertyValueSpecification\",\"valueRequired\":true,\"valueName\":\"search_term_string\"}}],\"inLanguage\":\"fr-FR\"},{\"@type\":\"Organization\",\"@id\":\"https:\\\/\\\/www.bijoux-pierres-et-bien-etre.com\\\/#organization\",\"name\":\"Bijoux, Pierres et Bien-\u00eatre\",\"url\":\"https:\\\/\\\/www.bijoux-pierres-et-bien-etre.com\\\/\",\"logo\":{\"@type\":\"ImageObject\",\"inLanguage\":\"fr-FR\",\"@id\":\"https:\\\/\\\/www.bijoux-pierres-et-bien-etre.com\\\/#\\\/schema\\\/logo\\\/image\\\/\",\"url\":\"https:\\\/\\\/www.bijoux-pierres-et-bien-etre.com\\\/wp-content\\\/uploads\\\/2021\\\/03\\\/logo-transparent-wordpress-1.png\",\"contentUrl\":\"https:\\\/\\\/www.bijoux-pierres-et-bien-etre.com\\\/wp-content\\\/uploads\\\/2021\\\/03\\\/logo-transparent-wordpress-1.png\",\"width\":148,\"height\":200,\"caption\":\"Bijoux, Pierres et Bien-\u00eatre\"},\"image\":{\"@id\":\"https:\\\/\\\/www.bijoux-pierres-et-bien-etre.com\\\/#\\\/schema\\\/logo\\\/image\\\/\"},\"sameAs\":[\"https:\\\/\\\/www.facebook.com\\\/people\\\/Crations-MaLitho-de-chez-Bijoux-pierres-et-bien-tre\\\/100063194591855\\\/\",\"https:\\\/\\\/www.instagram.com\\\/nathaliepascalefourmaux\\\/\"]}]}<\/script>\n<!-- \/ Yoast SEO plugin. -->","yoast_head_json":{"title":"Bracelet de LA CHANCE et des 7 CHAKRAS. -","robots":{"index":"index","follow":"follow","max-snippet":"max-snippet:-1","max-image-preview":"max-image-preview:large","max-video-preview":"max-video-preview:-1"},"canonical":"https:\/\/www.bijoux-pierres-et-bien-etre.com\/?product=bracelet-chance-et-7-chacka","og_locale":"fr_FR","og_type":"article","og_title":"Bracelet de LA CHANCE et des 7 CHAKRAS. -","og_description":"Dans ce bracelet Chance et 7 Chakras soigneusement fait par mes soins de ma gamme ''MaLitho'' vous pourrez non seulement gr\u00e2ce \u00e0 la MAGN\u00c9TITE attirer la CHANCE, L'ABONDANCE et L'ATTIRANCE mais en plus \u00c9QUILIBRER VOS \u00c9NERGIES avec les V\u00c9RITABLES PIERRES NATURELLES DES CHAKRAS\u00a0 : Grenat\u00a0 chakra 1, Calcite orange chakra 2, Citrine naturelle chakra 3, Aventurine verte chakra 4, Lapis Lazuli chakra 5, Cristal de Roche chakra 6, Am\u00e9thyste chakra 7. Chaque perles sont assembl\u00e9es\u00a0 dans le bon ordre des chakras (ce qui est extr\u00eamement rare). Lire la page \" classement par cat\u00e9gorie de pierre\" \u00e0 Chaka. L'alliance des deux vous donnera de la force, de la positivit\u00e9, de la confiance en vous\u00a0et en plus gr\u00e2ce \u00e0 la MAGN\u00c9TITE et \u00e0 L'H\u00c9MATITE AIMANT\u00c9E soulagera tant soit peu vos douleurs. UN BRACELET TOUT EN UN.\u00a0","og_url":"https:\/\/www.bijoux-pierres-et-bien-etre.com\/?product=bracelet-chance-et-7-chacka","article_publisher":"https:\/\/www.facebook.com\/people\/Crations-MaLitho-de-chez-Bijoux-pierres-et-bien-tre\/100063194591855\/","article_modified_time":"2022-11-16T01:07:08+00:00","og_image":[{"width":955,"height":984,"url":"https:\/\/www.bijoux-pierres-et-bien-etre.com\/wp-content\/uploads\/2021\/04\/bracelet-chakra-chance-magnetite-creation-MaLitho-en-perles-naturelles-de-chez-Bijoux-pierres-et-bien-etre.jpg","type":"image\/jpeg"}],"twitter_card":"summary_large_image","twitter_misc":{"Dur\u00e9e de lecture estim\u00e9e":"2 minutes"},"schema":{"@context":"https:\/\/schema.org","@graph":[{"@type":"WebPage","@id":"https:\/\/www.bijoux-pierres-et-bien-etre.com\/?product=bracelet-chance-et-7-chacka","url":"https:\/\/www.bijoux-pierres-et-bien-etre.com\/?product=bracelet-chance-et-7-chacka","name":"Bracelet de LA CHANCE et des 7 CHAKRAS. -","isPartOf":{"@id":"https:\/\/www.bijoux-pierres-et-bien-etre.com\/#website"},"primaryImageOfPage":{"@id":"https:\/\/www.bijoux-pierres-et-bien-etre.com\/?product=bracelet-chance-et-7-chacka#primaryimage"},"image":{"@id":"https:\/\/www.bijoux-pierres-et-bien-etre.com\/?product=bracelet-chance-et-7-chacka#primaryimage"},"thumbnailUrl":"https:\/\/www.bijoux-pierres-et-bien-etre.com\/wp-content\/uploads\/2021\/04\/bracelet-chakra-chance-magnetite-creation-MaLitho-en-perles-naturelles-de-chez-Bijoux-pierres-et-bien-etre.jpg","datePublished":"2021-04-18T23:24:21+00:00","dateModified":"2022-11-16T01:07:08+00:00","breadcrumb":{"@id":"https:\/\/www.bijoux-pierres-et-bien-etre.com\/?product=bracelet-chance-et-7-chacka#breadcrumb"},"inLanguage":"fr-FR","potentialAction":[{"@type":"ReadAction","target":["https:\/\/www.bijoux-pierres-et-bien-etre.com\/?product=bracelet-chance-et-7-chacka"]}]},{"@type":"ImageObject","inLanguage":"fr-FR","@id":"https:\/\/www.bijoux-pierres-et-bien-etre.com\/?product=bracelet-chance-et-7-chacka#primaryimage","url":"https:\/\/www.bijoux-pierres-et-bien-etre.com\/wp-content\/uploads\/2021\/04\/bracelet-chakra-chance-magnetite-creation-MaLitho-en-perles-naturelles-de-chez-Bijoux-pierres-et-bien-etre.jpg","contentUrl":"https:\/\/www.bijoux-pierres-et-bien-etre.com\/wp-content\/uploads\/2021\/04\/bracelet-chakra-chance-magnetite-creation-MaLitho-en-perles-naturelles-de-chez-Bijoux-pierres-et-bien-etre.jpg","width":955,"height":984,"caption":"Dans ce bracelet Chance et 7 Chakras soigneusement fait par mes soins de ma gamme ''MaLitho'' vous pourrez non seulement gr\u00e2ce \u00e0 la MAGN\u00c9TITE attirer la CHANCE, L'ABONDANCE et L'ATTIRANCE mais en plus \u00c9QUILIBRER VOS \u00c9NERGIES avec les V\u00c9RITABLES PIERRES NATURELLES DES CHAKRAS : Grenat\u00a0 chakra 1, Calcite orange chakra 2, Citrine naturelle chakra 3, Aventurine verte chakra 4, Lapis Lazuli chakra 5, Cristal de Roche chakra 6, Am\u00e9thyste chakra 7. Chaque perles sont assembl\u00e9es\u00a0 dans le bon ordre des chakras (ce qui est extr\u00eamement rare). Lire la page \" classement par cat\u00e9gorie de pierre\" \u00e0 Chaka. L'alliance des deux vous donnera de la force, de la positivit\u00e9, de la confiance en vous\u00a0et en plus gr\u00e2ce \u00e0 la MAGN\u00c9TITE et \u00e0 L'H\u00c9MATITE AIMANT\u00c9E soulagera tant soit peu vos douleurs. UN BRACELET TOUT EN UN.\u00a0"},{"@type":"BreadcrumbList","@id":"https:\/\/www.bijoux-pierres-et-bien-etre.com\/?product=bracelet-chance-et-7-chacka#breadcrumb","itemListElement":[{"@type":"ListItem","position":1,"name":"Accueil","item":"https:\/\/www.bijoux-pierres-et-bien-etre.com\/"},{"@type":"ListItem","position":2,"name":"Boutique","item":"https:\/\/www.bijoux-pierres-et-bien-etre.com\/?page_id=66"},{"@type":"ListItem","position":3,"name":"Bracelet de LA CHANCE et des 7 CHAKRAS."}]},{"@type":"WebSite","@id":"https:\/\/www.bijoux-pierres-et-bien-etre.com\/#website","url":"https:\/\/www.bijoux-pierres-et-bien-etre.com\/","name":"LA BOUTIQUE BIJOUX, PIERRES ET BIEN-\u00caTRE.","description":"","publisher":{"@id":"https:\/\/www.bijoux-pierres-et-bien-etre.com\/#organization"},"potentialAction":[{"@type":"SearchAction","target":{"@type":"EntryPoint","urlTemplate":"https:\/\/www.bijoux-pierres-et-bien-etre.com\/?s={search_term_string}"},"query-input":{"@type":"PropertyValueSpecification","valueRequired":true,"valueName":"search_term_string"}}],"inLanguage":"fr-FR"},{"@type":"Organization","@id":"https:\/\/www.bijoux-pierres-et-bien-etre.com\/#organization","name":"Bijoux, Pierres et Bien-\u00eatre","url":"https:\/\/www.bijoux-pierres-et-bien-etre.com\/","logo":{"@type":"ImageObject","inLanguage":"fr-FR","@id":"https:\/\/www.bijoux-pierres-et-bien-etre.com\/#\/schema\/logo\/image\/","url":"https:\/\/www.bijoux-pierres-et-bien-etre.com\/wp-content\/uploads\/2021\/03\/logo-transparent-wordpress-1.png","contentUrl":"https:\/\/www.bijoux-pierres-et-bien-etre.com\/wp-content\/uploads\/2021\/03\/logo-transparent-wordpress-1.png","width":148,"height":200,"caption":"Bijoux, Pierres et Bien-\u00eatre"},"image":{"@id":"https:\/\/www.bijoux-pierres-et-bien-etre.com\/#\/schema\/logo\/image\/"},"sameAs":["https:\/\/www.facebook.com\/people\/Crations-MaLitho-de-chez-Bijoux-pierres-et-bien-tre\/100063194591855\/","https:\/\/www.instagram.com\/nathaliepascalefourmaux\/"]}]}},"uagb_featured_image_src":{"full":["https:\/\/www.bijoux-pierres-et-bien-etre.com\/wp-content\/uploads\/2021\/04\/bracelet-chakra-chance-magnetite-creation-MaLitho-en-perles-naturelles-de-chez-Bijoux-pierres-et-bien-etre.jpg",955,984,false],"thumbnail":["https:\/\/www.bijoux-pierres-et-bien-etre.com\/wp-content\/uploads\/2021\/04\/bracelet-chakra-chance-magnetite-creation-MaLitho-en-perles-naturelles-de-chez-Bijoux-pierres-et-bien-etre-150x150.jpg",150,150,true],"medium":["https:\/\/www.bijoux-pierres-et-bien-etre.com\/wp-content\/uploads\/2021\/04\/bracelet-chakra-chance-magnetite-creation-MaLitho-en-perles-naturelles-de-chez-Bijoux-pierres-et-bien-etre-291x300.jpg",291,300,true],"medium_large":["https:\/\/www.bijoux-pierres-et-bien-etre.com\/wp-content\/uploads\/2021\/04\/bracelet-chakra-chance-magnetite-creation-MaLitho-en-perles-naturelles-de-chez-Bijoux-pierres-et-bien-etre-768x791.jpg",720,742,true],"large":["https:\/\/www.bijoux-pierres-et-bien-etre.com\/wp-content\/uploads\/2021\/04\/bracelet-chakra-chance-magnetite-creation-MaLitho-en-perles-naturelles-de-chez-Bijoux-pierres-et-bien-etre.jpg",720,742,false],"1536x1536":["https:\/\/www.bijoux-pierres-et-bien-etre.com\/wp-content\/uploads\/2021\/04\/bracelet-chakra-chance-magnetite-creation-MaLitho-en-perles-naturelles-de-chez-Bijoux-pierres-et-bien-etre.jpg",955,984,false],"2048x2048":["https:\/\/www.bijoux-pierres-et-bien-etre.com\/wp-content\/uploads\/2021\/04\/bracelet-chakra-chance-magnetite-creation-MaLitho-en-perles-naturelles-de-chez-Bijoux-pierres-et-bien-etre.jpg",955,984,false],"hello-shoppable-1920-550":["https:\/\/www.bijoux-pierres-et-bien-etre.com\/wp-content\/uploads\/2021\/04\/bracelet-chakra-chance-magnetite-creation-MaLitho-en-perles-naturelles-de-chez-Bijoux-pierres-et-bien-etre.jpg",534,550,false],"hello-shoppable-1370-790":["https:\/\/www.bijoux-pierres-et-bien-etre.com\/wp-content\/uploads\/2021\/04\/bracelet-chakra-chance-magnetite-creation-MaLitho-en-perles-naturelles-de-chez-Bijoux-pierres-et-bien-etre.jpg",767,790,false],"hello-shoppable-1370-550":["https:\/\/www.bijoux-pierres-et-bien-etre.com\/wp-content\/uploads\/2021\/04\/bracelet-chakra-chance-magnetite-creation-MaLitho-en-perles-naturelles-de-chez-Bijoux-pierres-et-bien-etre.jpg",534,550,false],"hello-shoppable-730-90":["https:\/\/www.bijoux-pierres-et-bien-etre.com\/wp-content\/uploads\/2021\/04\/bracelet-chakra-chance-magnetite-creation-MaLitho-en-perles-naturelles-de-chez-Bijoux-pierres-et-bien-etre.jpg",87,90,false],"hello-shoppable-420-300":["https:\/\/www.bijoux-pierres-et-bien-etre.com\/wp-content\/uploads\/2021\/04\/bracelet-chakra-chance-magnetite-creation-MaLitho-en-perles-naturelles-de-chez-Bijoux-pierres-et-bien-etre.jpg",291,300,false],"woocommerce_thumbnail":["https:\/\/www.bijoux-pierres-et-bien-etre.com\/wp-content\/uploads\/2021\/04\/bracelet-chakra-chance-magnetite-creation-MaLitho-en-perles-naturelles-de-chez-Bijoux-pierres-et-bien-etre-300x300.jpg",300,300,true],"woocommerce_single":["https:\/\/www.bijoux-pierres-et-bien-etre.com\/wp-content\/uploads\/2021\/04\/bracelet-chakra-chance-magnetite-creation-MaLitho-en-perles-naturelles-de-chez-Bijoux-pierres-et-bien-etre-600x618.jpg",600,618,true],"woocommerce_gallery_thumbnail":["https:\/\/www.bijoux-pierres-et-bien-etre.com\/wp-content\/uploads\/2021\/04\/bracelet-chakra-chance-magnetite-creation-MaLitho-en-perles-naturelles-de-chez-Bijoux-pierres-et-bien-etre-100x100.jpg",100,100,true]},"uagb_author_info":{"display_name":"Nathalie Fourmaux","author_link":"https:\/\/www.bijoux-pierres-et-bien-etre.com\/?author=0"},"uagb_comment_info":0,"uagb_excerpt":"Dans ce bracelet Chance et 7 Chakras soigneusement fait par mes soins de ma gamme ''MaLitho'' vous pourrez non seulement gr\u00e2ce \u00e0 la MAGN\u00c9TITE attirer la CHANCE, L'ABONDANCE et L'ATTIRANCE mais en plus \u00c9QUILIBRER VOS \u00c9NERGIES avec les V\u00c9RITABLES PIERRES NATURELLES DES CHAKRAS\u00a0 : Grenat\u00a0 chakra 1, Calcite orange chakra 2, Citrine naturelle chakra 3,\u2026","jetpack-related-posts":[],"jetpack_sharing_enabled":true,"_links":{"self":[{"href":"https:\/\/www.bijoux-pierres-et-bien-etre.com\/index.php?rest_route=\/wp\/v2\/product\/251","targetHints":{"allow":["GET"]}}],"collection":[{"href":"https:\/\/www.bijoux-pierres-et-bien-etre.com\/index.php?rest_route=\/wp\/v2\/product"}],"about":[{"href":"https:\/\/www.bijoux-pierres-et-bien-etre.com\/index.php?rest_route=\/wp\/v2\/types\/product"}],"wp:featuredmedia":[{"embeddable":true,"href":"https:\/\/www.bijoux-pierres-et-bien-etre.com\/index.php?rest_route=\/wp\/v2\/media\/650"}],"wp:attachment":[{"href":"https:\/\/www.bijoux-pierres-et-bien-etre.com\/index.php?rest_route=%2Fwp%2Fv2%2Fmedia&parent=251"}],"wp:term":[{"taxonomy":"product_brand","embeddable":true,"href":"https:\/\/www.bijoux-pierres-et-bien-etre.com\/index.php?rest_route=%2Fwp%2Fv2%2Fproduct_brand&post=251"},{"taxonomy":"product_cat","embeddable":true,"href":"https:\/\/www.bijoux-pierres-et-bien-etre.com\/index.php?rest_route=%2Fwp%2Fv2%2Fproduct_cat&post=251"},{"taxonomy":"product_tag","embeddable":true,"href":"https:\/\/www.bijoux-pierres-et-bien-etre.com\/index.php?rest_route=%2Fwp%2Fv2%2Fproduct_tag&post=251"}],"curies":[{"name":"wp","href":"https:\/\/api.w.org\/{rel}","templated":true}]}}