{"id":1412,"date":"2023-07-14T23:52:03","date_gmt":"2023-07-14T21:52:03","guid":{"rendered":"https:\/\/www.bijoux-pierres-et-bien-etre.com\/?post_type=product&#038;p=1412"},"modified":"2025-03-09T14:00:11","modified_gmt":"2025-03-09T13:00:11","slug":"bracelet-chance-attirance-pierre-du-nord-bijou-mineraux-magasin-somme-picardie-albert-2","status":"publish","type":"product","link":"https:\/\/www.bijoux-pierres-et-bien-etre.com\/?product=bracelet-chance-attirance-pierre-du-nord-bijou-mineraux-magasin-somme-picardie-albert-2","title":{"rendered":"Bracelet CHANCE, JOIE, BONHEUR, ABONDANCE en CITRINE et AVENTURINE  NATURELLE qualit\u00e9 EXTRA chez Bijoux, pierres et bien-\u00eatre cr\u00e9ation MALITHO\u00a0\u00bb."},"content":{"rendered":"<p>Bracelet CHANCE, JOIE, BONHEUR, ABONDANCE en CITRINE et AVENTURINE NATURELLE qualit\u00e9 EXTRA chez Bijoux, pierres et bien-\u00eatre cr\u00e9ation MALITHO\u00a0\u00bb.<\/p>\n<p>Ce bracelet vous donnera \u00e9galement de la force, de la positivit\u00e9, de la confiance en vous et en UN BRACELET TOUT EN UN pour femme comme pour homme soigneusement<strong> fait par mes soins sur mesure<\/strong> de <strong>ma gamme \u00a0\u00bbMaLitho\u00a0\u00bb sur c\u00e2ble \u00e9lastique tr\u00e8s solide. <\/strong><\/p>\n<h1 class=\"woocommerce-products-header__title page-title\" style=\"font-size:2.61792em;margin:0px0px0.540791em;clear:both;font-weight:400;line-height:1.214;letter-spacing:normal;font-family:\">Aventurine verte<\/h1>\n<div class=\"term-description\" style=\"font-family:Lato,sans-serif;font-size:medium;font-style:normal;font-weight:400;letter-spacing:normal;text-transform:none;text-align:left\">\n<p style=\"margin:0px0px1.41575em\">Suivant d\u2019ancienne civilisation :<\/p>\n<p>L\u2019Aventurine verte, att\u00e9nue les affections cutan\u00e9es comme l\u2019acn\u00e9 juv\u00e9nile, le psoriasis, les aphtes, l\u2019 ecz\u00e9ma, les allergies, l\u2019arthrite\u2026Facilite le d\u00e9veloppement physique chez les enfants. Favorise la d\u00e9tente, le repos. Apporte gaiet\u00e9. Elle rend patient et calme les col\u00e9reux ainsi que toutes sortes de douleurs. Aide \u00e0 aller vers les autres, et \u00e0 leur faire confiance. Elle aide aussi dans le cas d\u2019un r\u00e9gime amaigrissant. Elle abaisse le cholest\u00e9rol et aide en cas d\u2019art\u00e9rioscl\u00e9rose. Soulage les douleurs articulaires, le lumbago et fortifie le c\u0153ur. Efficace pour les d\u00e9mangeaisons, la peau (allergies, prurit), l\u2019urticaire, les troubles de la v\u00e9sicule biliaire, la transpiration excessive (aisselles), le rhume des foins, le psoriasis, les<\/p>\n<p>inflammations. C\u2019est une Pierre qui prot\u00e8ge lors d\u2019un d\u00e9placement o\u00f9 d\u2019un voyage.<\/p>\n<p style=\"margin:0px0px1.41575em\">L\u2019aventurine, attire la chance et la prosp\u00e9rit\u00e9.<\/p>\n<p style=\"margin:0px0px1.41575em\">Composition chimique : dioxyde de silicium, groupe des Quartzites<\/p>\n<h1 class=\"woocommerce-products-header__title page-title\" style=\"font-size:2.61792em;margin:0px0px0.540791em;clear:both;font-weight:400;line-height:1.214;letter-spacing:normal;font-family:\">Citrine<\/h1>\n<div class=\"term-description\" style=\"font-family:Lato,sans-serif;font-size:medium;font-style:normal;font-weight:400;letter-spacing:normal;text-transform:none;text-align:left\">\n<p style=\"margin:0px0px1.41575em\">CITRINE, CHAKRA DU PLEXUS SOLAIRE, PIERRE DU 3\u00e8me CHACKAS<\/p>\n<p style=\"margin:0px0px1.41575em\">Ses couleurs sont: jaune \u00e0 brun jaun\u00e2tre o\u00f9 gris brun fonc\u00e9. Son nom vient du nom fran\u00e7ais \u2018citrin\u2019 qui d\u00e9signe la couleur jaune du citron; en latin \u2018citreum\u2018. Elle symbolise la bonne humeur, l\u2019\u00e9nergie, l\u2019abondance. Elle provient du Br\u00e9sil, de Russie, de France, de Madagascar\u2026<\/p>\n<p style=\"margin:0px0px1.41575em\">Citrine Vertus et Bienfaits.<br \/>\nLa Citrine ram\u00e8ne la lumi\u00e8re et la joie. \u00c9loigne la fatigue, redonne de l\u2019\u00e9nergie. Elle apporte la bonne humeur, la g\u00e9n\u00e9rosit\u00e9, r\u00e9chauffe l\u2019esprit et tonifie le corps .Excellente pour les \u00e9tudiants au moments des examens et pour des travaux intellectuels intenses. Tr\u00e8s efficace en cas de fatigue, de d\u00e9pression, de mal \u00eatre et d\u2019angoisse. Redonne de l\u2019\u00e9nergie pour affronter le quotidien. Dans l\u2019environnement, cette pierre diffuse une \u00e9nergie positive et tonifiante. Elle prot\u00e8ge des influences n\u00e9gatives d\u2019autrui. Particuli\u00e8rement recommand\u00e9e pour les chambres de malades. C\u2019est une pierre de r\u00e9ussite et d\u2019abondance en toute chose. Elle att\u00e9nue l\u2019agressivit\u00e9 et la tristesse, renforce l\u2019intuition et la volont\u00e9. Vitalise le corps et l\u2019esprit. Stimule les fonctions de l\u2019estomac, de la rate et du pancr\u00e9as. Efficace contre le diab\u00e8te et les ulc\u00e8res (estomac). Agit contre les probl\u00e8mes de digestion et les naus\u00e9es. Tr\u00e8s efficace pour les rhumatismes, arthrite, arthrose, les ballonnements\u2026Accro\u00eet la circulation sanguine, \u00e9quilibre la thyro\u00efde. Elle renforce les nerfs, r\u00e9chauffe et \u00f4te toutes les tensions. Si vous portez d\u2019autres pierres, elle les rechargera. La Citrine, repr\u00e9sente la sagesse et la paix.<\/p>\n<p style=\"margin:0px0px1.41575em\">Composition chimique : dioxyde de silicium<br \/>\nATTENTION : l\u2019utilisation des Min\u00e9raux en Lithoth\u00e9rapie n\u2019exclut en aucun cas la poursuite d\u2019un traitement m\u00e9dical et la consultation d\u2019un m\u00e9decin. C\u2019est un compl\u00e9ment et non un m\u00e9dicament<\/p>\n<\/div>\n<\/div>\n<p>Ce bracelet \u00e9tant fait \u00e0 vos mesures n&rsquo;oubliez pas de mesurer <strong>le contour exacte de votre poignet bien serr\u00e9 avant toute commande, je rajoute de mon c\u00f4t\u00e9 lors de la fabrication 1,5 cm<\/strong> afin que<strong> votre bracelet fait sur un c\u00e2ble solide soit pos\u00e9 sur votre poignet sans \u00eatre serr\u00e9<\/strong>. <strong>Prix du bracelet suivant votre taille \u00e0 choisir en attribut.<\/strong><\/p>\n<p>Photo non contractuelle &#8230; Suivant votre taille le nombre de perles seront bien-s\u00fbr diff\u00e9rentes que sur la photo.<\/p>\n<p><b>Je vous conseil de<\/b> <strong>porter ce bracelet la premi\u00e8re semaine progressivement<\/strong> (2 heures la premi\u00e8re journ\u00e9e puis augmenter la dur\u00e9e de jour en jour suivant votre ressenti, ne jamais forcer).<\/p>\n<p>D\u00e9lais de livraison 10 jours ouvr\u00e9s apr\u00e8s r\u00e9ception et encaissement du paiement. Voir la page conseille pour les purifications et rechargements ainsi que pour les recommandations. Jamais d&rsquo;eau sur ce bracelet, ni de soleil, ni de lune.<\/p>\n<p>ATTENTION : l&rsquo;utilisation des Min\u00e9raux en Lithoth\u00e9rapie n&rsquo;exclut en aucun cas la poursuite d&rsquo;un traitement m\u00e9dical et la consultation d&rsquo;un m\u00e9decin. C&rsquo;est un compl\u00e9ment et non un m\u00e9dicament.<\/p>\n<p><strong>Magasin sp\u00e9cialiste en lithoth\u00e9rapie,<\/strong> <strong>min\u00e9raux, cr\u00e9ation artisanale de bijoux sur mesures. Magasin de pierres du Nord de la France (Somme, Picardie, Haut de France \u00e0 Albert dans le 80 entre Amiens, Bapaume et P\u00e9ronne).<\/strong><\/p>\n","protected":false},"excerpt":{"rendered":"<p>Bracelet CHANCE, JOIE, BONHEUR, ABONDANCE en CITRINE et AVENTURINE NATURELLE qualit\u00e9 EXTRA chez Bijoux, pierres et bien-\u00eatre cr\u00e9ation MALITHO\u00a0\u00bb. Ce bracelet vous donnera \u00e9galement de la <strong>force<\/strong>, de la <strong>positivit\u00e9<\/strong>, de la<strong> confiance en vous<\/strong> et en <strong>UN BRACELET TOUT EN UN pour femme comme pour homme fait soigneusement par mes soins sur c\u00e2ble \u00e9lastique tr\u00e8s solide.<\/strong><\/p>\n","protected":false},"featured_media":1436,"template":"","meta":[],"product_brand":[],"product_cat":[154,155,53,41],"product_tag":[],"class_list":{"0":"post-1412","1":"product","2":"type-product","3":"status-publish","4":"has-post-thumbnail","6":"product_cat-aventurine_verte_proprietes_bienfaits","7":"product_cat-citrine_proprietes_bienfaits","8":"product_cat-bijoux-creations-sur-mesure-malitho-de-chez-bijoux-pierres-et-bien-etre","9":"product_cat-bracelets-creations-sur-mesure-malitho-bijoux-pierres-et-bien-etre","10":"pa_tailles-bracelets-13-cm","11":"pa_tailles-bracelets-135-cm","12":"pa_tailles-bracelets-14-cm","13":"pa_tailles-bracelets-145-cm","14":"pa_tailles-bracelets-15-cm","15":"pa_tailles-bracelets-155-cm","16":"pa_tailles-bracelets-16-cm","17":"pa_tailles-bracelets-165-cm","18":"pa_tailles-bracelets-17-cm","19":"pa_tailles-bracelets-175-cm","20":"pa_tailles-bracelets-18-cm","21":"pa_tailles-bracelets-185-cm","22":"pa_tailles-bracelets-19-cm","23":"pa_tailles-bracelets-195-cm","24":"pa_tailles-bracelets-20-cm","25":"pa_tailles-bracelets-205-cm","26":"pa_tailles-bracelets-21-cm","27":"pa_tailles-bracelets-215-cm-2","28":"pa_tailles-bracelets-22-cm","29":"pa_tailles-bracelets-97","30":"pa_tailles-bracelets-225-cm","31":"pa_tailles-bracelets-23-cm","32":"pa_tailles-bracelets-235-cm","34":"first","35":"instock","36":"purchasable","37":"product-type-variable"},"yoast_head":"<!-- This site is optimized with the Yoast SEO plugin v27.4 - https:\/\/yoast.com\/product\/yoast-seo-wordpress\/ -->\n<title>Bracelet CHANCE, JOIE, BONHEUR, ABONDANCE en CITRINE et AVENTURINE NATURELLE qualit\u00e9 EXTRA chez Bijoux, pierres et bien-\u00eatre cr\u00e9ation MALITHO&#039;&#039;. -<\/title>\n<meta name=\"robots\" content=\"index, follow, max-snippet:-1, max-image-preview:large, max-video-preview:-1\" \/>\n<link rel=\"canonical\" href=\"https:\/\/www.bijoux-pierres-et-bien-etre.com\/?product=bracelet-chance-attirance-pierre-du-nord-bijou-mineraux-magasin-somme-picardie-albert-2\" \/>\n<meta property=\"og:locale\" content=\"fr_FR\" \/>\n<meta property=\"og:type\" content=\"article\" \/>\n<meta property=\"og:title\" content=\"Bracelet CHANCE, JOIE, BONHEUR, ABONDANCE en CITRINE et AVENTURINE NATURELLE qualit\u00e9 EXTRA chez Bijoux, pierres et bien-\u00eatre cr\u00e9ation MALITHO&#039;&#039;. -\" \/>\n<meta property=\"og:description\" content=\"Bracelet CHANCE, JOIE, BONHEUR, ABONDANCE en CITRINE et AVENTURINE NATURELLE qualit\u00e9 EXTRA chez Bijoux, pierres et bien-\u00eatre cr\u00e9ation MALITHO&#039;&#039;. Ce bracelet vous donnera \u00e9galement de la force, de la positivit\u00e9, de la confiance en vous et en UN BRACELET TOUT EN UN pour femme comme pour homme fait soigneusement par mes soins sur c\u00e2ble \u00e9lastique tr\u00e8s solide.\" \/>\n<meta property=\"og:url\" content=\"https:\/\/www.bijoux-pierres-et-bien-etre.com\/?product=bracelet-chance-attirance-pierre-du-nord-bijou-mineraux-magasin-somme-picardie-albert-2\" \/>\n<meta property=\"article:publisher\" content=\"https:\/\/www.facebook.com\/people\/Crations-MaLitho-de-chez-Bijoux-pierres-et-bien-tre\/100063194591855\/\" \/>\n<meta property=\"article:modified_time\" content=\"2025-03-09T13:00:11+00:00\" \/>\n<meta property=\"og:image\" content=\"https:\/\/www.bijoux-pierres-et-bien-etre.com\/wp-content\/uploads\/2023\/07\/23252-1.jpg\" \/>\n\t<meta property=\"og:image:width\" content=\"1080\" \/>\n\t<meta property=\"og:image:height\" content=\"1077\" \/>\n\t<meta property=\"og:image:type\" content=\"image\/jpeg\" \/>\n<meta name=\"twitter:card\" content=\"summary_large_image\" \/>\n<meta name=\"twitter:label1\" content=\"Dur\u00e9e de lecture estim\u00e9e\" \/>\n\t<meta name=\"twitter:data1\" content=\"4 minutes\" \/>\n<script type=\"application\/ld+json\" class=\"yoast-schema-graph\">{\"@context\":\"https:\\\/\\\/schema.org\",\"@graph\":[{\"@type\":\"WebPage\",\"@id\":\"https:\\\/\\\/www.bijoux-pierres-et-bien-etre.com\\\/?product=bracelet-chance-attirance-pierre-du-nord-bijou-mineraux-magasin-somme-picardie-albert-2\",\"url\":\"https:\\\/\\\/www.bijoux-pierres-et-bien-etre.com\\\/?product=bracelet-chance-attirance-pierre-du-nord-bijou-mineraux-magasin-somme-picardie-albert-2\",\"name\":\"Bracelet CHANCE, JOIE, BONHEUR, ABONDANCE en CITRINE et AVENTURINE NATURELLE qualit\u00e9 EXTRA chez Bijoux, pierres et bien-\u00eatre cr\u00e9ation MALITHO''. -\",\"isPartOf\":{\"@id\":\"https:\\\/\\\/www.bijoux-pierres-et-bien-etre.com\\\/#website\"},\"primaryImageOfPage\":{\"@id\":\"https:\\\/\\\/www.bijoux-pierres-et-bien-etre.com\\\/?product=bracelet-chance-attirance-pierre-du-nord-bijou-mineraux-magasin-somme-picardie-albert-2#primaryimage\"},\"image\":{\"@id\":\"https:\\\/\\\/www.bijoux-pierres-et-bien-etre.com\\\/?product=bracelet-chance-attirance-pierre-du-nord-bijou-mineraux-magasin-somme-picardie-albert-2#primaryimage\"},\"thumbnailUrl\":\"https:\\\/\\\/www.bijoux-pierres-et-bien-etre.com\\\/wp-content\\\/uploads\\\/2023\\\/07\\\/23252-1.jpg\",\"datePublished\":\"2023-07-14T21:52:03+00:00\",\"dateModified\":\"2025-03-09T13:00:11+00:00\",\"breadcrumb\":{\"@id\":\"https:\\\/\\\/www.bijoux-pierres-et-bien-etre.com\\\/?product=bracelet-chance-attirance-pierre-du-nord-bijou-mineraux-magasin-somme-picardie-albert-2#breadcrumb\"},\"inLanguage\":\"fr-FR\",\"potentialAction\":[{\"@type\":\"ReadAction\",\"target\":[\"https:\\\/\\\/www.bijoux-pierres-et-bien-etre.com\\\/?product=bracelet-chance-attirance-pierre-du-nord-bijou-mineraux-magasin-somme-picardie-albert-2\"]}]},{\"@type\":\"ImageObject\",\"inLanguage\":\"fr-FR\",\"@id\":\"https:\\\/\\\/www.bijoux-pierres-et-bien-etre.com\\\/?product=bracelet-chance-attirance-pierre-du-nord-bijou-mineraux-magasin-somme-picardie-albert-2#primaryimage\",\"url\":\"https:\\\/\\\/www.bijoux-pierres-et-bien-etre.com\\\/wp-content\\\/uploads\\\/2023\\\/07\\\/23252-1.jpg\",\"contentUrl\":\"https:\\\/\\\/www.bijoux-pierres-et-bien-etre.com\\\/wp-content\\\/uploads\\\/2023\\\/07\\\/23252-1.jpg\",\"width\":1080,\"height\":1077},{\"@type\":\"BreadcrumbList\",\"@id\":\"https:\\\/\\\/www.bijoux-pierres-et-bien-etre.com\\\/?product=bracelet-chance-attirance-pierre-du-nord-bijou-mineraux-magasin-somme-picardie-albert-2#breadcrumb\",\"itemListElement\":[{\"@type\":\"ListItem\",\"position\":1,\"name\":\"Accueil\",\"item\":\"https:\\\/\\\/www.bijoux-pierres-et-bien-etre.com\\\/\"},{\"@type\":\"ListItem\",\"position\":2,\"name\":\"Boutique\",\"item\":\"https:\\\/\\\/www.bijoux-pierres-et-bien-etre.com\\\/?page_id=66\"},{\"@type\":\"ListItem\",\"position\":3,\"name\":\"Bracelet CHANCE, JOIE, BONHEUR, ABONDANCE en CITRINE et AVENTURINE NATURELLE qualit\u00e9 EXTRA chez Bijoux, pierres et bien-\u00eatre cr\u00e9ation MALITHO\u00a0\u00bb.\"}]},{\"@type\":\"WebSite\",\"@id\":\"https:\\\/\\\/www.bijoux-pierres-et-bien-etre.com\\\/#website\",\"url\":\"https:\\\/\\\/www.bijoux-pierres-et-bien-etre.com\\\/\",\"name\":\"LA BOUTIQUE BIJOUX, PIERRES ET BIEN-\u00caTRE.\",\"description\":\"\",\"publisher\":{\"@id\":\"https:\\\/\\\/www.bijoux-pierres-et-bien-etre.com\\\/#organization\"},\"potentialAction\":[{\"@type\":\"SearchAction\",\"target\":{\"@type\":\"EntryPoint\",\"urlTemplate\":\"https:\\\/\\\/www.bijoux-pierres-et-bien-etre.com\\\/?s={search_term_string}\"},\"query-input\":{\"@type\":\"PropertyValueSpecification\",\"valueRequired\":true,\"valueName\":\"search_term_string\"}}],\"inLanguage\":\"fr-FR\"},{\"@type\":\"Organization\",\"@id\":\"https:\\\/\\\/www.bijoux-pierres-et-bien-etre.com\\\/#organization\",\"name\":\"Bijoux, Pierres et Bien-\u00eatre\",\"url\":\"https:\\\/\\\/www.bijoux-pierres-et-bien-etre.com\\\/\",\"logo\":{\"@type\":\"ImageObject\",\"inLanguage\":\"fr-FR\",\"@id\":\"https:\\\/\\\/www.bijoux-pierres-et-bien-etre.com\\\/#\\\/schema\\\/logo\\\/image\\\/\",\"url\":\"https:\\\/\\\/www.bijoux-pierres-et-bien-etre.com\\\/wp-content\\\/uploads\\\/2021\\\/03\\\/logo-transparent-wordpress-1.png\",\"contentUrl\":\"https:\\\/\\\/www.bijoux-pierres-et-bien-etre.com\\\/wp-content\\\/uploads\\\/2021\\\/03\\\/logo-transparent-wordpress-1.png\",\"width\":148,\"height\":200,\"caption\":\"Bijoux, Pierres et Bien-\u00eatre\"},\"image\":{\"@id\":\"https:\\\/\\\/www.bijoux-pierres-et-bien-etre.com\\\/#\\\/schema\\\/logo\\\/image\\\/\"},\"sameAs\":[\"https:\\\/\\\/www.facebook.com\\\/people\\\/Crations-MaLitho-de-chez-Bijoux-pierres-et-bien-tre\\\/100063194591855\\\/\",\"https:\\\/\\\/www.instagram.com\\\/nathaliepascalefourmaux\\\/\"]}]}<\/script>\n<!-- \/ Yoast SEO plugin. -->","yoast_head_json":{"title":"Bracelet CHANCE, JOIE, BONHEUR, ABONDANCE en CITRINE et AVENTURINE NATURELLE qualit\u00e9 EXTRA chez Bijoux, pierres et bien-\u00eatre cr\u00e9ation MALITHO''. -","robots":{"index":"index","follow":"follow","max-snippet":"max-snippet:-1","max-image-preview":"max-image-preview:large","max-video-preview":"max-video-preview:-1"},"canonical":"https:\/\/www.bijoux-pierres-et-bien-etre.com\/?product=bracelet-chance-attirance-pierre-du-nord-bijou-mineraux-magasin-somme-picardie-albert-2","og_locale":"fr_FR","og_type":"article","og_title":"Bracelet CHANCE, JOIE, BONHEUR, ABONDANCE en CITRINE et AVENTURINE NATURELLE qualit\u00e9 EXTRA chez Bijoux, pierres et bien-\u00eatre cr\u00e9ation MALITHO''. -","og_description":"Bracelet CHANCE, JOIE, BONHEUR, ABONDANCE en CITRINE et AVENTURINE NATURELLE qualit\u00e9 EXTRA chez Bijoux, pierres et bien-\u00eatre cr\u00e9ation MALITHO''. Ce bracelet vous donnera \u00e9galement de la force, de la positivit\u00e9, de la confiance en vous et en UN BRACELET TOUT EN UN pour femme comme pour homme fait soigneusement par mes soins sur c\u00e2ble \u00e9lastique tr\u00e8s solide.","og_url":"https:\/\/www.bijoux-pierres-et-bien-etre.com\/?product=bracelet-chance-attirance-pierre-du-nord-bijou-mineraux-magasin-somme-picardie-albert-2","article_publisher":"https:\/\/www.facebook.com\/people\/Crations-MaLitho-de-chez-Bijoux-pierres-et-bien-tre\/100063194591855\/","article_modified_time":"2025-03-09T13:00:11+00:00","og_image":[{"width":1080,"height":1077,"url":"https:\/\/www.bijoux-pierres-et-bien-etre.com\/wp-content\/uploads\/2023\/07\/23252-1.jpg","type":"image\/jpeg"}],"twitter_card":"summary_large_image","twitter_misc":{"Dur\u00e9e de lecture estim\u00e9e":"4 minutes"},"schema":{"@context":"https:\/\/schema.org","@graph":[{"@type":"WebPage","@id":"https:\/\/www.bijoux-pierres-et-bien-etre.com\/?product=bracelet-chance-attirance-pierre-du-nord-bijou-mineraux-magasin-somme-picardie-albert-2","url":"https:\/\/www.bijoux-pierres-et-bien-etre.com\/?product=bracelet-chance-attirance-pierre-du-nord-bijou-mineraux-magasin-somme-picardie-albert-2","name":"Bracelet CHANCE, JOIE, BONHEUR, ABONDANCE en CITRINE et AVENTURINE NATURELLE qualit\u00e9 EXTRA chez Bijoux, pierres et bien-\u00eatre cr\u00e9ation MALITHO''. -","isPartOf":{"@id":"https:\/\/www.bijoux-pierres-et-bien-etre.com\/#website"},"primaryImageOfPage":{"@id":"https:\/\/www.bijoux-pierres-et-bien-etre.com\/?product=bracelet-chance-attirance-pierre-du-nord-bijou-mineraux-magasin-somme-picardie-albert-2#primaryimage"},"image":{"@id":"https:\/\/www.bijoux-pierres-et-bien-etre.com\/?product=bracelet-chance-attirance-pierre-du-nord-bijou-mineraux-magasin-somme-picardie-albert-2#primaryimage"},"thumbnailUrl":"https:\/\/www.bijoux-pierres-et-bien-etre.com\/wp-content\/uploads\/2023\/07\/23252-1.jpg","datePublished":"2023-07-14T21:52:03+00:00","dateModified":"2025-03-09T13:00:11+00:00","breadcrumb":{"@id":"https:\/\/www.bijoux-pierres-et-bien-etre.com\/?product=bracelet-chance-attirance-pierre-du-nord-bijou-mineraux-magasin-somme-picardie-albert-2#breadcrumb"},"inLanguage":"fr-FR","potentialAction":[{"@type":"ReadAction","target":["https:\/\/www.bijoux-pierres-et-bien-etre.com\/?product=bracelet-chance-attirance-pierre-du-nord-bijou-mineraux-magasin-somme-picardie-albert-2"]}]},{"@type":"ImageObject","inLanguage":"fr-FR","@id":"https:\/\/www.bijoux-pierres-et-bien-etre.com\/?product=bracelet-chance-attirance-pierre-du-nord-bijou-mineraux-magasin-somme-picardie-albert-2#primaryimage","url":"https:\/\/www.bijoux-pierres-et-bien-etre.com\/wp-content\/uploads\/2023\/07\/23252-1.jpg","contentUrl":"https:\/\/www.bijoux-pierres-et-bien-etre.com\/wp-content\/uploads\/2023\/07\/23252-1.jpg","width":1080,"height":1077},{"@type":"BreadcrumbList","@id":"https:\/\/www.bijoux-pierres-et-bien-etre.com\/?product=bracelet-chance-attirance-pierre-du-nord-bijou-mineraux-magasin-somme-picardie-albert-2#breadcrumb","itemListElement":[{"@type":"ListItem","position":1,"name":"Accueil","item":"https:\/\/www.bijoux-pierres-et-bien-etre.com\/"},{"@type":"ListItem","position":2,"name":"Boutique","item":"https:\/\/www.bijoux-pierres-et-bien-etre.com\/?page_id=66"},{"@type":"ListItem","position":3,"name":"Bracelet CHANCE, JOIE, BONHEUR, ABONDANCE en CITRINE et AVENTURINE NATURELLE qualit\u00e9 EXTRA chez Bijoux, pierres et bien-\u00eatre cr\u00e9ation MALITHO\u00a0\u00bb."}]},{"@type":"WebSite","@id":"https:\/\/www.bijoux-pierres-et-bien-etre.com\/#website","url":"https:\/\/www.bijoux-pierres-et-bien-etre.com\/","name":"LA BOUTIQUE BIJOUX, PIERRES ET BIEN-\u00caTRE.","description":"","publisher":{"@id":"https:\/\/www.bijoux-pierres-et-bien-etre.com\/#organization"},"potentialAction":[{"@type":"SearchAction","target":{"@type":"EntryPoint","urlTemplate":"https:\/\/www.bijoux-pierres-et-bien-etre.com\/?s={search_term_string}"},"query-input":{"@type":"PropertyValueSpecification","valueRequired":true,"valueName":"search_term_string"}}],"inLanguage":"fr-FR"},{"@type":"Organization","@id":"https:\/\/www.bijoux-pierres-et-bien-etre.com\/#organization","name":"Bijoux, Pierres et Bien-\u00eatre","url":"https:\/\/www.bijoux-pierres-et-bien-etre.com\/","logo":{"@type":"ImageObject","inLanguage":"fr-FR","@id":"https:\/\/www.bijoux-pierres-et-bien-etre.com\/#\/schema\/logo\/image\/","url":"https:\/\/www.bijoux-pierres-et-bien-etre.com\/wp-content\/uploads\/2021\/03\/logo-transparent-wordpress-1.png","contentUrl":"https:\/\/www.bijoux-pierres-et-bien-etre.com\/wp-content\/uploads\/2021\/03\/logo-transparent-wordpress-1.png","width":148,"height":200,"caption":"Bijoux, Pierres et Bien-\u00eatre"},"image":{"@id":"https:\/\/www.bijoux-pierres-et-bien-etre.com\/#\/schema\/logo\/image\/"},"sameAs":["https:\/\/www.facebook.com\/people\/Crations-MaLitho-de-chez-Bijoux-pierres-et-bien-tre\/100063194591855\/","https:\/\/www.instagram.com\/nathaliepascalefourmaux\/"]}]}},"jetpack-related-posts":[],"jetpack_sharing_enabled":true,"_links":{"self":[{"href":"https:\/\/www.bijoux-pierres-et-bien-etre.com\/index.php?rest_route=\/wp\/v2\/product\/1412","targetHints":{"allow":["GET"]}}],"collection":[{"href":"https:\/\/www.bijoux-pierres-et-bien-etre.com\/index.php?rest_route=\/wp\/v2\/product"}],"about":[{"href":"https:\/\/www.bijoux-pierres-et-bien-etre.com\/index.php?rest_route=\/wp\/v2\/types\/product"}],"wp:featuredmedia":[{"embeddable":true,"href":"https:\/\/www.bijoux-pierres-et-bien-etre.com\/index.php?rest_route=\/wp\/v2\/media\/1436"}],"wp:attachment":[{"href":"https:\/\/www.bijoux-pierres-et-bien-etre.com\/index.php?rest_route=%2Fwp%2Fv2%2Fmedia&parent=1412"}],"wp:term":[{"taxonomy":"product_brand","embeddable":true,"href":"https:\/\/www.bijoux-pierres-et-bien-etre.com\/index.php?rest_route=%2Fwp%2Fv2%2Fproduct_brand&post=1412"},{"taxonomy":"product_cat","embeddable":true,"href":"https:\/\/www.bijoux-pierres-et-bien-etre.com\/index.php?rest_route=%2Fwp%2Fv2%2Fproduct_cat&post=1412"},{"taxonomy":"product_tag","embeddable":true,"href":"https:\/\/www.bijoux-pierres-et-bien-etre.com\/index.php?rest_route=%2Fwp%2Fv2%2Fproduct_tag&post=1412"}],"curies":[{"name":"wp","href":"https:\/\/api.w.org\/{rel}","templated":true}]}}