{"id":1121,"date":"2021-10-14T16:53:36","date_gmt":"2021-10-14T14:53:36","guid":{"rendered":"https:\/\/www.bijoux-pierres-et-bien-etre.com\/?post_type=product&#038;p=1121"},"modified":"2024-11-18T01:38:52","modified_gmt":"2024-11-18T00:38:52","slug":"bouddha-rieur-en-jade-chance-reussite-abondance-gains-aux-jeux-de-hazard","status":"publish","type":"product","link":"https:\/\/www.bijoux-pierres-et-bien-etre.com\/?product=bouddha-rieur-en-jade-chance-reussite-abondance-gains-aux-jeux-de-hazard","title":{"rendered":"BOUDDHA RIEUR EN JADE : CHANCE, REUSSITE, ABONDANCE, GAINS AUX JEUX  DE HAZARD de chez Bijoux, Pierres et bien-\u00eatre"},"content":{"rendered":"<blockquote><p><strong>CE\u00a0 PENDENTIF BOUDDHA RIEUR EN JADE<\/strong>\u00a0 vous apportera selon la l\u00e9gende \u2026<strong> LE BONHEUR, LA CHANCE, LA REUSSITE, LA RICHESSE<\/strong>\u2026 <strong>La pierre de Jade<\/strong> ayant la m\u00eame r\u00e9putation l&rsquo;association des deux vous pr\u00e9sages<strong> beaucoup de bonheur et de joie et de prosp\u00e9rit\u00e9 sur le chemin de votre vie.<\/strong><\/p><\/blockquote>\n<p><strong>BOUDDHA RIEUR : SIGNIFICATION ET SYMBOLE<\/strong><\/p>\n<ul>\n<li style=\"text-align: left;\">\n<header class=\"woocommerce-products-header\">\n<div class=\"term-description\">\n<div class=\"rte rte--indented-images\">\n<p><strong>Ce Bouddha Rieur<\/strong>\u00a0est ch\u00e9ri partout dans le monde. On le trouve dans les maisons, les restaurants, les lieux de travail, etc. Le Bouddha rieur est le Bouddha de l&rsquo;abondance et du bonheur.<\/p>\n<p>Il est aussi connu comme le \u00ab\u00a0<strong>Bouddha de la richesse<\/strong>\u00ab\u00a0. On dit m\u00eame qu&rsquo;il apportera la richesse, la\u00a0<strong>chance et\u00a0prosp\u00e9rit\u00e9<\/strong>\u00a0\u00e0 une maison ou \u00e0 une entreprise !<\/p>\n<p>Il est tr\u00e8s facile de reconna\u00eetre le\u00a0<strong>Bouddha qui rit<\/strong>. On le voit souvent en train de porter une robe et des chapelets de pri\u00e8re qui sont souvent accroch\u00e9s \u00e0 son cou. De plus, il est facilement reconnaissable par son cr\u00e2ne chauve son gros ventre gras. Mais ce Bouddha tant aim\u00e9 par tous est toujours heureux, d&rsquo;o\u00f9 le nom de \u00ab\u00a0Bouddha qui rit\u00a0\u00bb!<\/p>\n<p>Beaucoup pr\u00e9tendent qu&rsquo;il fait dispara\u00eetre les probl\u00e8mes car le fait de garder le Bouddha rieur \u00e0 la maison assure un foyer heureux.<\/p>\n<\/div>\n<h1 class=\"woocommerce-products-header__title page-title\"><strong>Jade<\/strong><\/h1>\n<div class=\"term-description\">\n<p>Sous d\u2019 anciennes civilisations \u2026..<br \/>\n<strong>Le Jade est une pierre de Chance, de bonheur, de r\u00e9ussite dans les affaires, de prosp\u00e9rit\u00e9 et d\u2019 argent<\/strong> surtout si elle est port\u00e9e en bijou avec de la Magn\u00e9tite ( appel\u00e9 pierre du Nord \u00e0 l\u2019\u00e2ge de Fer) et de la citrine.<\/p>\n<p>C\u2019est la pierre par excellence de tous les probl\u00e8mes de sant\u00e9 li\u00e9s aux reins.<\/p>\n<p>Mais elle est aussi tr\u00e8s efficace pour les probl\u00e8mes de disfonctionnement de la vessie.<\/p>\n<p>Elle soulage les douleurs li\u00e9es \u00e0 ces probl\u00e8mes et facilite l\u2019\u00e9limination des toxines.<\/p>\n<p>Soulage les troubles physiques li\u00e9s aux r\u00e8gles douloureuses.<\/p>\n<p>Cette pierre est tr\u00e8s r\u00e9put\u00e9e pour gu\u00e9rir les coliques n\u00e9phr\u00e9tiques et les calculs.<\/p>\n<p>Le jade de couleur vert soulage les reins.<\/p>\n<p>Il est recommand\u00e9 pour toutes les affections de l\u2019appareil urinaire.<\/p>\n<p>Une pierre utilis\u00e9e pour limiter les effets de la grippe.<\/p>\n<p>En bain, elle limite les probl\u00e8mes de sudation.<\/p>\n<p>Tr\u00e8s bon en bain de bouche pour les aphtes.<\/p>\n<p>C\u2019est une pierre qui favorise la grossesse lorsque la f\u00e9condation ne se produit pas.<\/p>\n<p>Il fortifie le c\u0153ur, l\u2019appareil circulatoire et le syst\u00e8me nerveux.<\/p>\n<p>Favorable \u00e0 la m\u00e9ditation, il att\u00e9nue les migraines.<\/p>\n<p>Cette pierre rafra\u00eechit notre vie affective.<\/p>\n<p>Elle nous procure un sentiment de paix.<\/p>\n<p>L\u00e9gendes<\/p>\n<p>Pierre de noblesse et de puissance, embl\u00e8me de perfection. Il y incarne les cinq vertus cardinales, charit\u00e9, modestie, courage, justice, sagesse. Symbole m\u00eame du Yang, il est dou\u00e9 de qualit\u00e9s solaires, imp\u00e9riales, indestructibles.<\/p>\n<\/div>\n<p><strong>MES CONSEILS SUR L&rsquo;UTILISATION, L&rsquo;ENTRETIEN, LES PURIFICATIONS ET RECHARGEMENTS DE VOS BIJOUX suivre se lien<\/strong> : <a href=\"https:\/\/www.bijoux-pierres-et-bien-etre.com\/mes-conseils-sur-lutilisation-lentretien-les-purifications-et-les-rechargements-de-vos-bijoux\/\">Mes conseils sur l\u2019utilisation, l\u2019entretien, les purifications et les rechargements de vos bijoux : \u2013 LA BOUTIQUE BIJOUX, PIERRES ET BIEN-\u00caTRE (bijoux-pierres-et-bien-etre.fr)<\/a><\/p>\n<p><strong>ATTENTION : l\u2019utilisation des Min\u00e9raux en Lithoth\u00e9rapie n\u2019exclut en aucun cas la poursuite d\u2019un traitement m\u00e9dical et la consultation d\u2019un m\u00e9decin. C\u2019est un compl\u00e9ment et non un m\u00e9dicament.<\/strong><\/p>\n<p><strong>Magasin BIJOUX, PIERRES ET BIEN-\u00caTRE sp\u00e9cialiste en lithoth\u00e9rapie, min\u00e9raux, cr\u00e9ation artisanale de bijoux sur mesures \u00e0 la main \u00bbMaLitho \u00bb. Magasin de pierres du Nord de la France (Somme, Picardie, Haut de France \u00e0 Albert dans le 80 entre Amiens, Bapaume et P\u00e9ronne).<\/strong><\/p>\n<\/div>\n<\/header>\n<div class=\"storefront-sorting\">\n<div class=\"woocommerce-notices-wrapper\"><\/div>\n<\/div>\n<\/li>\n<\/ul>\n","protected":false},"excerpt":{"rendered":"<p><strong>CE\u00a0 PENDENTIF BOUDDHA RIEUR EN JADE<\/strong>\u00a0 vous apportera selon la l\u00e9gende \u2026<strong> LE BONHEUR, LA CHANCE, LA REUSSITE, LA RICHESSE<\/strong>\u2026 <strong>La pierre de Jade<\/strong> ayant la m\u00eame r\u00e9putation l&rsquo;association des deux vous pr\u00e9sages<strong> beaucoup de bonheur et de joie et de prosp\u00e9rit\u00e9 sur le chemin de votre vie.<\/strong><\/p>\n","protected":false},"featured_media":1281,"template":"","meta":[],"product_brand":[],"product_cat":[31,170,59],"product_tag":[],"class_list":{"0":"post-1121","1":"product","2":"type-product","3":"status-publish","4":"has-post-thumbnail","6":"product_cat-bijoux_chance_protection","7":"product_cat-jade_proprietes_bienfaits","8":"product_cat-pendentifs-pret-a-porter-en-pierres-naturelles-bijoux-pierres-et-bien-etre","9":"pa_metal-argente-ou-dore-metal-argente","10":"pa_metal-argente-ou-dore-metal-dore","12":"first","13":"instock","14":"shipping-taxable","15":"purchasable","16":"product-type-variable"},"yoast_head":"<!-- This site is optimized with the Yoast SEO plugin v27.4 - https:\/\/yoast.com\/product\/yoast-seo-wordpress\/ -->\n<title>BOUDDHA RIEUR EN JADE : CHANCE, REUSSITE, ABONDANCE, GAINS AUX JEUX DE HAZARD de chez Bijoux, Pierres et bien-\u00eatre -<\/title>\n<meta name=\"robots\" content=\"index, follow, max-snippet:-1, max-image-preview:large, max-video-preview:-1\" \/>\n<link rel=\"canonical\" href=\"https:\/\/www.bijoux-pierres-et-bien-etre.com\/?product=bouddha-rieur-en-jade-chance-reussite-abondance-gains-aux-jeux-de-hazard\" \/>\n<meta property=\"og:locale\" content=\"fr_FR\" \/>\n<meta property=\"og:type\" content=\"article\" \/>\n<meta property=\"og:title\" content=\"BOUDDHA RIEUR EN JADE : CHANCE, REUSSITE, ABONDANCE, GAINS AUX JEUX DE HAZARD de chez Bijoux, Pierres et bien-\u00eatre -\" \/>\n<meta property=\"og:description\" content=\"CE\u00a0 PENDENTIF BOUDDHA RIEUR EN JADE\u00a0 vous apportera selon la l\u00e9gende \u2026 LE BONHEUR, LA CHANCE, LA REUSSITE, LA RICHESSE\u2026 La pierre de Jade ayant la m\u00eame r\u00e9putation l&#039;association des deux vous pr\u00e9sages beaucoup de bonheur et de joie et de prosp\u00e9rit\u00e9 sur le chemin de votre vie.\" \/>\n<meta property=\"og:url\" content=\"https:\/\/www.bijoux-pierres-et-bien-etre.com\/?product=bouddha-rieur-en-jade-chance-reussite-abondance-gains-aux-jeux-de-hazard\" \/>\n<meta property=\"article:publisher\" content=\"https:\/\/www.facebook.com\/people\/Crations-MaLitho-de-chez-Bijoux-pierres-et-bien-tre\/100063194591855\/\" \/>\n<meta property=\"article:modified_time\" content=\"2024-11-18T00:38:52+00:00\" \/>\n<meta property=\"og:image\" content=\"https:\/\/www.bijoux-pierres-et-bien-etre.com\/wp-content\/uploads\/2021\/10\/bouddha_rieur_jade_chance_reussite_bijou_bien-etre_bijoux_pierres_magasin_boutique_albert_somme.jpg\" \/>\n\t<meta property=\"og:image:width\" content=\"1971\" \/>\n\t<meta property=\"og:image:height\" content=\"2336\" \/>\n\t<meta property=\"og:image:type\" content=\"image\/jpeg\" \/>\n<meta name=\"twitter:card\" content=\"summary_large_image\" \/>\n<meta name=\"twitter:label1\" content=\"Dur\u00e9e de lecture estim\u00e9e\" \/>\n\t<meta name=\"twitter:data1\" content=\"3 minutes\" \/>\n<script type=\"application\/ld+json\" class=\"yoast-schema-graph\">{\"@context\":\"https:\\\/\\\/schema.org\",\"@graph\":[{\"@type\":\"WebPage\",\"@id\":\"https:\\\/\\\/www.bijoux-pierres-et-bien-etre.com\\\/?product=bouddha-rieur-en-jade-chance-reussite-abondance-gains-aux-jeux-de-hazard\",\"url\":\"https:\\\/\\\/www.bijoux-pierres-et-bien-etre.com\\\/?product=bouddha-rieur-en-jade-chance-reussite-abondance-gains-aux-jeux-de-hazard\",\"name\":\"BOUDDHA RIEUR EN JADE : CHANCE, REUSSITE, ABONDANCE, GAINS AUX JEUX DE HAZARD de chez Bijoux, Pierres et bien-\u00eatre -\",\"isPartOf\":{\"@id\":\"https:\\\/\\\/www.bijoux-pierres-et-bien-etre.com\\\/#website\"},\"primaryImageOfPage\":{\"@id\":\"https:\\\/\\\/www.bijoux-pierres-et-bien-etre.com\\\/?product=bouddha-rieur-en-jade-chance-reussite-abondance-gains-aux-jeux-de-hazard#primaryimage\"},\"image\":{\"@id\":\"https:\\\/\\\/www.bijoux-pierres-et-bien-etre.com\\\/?product=bouddha-rieur-en-jade-chance-reussite-abondance-gains-aux-jeux-de-hazard#primaryimage\"},\"thumbnailUrl\":\"https:\\\/\\\/www.bijoux-pierres-et-bien-etre.com\\\/wp-content\\\/uploads\\\/2021\\\/10\\\/bouddha_rieur_jade_chance_reussite_bijou_bien-etre_bijoux_pierres_magasin_boutique_albert_somme.jpg\",\"datePublished\":\"2021-10-14T14:53:36+00:00\",\"dateModified\":\"2024-11-18T00:38:52+00:00\",\"breadcrumb\":{\"@id\":\"https:\\\/\\\/www.bijoux-pierres-et-bien-etre.com\\\/?product=bouddha-rieur-en-jade-chance-reussite-abondance-gains-aux-jeux-de-hazard#breadcrumb\"},\"inLanguage\":\"fr-FR\",\"potentialAction\":[{\"@type\":\"ReadAction\",\"target\":[\"https:\\\/\\\/www.bijoux-pierres-et-bien-etre.com\\\/?product=bouddha-rieur-en-jade-chance-reussite-abondance-gains-aux-jeux-de-hazard\"]}]},{\"@type\":\"ImageObject\",\"inLanguage\":\"fr-FR\",\"@id\":\"https:\\\/\\\/www.bijoux-pierres-et-bien-etre.com\\\/?product=bouddha-rieur-en-jade-chance-reussite-abondance-gains-aux-jeux-de-hazard#primaryimage\",\"url\":\"https:\\\/\\\/www.bijoux-pierres-et-bien-etre.com\\\/wp-content\\\/uploads\\\/2021\\\/10\\\/bouddha_rieur_jade_chance_reussite_bijou_bien-etre_bijoux_pierres_magasin_boutique_albert_somme.jpg\",\"contentUrl\":\"https:\\\/\\\/www.bijoux-pierres-et-bien-etre.com\\\/wp-content\\\/uploads\\\/2021\\\/10\\\/bouddha_rieur_jade_chance_reussite_bijou_bien-etre_bijoux_pierres_magasin_boutique_albert_somme.jpg\",\"width\":1971,\"height\":2336},{\"@type\":\"BreadcrumbList\",\"@id\":\"https:\\\/\\\/www.bijoux-pierres-et-bien-etre.com\\\/?product=bouddha-rieur-en-jade-chance-reussite-abondance-gains-aux-jeux-de-hazard#breadcrumb\",\"itemListElement\":[{\"@type\":\"ListItem\",\"position\":1,\"name\":\"Accueil\",\"item\":\"https:\\\/\\\/www.bijoux-pierres-et-bien-etre.com\\\/\"},{\"@type\":\"ListItem\",\"position\":2,\"name\":\"Boutique\",\"item\":\"https:\\\/\\\/www.bijoux-pierres-et-bien-etre.com\\\/?page_id=66\"},{\"@type\":\"ListItem\",\"position\":3,\"name\":\"BOUDDHA RIEUR EN JADE : CHANCE, REUSSITE, ABONDANCE, GAINS AUX JEUX DE HAZARD de chez Bijoux, Pierres et bien-\u00eatre\"}]},{\"@type\":\"WebSite\",\"@id\":\"https:\\\/\\\/www.bijoux-pierres-et-bien-etre.com\\\/#website\",\"url\":\"https:\\\/\\\/www.bijoux-pierres-et-bien-etre.com\\\/\",\"name\":\"LA BOUTIQUE BIJOUX, PIERRES ET BIEN-\u00caTRE.\",\"description\":\"\",\"publisher\":{\"@id\":\"https:\\\/\\\/www.bijoux-pierres-et-bien-etre.com\\\/#organization\"},\"potentialAction\":[{\"@type\":\"SearchAction\",\"target\":{\"@type\":\"EntryPoint\",\"urlTemplate\":\"https:\\\/\\\/www.bijoux-pierres-et-bien-etre.com\\\/?s={search_term_string}\"},\"query-input\":{\"@type\":\"PropertyValueSpecification\",\"valueRequired\":true,\"valueName\":\"search_term_string\"}}],\"inLanguage\":\"fr-FR\"},{\"@type\":\"Organization\",\"@id\":\"https:\\\/\\\/www.bijoux-pierres-et-bien-etre.com\\\/#organization\",\"name\":\"Bijoux, Pierres et Bien-\u00eatre\",\"url\":\"https:\\\/\\\/www.bijoux-pierres-et-bien-etre.com\\\/\",\"logo\":{\"@type\":\"ImageObject\",\"inLanguage\":\"fr-FR\",\"@id\":\"https:\\\/\\\/www.bijoux-pierres-et-bien-etre.com\\\/#\\\/schema\\\/logo\\\/image\\\/\",\"url\":\"https:\\\/\\\/www.bijoux-pierres-et-bien-etre.com\\\/wp-content\\\/uploads\\\/2021\\\/03\\\/logo-transparent-wordpress-1.png\",\"contentUrl\":\"https:\\\/\\\/www.bijoux-pierres-et-bien-etre.com\\\/wp-content\\\/uploads\\\/2021\\\/03\\\/logo-transparent-wordpress-1.png\",\"width\":148,\"height\":200,\"caption\":\"Bijoux, Pierres et Bien-\u00eatre\"},\"image\":{\"@id\":\"https:\\\/\\\/www.bijoux-pierres-et-bien-etre.com\\\/#\\\/schema\\\/logo\\\/image\\\/\"},\"sameAs\":[\"https:\\\/\\\/www.facebook.com\\\/people\\\/Crations-MaLitho-de-chez-Bijoux-pierres-et-bien-tre\\\/100063194591855\\\/\",\"https:\\\/\\\/www.instagram.com\\\/nathaliepascalefourmaux\\\/\"]}]}<\/script>\n<!-- \/ Yoast SEO plugin. -->","yoast_head_json":{"title":"BOUDDHA RIEUR EN JADE : CHANCE, REUSSITE, ABONDANCE, GAINS AUX JEUX DE HAZARD de chez Bijoux, Pierres et bien-\u00eatre -","robots":{"index":"index","follow":"follow","max-snippet":"max-snippet:-1","max-image-preview":"max-image-preview:large","max-video-preview":"max-video-preview:-1"},"canonical":"https:\/\/www.bijoux-pierres-et-bien-etre.com\/?product=bouddha-rieur-en-jade-chance-reussite-abondance-gains-aux-jeux-de-hazard","og_locale":"fr_FR","og_type":"article","og_title":"BOUDDHA RIEUR EN JADE : CHANCE, REUSSITE, ABONDANCE, GAINS AUX JEUX DE HAZARD de chez Bijoux, Pierres et bien-\u00eatre -","og_description":"CE\u00a0 PENDENTIF BOUDDHA RIEUR EN JADE\u00a0 vous apportera selon la l\u00e9gende \u2026 LE BONHEUR, LA CHANCE, LA REUSSITE, LA RICHESSE\u2026 La pierre de Jade ayant la m\u00eame r\u00e9putation l'association des deux vous pr\u00e9sages beaucoup de bonheur et de joie et de prosp\u00e9rit\u00e9 sur le chemin de votre vie.","og_url":"https:\/\/www.bijoux-pierres-et-bien-etre.com\/?product=bouddha-rieur-en-jade-chance-reussite-abondance-gains-aux-jeux-de-hazard","article_publisher":"https:\/\/www.facebook.com\/people\/Crations-MaLitho-de-chez-Bijoux-pierres-et-bien-tre\/100063194591855\/","article_modified_time":"2024-11-18T00:38:52+00:00","og_image":[{"width":1971,"height":2336,"url":"https:\/\/www.bijoux-pierres-et-bien-etre.com\/wp-content\/uploads\/2021\/10\/bouddha_rieur_jade_chance_reussite_bijou_bien-etre_bijoux_pierres_magasin_boutique_albert_somme.jpg","type":"image\/jpeg"}],"twitter_card":"summary_large_image","twitter_misc":{"Dur\u00e9e de lecture estim\u00e9e":"3 minutes"},"schema":{"@context":"https:\/\/schema.org","@graph":[{"@type":"WebPage","@id":"https:\/\/www.bijoux-pierres-et-bien-etre.com\/?product=bouddha-rieur-en-jade-chance-reussite-abondance-gains-aux-jeux-de-hazard","url":"https:\/\/www.bijoux-pierres-et-bien-etre.com\/?product=bouddha-rieur-en-jade-chance-reussite-abondance-gains-aux-jeux-de-hazard","name":"BOUDDHA RIEUR EN JADE : CHANCE, REUSSITE, ABONDANCE, GAINS AUX JEUX DE HAZARD de chez Bijoux, Pierres et bien-\u00eatre -","isPartOf":{"@id":"https:\/\/www.bijoux-pierres-et-bien-etre.com\/#website"},"primaryImageOfPage":{"@id":"https:\/\/www.bijoux-pierres-et-bien-etre.com\/?product=bouddha-rieur-en-jade-chance-reussite-abondance-gains-aux-jeux-de-hazard#primaryimage"},"image":{"@id":"https:\/\/www.bijoux-pierres-et-bien-etre.com\/?product=bouddha-rieur-en-jade-chance-reussite-abondance-gains-aux-jeux-de-hazard#primaryimage"},"thumbnailUrl":"https:\/\/www.bijoux-pierres-et-bien-etre.com\/wp-content\/uploads\/2021\/10\/bouddha_rieur_jade_chance_reussite_bijou_bien-etre_bijoux_pierres_magasin_boutique_albert_somme.jpg","datePublished":"2021-10-14T14:53:36+00:00","dateModified":"2024-11-18T00:38:52+00:00","breadcrumb":{"@id":"https:\/\/www.bijoux-pierres-et-bien-etre.com\/?product=bouddha-rieur-en-jade-chance-reussite-abondance-gains-aux-jeux-de-hazard#breadcrumb"},"inLanguage":"fr-FR","potentialAction":[{"@type":"ReadAction","target":["https:\/\/www.bijoux-pierres-et-bien-etre.com\/?product=bouddha-rieur-en-jade-chance-reussite-abondance-gains-aux-jeux-de-hazard"]}]},{"@type":"ImageObject","inLanguage":"fr-FR","@id":"https:\/\/www.bijoux-pierres-et-bien-etre.com\/?product=bouddha-rieur-en-jade-chance-reussite-abondance-gains-aux-jeux-de-hazard#primaryimage","url":"https:\/\/www.bijoux-pierres-et-bien-etre.com\/wp-content\/uploads\/2021\/10\/bouddha_rieur_jade_chance_reussite_bijou_bien-etre_bijoux_pierres_magasin_boutique_albert_somme.jpg","contentUrl":"https:\/\/www.bijoux-pierres-et-bien-etre.com\/wp-content\/uploads\/2021\/10\/bouddha_rieur_jade_chance_reussite_bijou_bien-etre_bijoux_pierres_magasin_boutique_albert_somme.jpg","width":1971,"height":2336},{"@type":"BreadcrumbList","@id":"https:\/\/www.bijoux-pierres-et-bien-etre.com\/?product=bouddha-rieur-en-jade-chance-reussite-abondance-gains-aux-jeux-de-hazard#breadcrumb","itemListElement":[{"@type":"ListItem","position":1,"name":"Accueil","item":"https:\/\/www.bijoux-pierres-et-bien-etre.com\/"},{"@type":"ListItem","position":2,"name":"Boutique","item":"https:\/\/www.bijoux-pierres-et-bien-etre.com\/?page_id=66"},{"@type":"ListItem","position":3,"name":"BOUDDHA RIEUR EN JADE : CHANCE, REUSSITE, ABONDANCE, GAINS AUX JEUX DE HAZARD de chez Bijoux, Pierres et bien-\u00eatre"}]},{"@type":"WebSite","@id":"https:\/\/www.bijoux-pierres-et-bien-etre.com\/#website","url":"https:\/\/www.bijoux-pierres-et-bien-etre.com\/","name":"LA BOUTIQUE BIJOUX, PIERRES ET BIEN-\u00caTRE.","description":"","publisher":{"@id":"https:\/\/www.bijoux-pierres-et-bien-etre.com\/#organization"},"potentialAction":[{"@type":"SearchAction","target":{"@type":"EntryPoint","urlTemplate":"https:\/\/www.bijoux-pierres-et-bien-etre.com\/?s={search_term_string}"},"query-input":{"@type":"PropertyValueSpecification","valueRequired":true,"valueName":"search_term_string"}}],"inLanguage":"fr-FR"},{"@type":"Organization","@id":"https:\/\/www.bijoux-pierres-et-bien-etre.com\/#organization","name":"Bijoux, Pierres et Bien-\u00eatre","url":"https:\/\/www.bijoux-pierres-et-bien-etre.com\/","logo":{"@type":"ImageObject","inLanguage":"fr-FR","@id":"https:\/\/www.bijoux-pierres-et-bien-etre.com\/#\/schema\/logo\/image\/","url":"https:\/\/www.bijoux-pierres-et-bien-etre.com\/wp-content\/uploads\/2021\/03\/logo-transparent-wordpress-1.png","contentUrl":"https:\/\/www.bijoux-pierres-et-bien-etre.com\/wp-content\/uploads\/2021\/03\/logo-transparent-wordpress-1.png","width":148,"height":200,"caption":"Bijoux, Pierres et Bien-\u00eatre"},"image":{"@id":"https:\/\/www.bijoux-pierres-et-bien-etre.com\/#\/schema\/logo\/image\/"},"sameAs":["https:\/\/www.facebook.com\/people\/Crations-MaLitho-de-chez-Bijoux-pierres-et-bien-tre\/100063194591855\/","https:\/\/www.instagram.com\/nathaliepascalefourmaux\/"]}]}},"jetpack-related-posts":[],"jetpack_sharing_enabled":true,"_links":{"self":[{"href":"https:\/\/www.bijoux-pierres-et-bien-etre.com\/index.php?rest_route=\/wp\/v2\/product\/1121","targetHints":{"allow":["GET"]}}],"collection":[{"href":"https:\/\/www.bijoux-pierres-et-bien-etre.com\/index.php?rest_route=\/wp\/v2\/product"}],"about":[{"href":"https:\/\/www.bijoux-pierres-et-bien-etre.com\/index.php?rest_route=\/wp\/v2\/types\/product"}],"wp:featuredmedia":[{"embeddable":true,"href":"https:\/\/www.bijoux-pierres-et-bien-etre.com\/index.php?rest_route=\/wp\/v2\/media\/1281"}],"wp:attachment":[{"href":"https:\/\/www.bijoux-pierres-et-bien-etre.com\/index.php?rest_route=%2Fwp%2Fv2%2Fmedia&parent=1121"}],"wp:term":[{"taxonomy":"product_brand","embeddable":true,"href":"https:\/\/www.bijoux-pierres-et-bien-etre.com\/index.php?rest_route=%2Fwp%2Fv2%2Fproduct_brand&post=1121"},{"taxonomy":"product_cat","embeddable":true,"href":"https:\/\/www.bijoux-pierres-et-bien-etre.com\/index.php?rest_route=%2Fwp%2Fv2%2Fproduct_cat&post=1121"},{"taxonomy":"product_tag","embeddable":true,"href":"https:\/\/www.bijoux-pierres-et-bien-etre.com\/index.php?rest_route=%2Fwp%2Fv2%2Fproduct_tag&post=1121"}],"curies":[{"name":"wp","href":"https:\/\/api.w.org\/{rel}","templated":true}]}}