{"id":1097,"date":"2021-09-29T00:10:20","date_gmt":"2021-09-28T22:10:20","guid":{"rendered":"https:\/\/www.bijoux-pierres-et-bien-etre.com\/?post_type=product&#038;p=1097"},"modified":"2021-10-13T13:35:49","modified_gmt":"2021-10-13T11:35:49","slug":"elephant-trompe-en-lair-pour-attirer-la-chance-et-lamour-en-quartz-rose-de-chez-bijoux-pierres-et-bien-etre","status":"publish","type":"product","link":"https:\/\/www.bijoux-pierres-et-bien-etre.com\/?product=elephant-trompe-en-lair-pour-attirer-la-chance-et-lamour-en-quartz-rose-de-chez-bijoux-pierres-et-bien-etre","title":{"rendered":"\u00c9l\u00e9phant trompe en l&rsquo;air pour attirer la chance et l&rsquo;Amour en Quartz rose de chez Bijoux, pierres et Bien-\u00eatre."},"content":{"rendered":"<p>L&rsquo; \u00c9L\u00c9PHANT TROMPE EN L&rsquo;AIR POUR LA CHANCE ET QUARTZ ROSE POUR L&rsquo;AMOUR ou la s\u00e9r\u00e9nit\u00e9 en amour \u2026\u00a0 D\u00c9TENTE et RELAXATION.<\/p>\n<ul>\n<li style=\"text-align: left;\">\n<header class=\"woocommerce-products-header\">\n<h1 class=\"woocommerce-products-header__title page-title\"><strong>Quartz rose<\/strong><\/h1>\n<div class=\"term-description\">\n<p>D\u2019apr\u00e8s d\u2019 ancienne civilisation,<strong> le quartz rose<\/strong> est une Pierre qui apporte<strong> douceur et tendresse<\/strong>. Il <strong>convient aux personnes nerveuses<\/strong>. Il apporte <strong>amour et confiance<\/strong> <strong>en soi.<\/strong><\/p>\n<p>Il a la r\u00e9putation de<strong> r\u00e9guler la production d\u2019adr\u00e9naline, de calmer l\u2019\u00e9motivit\u00e9, d\u2019 abaisser le rythme cardiaque<\/strong> (le fortifie), de permettre <strong>une respiration profonde<\/strong> et <strong>r\u00e9guli\u00e8re.<\/strong><\/p>\n<p><strong>De calmer les enfants turbulents.<\/strong><\/p>\n<p>Cette pierre <strong>purifie l\u2019atmosph\u00e8re<\/strong>. Il aide \u00e0<strong> retrouver un sommeil r\u00e9parateur<\/strong>. Il supprime les<strong> angoisses, les d\u00e9pressions, l\u2019insomnie<\/strong>. Il <strong>gu\u00e9rit des blessures<\/strong> <strong>affectives les plus douloureuses<\/strong>, les <strong>peines de c\u0153ur<\/strong> les plus profondes, <strong>apporte le calme dans notre c\u0153ur et notre esprit<\/strong>. Il<strong> gu\u00e9rit les blessures de l\u2019\u00e2me<\/strong>, nous donne de la<strong> tendresse, de la douceur.<\/strong><\/p>\n<p>Il est efficace contre les<strong> d\u00e9pressions, les rhumatismes, les insomnies, le somnambulisme, la transpiration excessive (aisselles), l\u2019impuissance et la frigidit\u00e9.<\/strong><\/p>\n<p>Il favorise le bon fonctionnement du<strong> c\u0153ur, des vaisseaux sanguins, des organes sexuels. Il favorise aussi la f\u00e9condit\u00e9.<\/strong><\/p>\n<p>Le Quartz rose apporte a<strong>mour, confiance en soi, procure vitalit\u00e9 et sant\u00e9.<\/strong><\/p>\n<p>Efficace pour les<strong> blessures de la peau, ger\u00e7ures, abc\u00e8s, h\u00e9matomes.<\/strong><\/p>\n<p>Lutte contre les<strong> inflammations du syst\u00e8me g\u00e9nital, comme les trompes, les ovaires.<\/strong><\/p>\n<p>Le quartz rose Pierre <strong>excellente chez soi, dans une chambre \u00e0 coucher car elle favorise les r\u00eaves agr\u00e9ables.<\/strong><\/p>\n<p><strong>MES CONSEILS SUR L&rsquo;UTILISATION, L&rsquo;ENTRETIEN, LES PURIFICATIONS ET RECHARGEMENTS DE VOS BIJOUX suivre se lien<\/strong> : <a href=\"https:\/\/www.bijoux-pierres-et-bien-etre.com\/mes-conseils-sur-lutilisation-lentretien-les-purifications-et-les-rechargements-de-vos-bijoux\/\">Mes conseils sur l\u2019utilisation, l\u2019entretien, les purifications et les rechargements de vos bijoux : \u2013 LA BOUTIQUE BIJOUX, PIERRES ET BIEN-\u00caTRE (bijoux-pierres-et-bien-etre.fr)<\/a><\/p>\n<p><strong>ATTENTION : l\u2019utilisation des Min\u00e9raux en Lithoth\u00e9rapie n\u2019exclut en aucun cas la poursuite d\u2019un traitement m\u00e9dical et la consultation d\u2019un m\u00e9decin. C\u2019est un compl\u00e9ment et non un m\u00e9dicament.<\/strong><\/p>\n<p><strong>Magasin BIJOUX, PIERRES ET BIEN-\u00caTRE sp\u00e9cialiste en lithoth\u00e9rapie, min\u00e9raux, cr\u00e9ation artisanale de bijoux sur mesures \u00e0 la main \u00bbMaLitho \u00bb. Magasin de pierres du Nord de la France (Somme, Picardie, Haut de France \u00e0 Albert dans le 80 entre Amiens, Bapaume et P\u00e9ronne).<\/strong><\/p>\n<\/div>\n<\/header>\n<div class=\"storefront-sorting\">\n<div class=\"woocommerce-notices-wrapper\"><\/div>\n<\/div>\n<\/li>\n<\/ul>\n","protected":false},"excerpt":{"rendered":"<p>L&rsquo; \u00c9L\u00c9PHANT TROMPE EN L&rsquo;AIR POUR LA CHANCE ET QUARTZ ROSE POUR L&rsquo;ATTIRANCE EN AMOUR ou la s\u00e9r\u00e9nit\u00e9 en amour \u2026 D\u00c9TENTE, RELAXATION, CONFIANCE EN SOI\u2026 Voir d\u00e9tail en description pour les vertus et bienfait du quartz rose ou suivre ce lien :\u00a0<a href=\"https:\/\/www.bijoux-pierres-et-bien-etre.com\/categorie-produit\/recherche-par-categorie-de-pierre-vertu-bienfait-pouvoir-therapie-lithotherapie-creation-artisanale-malitho-bijou-pierre-mineraux-bien-etre-albert-picardie-somme-80-boutique-magasin-nord-de-la-france\/quartz_rose\/\">https:\/\/www.bijoux-pierres-et-bien-etre.com\/categorie-produit\/recherche-par-categorie-de-pierre-vertu-bienfait-pouvoir-therapie-lithotherapie-creation-artisanale-malitho-bijou-pierre-mineraux-bien-etre-albert-picardie-somme-80-boutique-magasin-nord-de-la-france\/quartz_rose\/<\/a><\/p>\n","protected":false},"featured_media":1112,"template":"","meta":[],"product_brand":[],"product_cat":[59,146],"product_tag":[],"class_list":{"0":"post-1097","1":"product","2":"type-product","3":"status-publish","4":"has-post-thumbnail","6":"product_cat-pendentifs-pret-a-porter-en-pierres-naturelles-bijoux-pierres-et-bien-etre","7":"product_cat-quartz_rose_proprietes_bienfaits","9":"first","10":"instock","11":"shipping-taxable","12":"purchasable","13":"product-type-variable"},"yoast_head":"<!-- This site is optimized with the Yoast SEO plugin v27.4 - https:\/\/yoast.com\/product\/yoast-seo-wordpress\/ -->\n<title>\u00c9l\u00e9phant trompe en l&#039;air pour attirer la chance et l&#039;Amour en Quartz rose de chez Bijoux, pierres et Bien-\u00eatre. -<\/title>\n<meta name=\"robots\" content=\"index, follow, max-snippet:-1, max-image-preview:large, max-video-preview:-1\" \/>\n<link rel=\"canonical\" href=\"https:\/\/www.bijoux-pierres-et-bien-etre.com\/?product=elephant-trompe-en-lair-pour-attirer-la-chance-et-lamour-en-quartz-rose-de-chez-bijoux-pierres-et-bien-etre\" \/>\n<meta property=\"og:locale\" content=\"fr_FR\" \/>\n<meta property=\"og:type\" content=\"article\" \/>\n<meta property=\"og:title\" content=\"\u00c9l\u00e9phant trompe en l&#039;air pour attirer la chance et l&#039;Amour en Quartz rose de chez Bijoux, pierres et Bien-\u00eatre. -\" \/>\n<meta property=\"og:description\" content=\"L&#039; \u00c9L\u00c9PHANT TROMPE EN L&#039;AIR POUR LA CHANCE ET QUARTZ ROSE POUR L&#039;ATTIRANCE EN AMOUR ou la s\u00e9r\u00e9nit\u00e9 en amour \u2026 D\u00c9TENTE, RELAXATION, CONFIANCE EN SOI\u2026 Voir d\u00e9tail en description pour les vertus et bienfait du quartz rose ou suivre ce lien :\u00a0https:\/\/www.bijoux-pierres-et-bien-etre.com\/categorie-produit\/recherche-par-categorie-de-pierre-vertu-bienfait-pouvoir-therapie-lithotherapie-creation-artisanale-malitho-bijou-pierre-mineraux-bien-etre-albert-picardie-somme-80-boutique-magasin-nord-de-la-france\/quartz_rose\/\" \/>\n<meta property=\"og:url\" content=\"https:\/\/www.bijoux-pierres-et-bien-etre.com\/?product=elephant-trompe-en-lair-pour-attirer-la-chance-et-lamour-en-quartz-rose-de-chez-bijoux-pierres-et-bien-etre\" \/>\n<meta property=\"article:publisher\" content=\"https:\/\/www.facebook.com\/people\/Crations-MaLitho-de-chez-Bijoux-pierres-et-bien-tre\/100063194591855\/\" \/>\n<meta property=\"article:modified_time\" content=\"2021-10-13T11:35:49+00:00\" \/>\n<meta property=\"og:image\" content=\"https:\/\/www.bijoux-pierres-et-bien-etre.com\/wp-content\/uploads\/2021\/09\/elephant_chance_amour_bijou_pierre_mineraux_et_bien_etre_bijoux_pierres_magasin_boutique_albert_somme-scaled.jpg\" \/>\n\t<meta property=\"og:image:width\" content=\"2358\" \/>\n\t<meta property=\"og:image:height\" content=\"2560\" \/>\n\t<meta property=\"og:image:type\" content=\"image\/jpeg\" \/>\n<meta name=\"twitter:card\" content=\"summary_large_image\" \/>\n<meta name=\"twitter:label1\" content=\"Dur\u00e9e de lecture estim\u00e9e\" \/>\n\t<meta name=\"twitter:data1\" content=\"2 minutes\" \/>\n<script type=\"application\/ld+json\" class=\"yoast-schema-graph\">{\"@context\":\"https:\\\/\\\/schema.org\",\"@graph\":[{\"@type\":\"WebPage\",\"@id\":\"https:\\\/\\\/www.bijoux-pierres-et-bien-etre.com\\\/?product=elephant-trompe-en-lair-pour-attirer-la-chance-et-lamour-en-quartz-rose-de-chez-bijoux-pierres-et-bien-etre\",\"url\":\"https:\\\/\\\/www.bijoux-pierres-et-bien-etre.com\\\/?product=elephant-trompe-en-lair-pour-attirer-la-chance-et-lamour-en-quartz-rose-de-chez-bijoux-pierres-et-bien-etre\",\"name\":\"\u00c9l\u00e9phant trompe en l'air pour attirer la chance et l'Amour en Quartz rose de chez Bijoux, pierres et Bien-\u00eatre. -\",\"isPartOf\":{\"@id\":\"https:\\\/\\\/www.bijoux-pierres-et-bien-etre.com\\\/#website\"},\"primaryImageOfPage\":{\"@id\":\"https:\\\/\\\/www.bijoux-pierres-et-bien-etre.com\\\/?product=elephant-trompe-en-lair-pour-attirer-la-chance-et-lamour-en-quartz-rose-de-chez-bijoux-pierres-et-bien-etre#primaryimage\"},\"image\":{\"@id\":\"https:\\\/\\\/www.bijoux-pierres-et-bien-etre.com\\\/?product=elephant-trompe-en-lair-pour-attirer-la-chance-et-lamour-en-quartz-rose-de-chez-bijoux-pierres-et-bien-etre#primaryimage\"},\"thumbnailUrl\":\"https:\\\/\\\/www.bijoux-pierres-et-bien-etre.com\\\/wp-content\\\/uploads\\\/2021\\\/09\\\/elephant_chance_amour_bijou_pierre_mineraux_et_bien_etre_bijoux_pierres_magasin_boutique_albert_somme-scaled.jpg\",\"datePublished\":\"2021-09-28T22:10:20+00:00\",\"dateModified\":\"2021-10-13T11:35:49+00:00\",\"breadcrumb\":{\"@id\":\"https:\\\/\\\/www.bijoux-pierres-et-bien-etre.com\\\/?product=elephant-trompe-en-lair-pour-attirer-la-chance-et-lamour-en-quartz-rose-de-chez-bijoux-pierres-et-bien-etre#breadcrumb\"},\"inLanguage\":\"fr-FR\",\"potentialAction\":[{\"@type\":\"ReadAction\",\"target\":[\"https:\\\/\\\/www.bijoux-pierres-et-bien-etre.com\\\/?product=elephant-trompe-en-lair-pour-attirer-la-chance-et-lamour-en-quartz-rose-de-chez-bijoux-pierres-et-bien-etre\"]}]},{\"@type\":\"ImageObject\",\"inLanguage\":\"fr-FR\",\"@id\":\"https:\\\/\\\/www.bijoux-pierres-et-bien-etre.com\\\/?product=elephant-trompe-en-lair-pour-attirer-la-chance-et-lamour-en-quartz-rose-de-chez-bijoux-pierres-et-bien-etre#primaryimage\",\"url\":\"https:\\\/\\\/www.bijoux-pierres-et-bien-etre.com\\\/wp-content\\\/uploads\\\/2021\\\/09\\\/elephant_chance_amour_bijou_pierre_mineraux_et_bien_etre_bijoux_pierres_magasin_boutique_albert_somme-scaled.jpg\",\"contentUrl\":\"https:\\\/\\\/www.bijoux-pierres-et-bien-etre.com\\\/wp-content\\\/uploads\\\/2021\\\/09\\\/elephant_chance_amour_bijou_pierre_mineraux_et_bien_etre_bijoux_pierres_magasin_boutique_albert_somme-scaled.jpg\",\"width\":2358,\"height\":2560,\"caption\":\"El\u00e9phant trompe en l'air en quartz rose naturel pour la chance et l'attirance en amour. Boutique magasin Bijoux, pierres et bien-\u00eatre dans la somme en Picardie \u00e0 Albert\"},{\"@type\":\"BreadcrumbList\",\"@id\":\"https:\\\/\\\/www.bijoux-pierres-et-bien-etre.com\\\/?product=elephant-trompe-en-lair-pour-attirer-la-chance-et-lamour-en-quartz-rose-de-chez-bijoux-pierres-et-bien-etre#breadcrumb\",\"itemListElement\":[{\"@type\":\"ListItem\",\"position\":1,\"name\":\"Accueil\",\"item\":\"https:\\\/\\\/www.bijoux-pierres-et-bien-etre.com\\\/\"},{\"@type\":\"ListItem\",\"position\":2,\"name\":\"Boutique\",\"item\":\"https:\\\/\\\/www.bijoux-pierres-et-bien-etre.com\\\/?page_id=66\"},{\"@type\":\"ListItem\",\"position\":3,\"name\":\"\u00c9l\u00e9phant trompe en l&rsquo;air pour attirer la chance et l&rsquo;Amour en Quartz rose de chez Bijoux, pierres et Bien-\u00eatre.\"}]},{\"@type\":\"WebSite\",\"@id\":\"https:\\\/\\\/www.bijoux-pierres-et-bien-etre.com\\\/#website\",\"url\":\"https:\\\/\\\/www.bijoux-pierres-et-bien-etre.com\\\/\",\"name\":\"LA BOUTIQUE BIJOUX, PIERRES ET BIEN-\u00caTRE.\",\"description\":\"\",\"publisher\":{\"@id\":\"https:\\\/\\\/www.bijoux-pierres-et-bien-etre.com\\\/#organization\"},\"potentialAction\":[{\"@type\":\"SearchAction\",\"target\":{\"@type\":\"EntryPoint\",\"urlTemplate\":\"https:\\\/\\\/www.bijoux-pierres-et-bien-etre.com\\\/?s={search_term_string}\"},\"query-input\":{\"@type\":\"PropertyValueSpecification\",\"valueRequired\":true,\"valueName\":\"search_term_string\"}}],\"inLanguage\":\"fr-FR\"},{\"@type\":\"Organization\",\"@id\":\"https:\\\/\\\/www.bijoux-pierres-et-bien-etre.com\\\/#organization\",\"name\":\"Bijoux, Pierres et Bien-\u00eatre\",\"url\":\"https:\\\/\\\/www.bijoux-pierres-et-bien-etre.com\\\/\",\"logo\":{\"@type\":\"ImageObject\",\"inLanguage\":\"fr-FR\",\"@id\":\"https:\\\/\\\/www.bijoux-pierres-et-bien-etre.com\\\/#\\\/schema\\\/logo\\\/image\\\/\",\"url\":\"https:\\\/\\\/www.bijoux-pierres-et-bien-etre.com\\\/wp-content\\\/uploads\\\/2021\\\/03\\\/logo-transparent-wordpress-1.png\",\"contentUrl\":\"https:\\\/\\\/www.bijoux-pierres-et-bien-etre.com\\\/wp-content\\\/uploads\\\/2021\\\/03\\\/logo-transparent-wordpress-1.png\",\"width\":148,\"height\":200,\"caption\":\"Bijoux, Pierres et Bien-\u00eatre\"},\"image\":{\"@id\":\"https:\\\/\\\/www.bijoux-pierres-et-bien-etre.com\\\/#\\\/schema\\\/logo\\\/image\\\/\"},\"sameAs\":[\"https:\\\/\\\/www.facebook.com\\\/people\\\/Crations-MaLitho-de-chez-Bijoux-pierres-et-bien-tre\\\/100063194591855\\\/\",\"https:\\\/\\\/www.instagram.com\\\/nathaliepascalefourmaux\\\/\"]}]}<\/script>\n<!-- \/ Yoast SEO plugin. -->","yoast_head_json":{"title":"\u00c9l\u00e9phant trompe en l'air pour attirer la chance et l'Amour en Quartz rose de chez Bijoux, pierres et Bien-\u00eatre. -","robots":{"index":"index","follow":"follow","max-snippet":"max-snippet:-1","max-image-preview":"max-image-preview:large","max-video-preview":"max-video-preview:-1"},"canonical":"https:\/\/www.bijoux-pierres-et-bien-etre.com\/?product=elephant-trompe-en-lair-pour-attirer-la-chance-et-lamour-en-quartz-rose-de-chez-bijoux-pierres-et-bien-etre","og_locale":"fr_FR","og_type":"article","og_title":"\u00c9l\u00e9phant trompe en l'air pour attirer la chance et l'Amour en Quartz rose de chez Bijoux, pierres et Bien-\u00eatre. -","og_description":"L' \u00c9L\u00c9PHANT TROMPE EN L'AIR POUR LA CHANCE ET QUARTZ ROSE POUR L'ATTIRANCE EN AMOUR ou la s\u00e9r\u00e9nit\u00e9 en amour \u2026 D\u00c9TENTE, RELAXATION, CONFIANCE EN SOI\u2026 Voir d\u00e9tail en description pour les vertus et bienfait du quartz rose ou suivre ce lien :\u00a0https:\/\/www.bijoux-pierres-et-bien-etre.com\/categorie-produit\/recherche-par-categorie-de-pierre-vertu-bienfait-pouvoir-therapie-lithotherapie-creation-artisanale-malitho-bijou-pierre-mineraux-bien-etre-albert-picardie-somme-80-boutique-magasin-nord-de-la-france\/quartz_rose\/","og_url":"https:\/\/www.bijoux-pierres-et-bien-etre.com\/?product=elephant-trompe-en-lair-pour-attirer-la-chance-et-lamour-en-quartz-rose-de-chez-bijoux-pierres-et-bien-etre","article_publisher":"https:\/\/www.facebook.com\/people\/Crations-MaLitho-de-chez-Bijoux-pierres-et-bien-tre\/100063194591855\/","article_modified_time":"2021-10-13T11:35:49+00:00","og_image":[{"width":2358,"height":2560,"url":"https:\/\/www.bijoux-pierres-et-bien-etre.com\/wp-content\/uploads\/2021\/09\/elephant_chance_amour_bijou_pierre_mineraux_et_bien_etre_bijoux_pierres_magasin_boutique_albert_somme-scaled.jpg","type":"image\/jpeg"}],"twitter_card":"summary_large_image","twitter_misc":{"Dur\u00e9e de lecture estim\u00e9e":"2 minutes"},"schema":{"@context":"https:\/\/schema.org","@graph":[{"@type":"WebPage","@id":"https:\/\/www.bijoux-pierres-et-bien-etre.com\/?product=elephant-trompe-en-lair-pour-attirer-la-chance-et-lamour-en-quartz-rose-de-chez-bijoux-pierres-et-bien-etre","url":"https:\/\/www.bijoux-pierres-et-bien-etre.com\/?product=elephant-trompe-en-lair-pour-attirer-la-chance-et-lamour-en-quartz-rose-de-chez-bijoux-pierres-et-bien-etre","name":"\u00c9l\u00e9phant trompe en l'air pour attirer la chance et l'Amour en Quartz rose de chez Bijoux, pierres et Bien-\u00eatre. -","isPartOf":{"@id":"https:\/\/www.bijoux-pierres-et-bien-etre.com\/#website"},"primaryImageOfPage":{"@id":"https:\/\/www.bijoux-pierres-et-bien-etre.com\/?product=elephant-trompe-en-lair-pour-attirer-la-chance-et-lamour-en-quartz-rose-de-chez-bijoux-pierres-et-bien-etre#primaryimage"},"image":{"@id":"https:\/\/www.bijoux-pierres-et-bien-etre.com\/?product=elephant-trompe-en-lair-pour-attirer-la-chance-et-lamour-en-quartz-rose-de-chez-bijoux-pierres-et-bien-etre#primaryimage"},"thumbnailUrl":"https:\/\/www.bijoux-pierres-et-bien-etre.com\/wp-content\/uploads\/2021\/09\/elephant_chance_amour_bijou_pierre_mineraux_et_bien_etre_bijoux_pierres_magasin_boutique_albert_somme-scaled.jpg","datePublished":"2021-09-28T22:10:20+00:00","dateModified":"2021-10-13T11:35:49+00:00","breadcrumb":{"@id":"https:\/\/www.bijoux-pierres-et-bien-etre.com\/?product=elephant-trompe-en-lair-pour-attirer-la-chance-et-lamour-en-quartz-rose-de-chez-bijoux-pierres-et-bien-etre#breadcrumb"},"inLanguage":"fr-FR","potentialAction":[{"@type":"ReadAction","target":["https:\/\/www.bijoux-pierres-et-bien-etre.com\/?product=elephant-trompe-en-lair-pour-attirer-la-chance-et-lamour-en-quartz-rose-de-chez-bijoux-pierres-et-bien-etre"]}]},{"@type":"ImageObject","inLanguage":"fr-FR","@id":"https:\/\/www.bijoux-pierres-et-bien-etre.com\/?product=elephant-trompe-en-lair-pour-attirer-la-chance-et-lamour-en-quartz-rose-de-chez-bijoux-pierres-et-bien-etre#primaryimage","url":"https:\/\/www.bijoux-pierres-et-bien-etre.com\/wp-content\/uploads\/2021\/09\/elephant_chance_amour_bijou_pierre_mineraux_et_bien_etre_bijoux_pierres_magasin_boutique_albert_somme-scaled.jpg","contentUrl":"https:\/\/www.bijoux-pierres-et-bien-etre.com\/wp-content\/uploads\/2021\/09\/elephant_chance_amour_bijou_pierre_mineraux_et_bien_etre_bijoux_pierres_magasin_boutique_albert_somme-scaled.jpg","width":2358,"height":2560,"caption":"El\u00e9phant trompe en l'air en quartz rose naturel pour la chance et l'attirance en amour. Boutique magasin Bijoux, pierres et bien-\u00eatre dans la somme en Picardie \u00e0 Albert"},{"@type":"BreadcrumbList","@id":"https:\/\/www.bijoux-pierres-et-bien-etre.com\/?product=elephant-trompe-en-lair-pour-attirer-la-chance-et-lamour-en-quartz-rose-de-chez-bijoux-pierres-et-bien-etre#breadcrumb","itemListElement":[{"@type":"ListItem","position":1,"name":"Accueil","item":"https:\/\/www.bijoux-pierres-et-bien-etre.com\/"},{"@type":"ListItem","position":2,"name":"Boutique","item":"https:\/\/www.bijoux-pierres-et-bien-etre.com\/?page_id=66"},{"@type":"ListItem","position":3,"name":"\u00c9l\u00e9phant trompe en l&rsquo;air pour attirer la chance et l&rsquo;Amour en Quartz rose de chez Bijoux, pierres et Bien-\u00eatre."}]},{"@type":"WebSite","@id":"https:\/\/www.bijoux-pierres-et-bien-etre.com\/#website","url":"https:\/\/www.bijoux-pierres-et-bien-etre.com\/","name":"LA BOUTIQUE BIJOUX, PIERRES ET BIEN-\u00caTRE.","description":"","publisher":{"@id":"https:\/\/www.bijoux-pierres-et-bien-etre.com\/#organization"},"potentialAction":[{"@type":"SearchAction","target":{"@type":"EntryPoint","urlTemplate":"https:\/\/www.bijoux-pierres-et-bien-etre.com\/?s={search_term_string}"},"query-input":{"@type":"PropertyValueSpecification","valueRequired":true,"valueName":"search_term_string"}}],"inLanguage":"fr-FR"},{"@type":"Organization","@id":"https:\/\/www.bijoux-pierres-et-bien-etre.com\/#organization","name":"Bijoux, Pierres et Bien-\u00eatre","url":"https:\/\/www.bijoux-pierres-et-bien-etre.com\/","logo":{"@type":"ImageObject","inLanguage":"fr-FR","@id":"https:\/\/www.bijoux-pierres-et-bien-etre.com\/#\/schema\/logo\/image\/","url":"https:\/\/www.bijoux-pierres-et-bien-etre.com\/wp-content\/uploads\/2021\/03\/logo-transparent-wordpress-1.png","contentUrl":"https:\/\/www.bijoux-pierres-et-bien-etre.com\/wp-content\/uploads\/2021\/03\/logo-transparent-wordpress-1.png","width":148,"height":200,"caption":"Bijoux, Pierres et Bien-\u00eatre"},"image":{"@id":"https:\/\/www.bijoux-pierres-et-bien-etre.com\/#\/schema\/logo\/image\/"},"sameAs":["https:\/\/www.facebook.com\/people\/Crations-MaLitho-de-chez-Bijoux-pierres-et-bien-tre\/100063194591855\/","https:\/\/www.instagram.com\/nathaliepascalefourmaux\/"]}]}},"jetpack-related-posts":[],"jetpack_sharing_enabled":true,"_links":{"self":[{"href":"https:\/\/www.bijoux-pierres-et-bien-etre.com\/index.php?rest_route=\/wp\/v2\/product\/1097","targetHints":{"allow":["GET"]}}],"collection":[{"href":"https:\/\/www.bijoux-pierres-et-bien-etre.com\/index.php?rest_route=\/wp\/v2\/product"}],"about":[{"href":"https:\/\/www.bijoux-pierres-et-bien-etre.com\/index.php?rest_route=\/wp\/v2\/types\/product"}],"wp:featuredmedia":[{"embeddable":true,"href":"https:\/\/www.bijoux-pierres-et-bien-etre.com\/index.php?rest_route=\/wp\/v2\/media\/1112"}],"wp:attachment":[{"href":"https:\/\/www.bijoux-pierres-et-bien-etre.com\/index.php?rest_route=%2Fwp%2Fv2%2Fmedia&parent=1097"}],"wp:term":[{"taxonomy":"product_brand","embeddable":true,"href":"https:\/\/www.bijoux-pierres-et-bien-etre.com\/index.php?rest_route=%2Fwp%2Fv2%2Fproduct_brand&post=1097"},{"taxonomy":"product_cat","embeddable":true,"href":"https:\/\/www.bijoux-pierres-et-bien-etre.com\/index.php?rest_route=%2Fwp%2Fv2%2Fproduct_cat&post=1097"},{"taxonomy":"product_tag","embeddable":true,"href":"https:\/\/www.bijoux-pierres-et-bien-etre.com\/index.php?rest_route=%2Fwp%2Fv2%2Fproduct_tag&post=1097"}],"curies":[{"name":"wp","href":"https:\/\/api.w.org\/{rel}","templated":true}]}}