{"id":1820,"date":"2024-09-08T18:49:25","date_gmt":"2024-09-08T16:49:25","guid":{"rendered":"https:\/\/www.bijoux-pierres-et-bien-etre.com\/?page_id=1820"},"modified":"2024-09-08T18:49:27","modified_gmt":"2024-09-08T16:49:27","slug":"nettoyage_lignees_familiales","status":"publish","type":"page","link":"https:\/\/www.bijoux-pierres-et-bien-etre.com\/?page_id=1820","title":{"rendered":"Nettoyage des lign\u00e9es ancestrales"},"content":{"rendered":"<div class=\"wp-block-image\">\n<figure class=\"aligncenter size-large\"><img fetchpriority=\"high\" decoding=\"async\" width=\"708\" height=\"1024\" src=\"https:\/\/www.bijoux-pierres-et-bien-etre.com\/wp-content\/uploads\/2024\/09\/nettoyage_ancetres-708x1024.jpg\" alt=\"\" class=\"wp-image-1821\" srcset=\"https:\/\/www.bijoux-pierres-et-bien-etre.com\/wp-content\/uploads\/2024\/09\/nettoyage_ancetres-708x1024.jpg 708w, https:\/\/www.bijoux-pierres-et-bien-etre.com\/wp-content\/uploads\/2024\/09\/nettoyage_ancetres-600x868.jpg 600w, https:\/\/www.bijoux-pierres-et-bien-etre.com\/wp-content\/uploads\/2024\/09\/nettoyage_ancetres-207x300.jpg 207w, https:\/\/www.bijoux-pierres-et-bien-etre.com\/wp-content\/uploads\/2024\/09\/nettoyage_ancetres-768x1111.jpg 768w, https:\/\/www.bijoux-pierres-et-bien-etre.com\/wp-content\/uploads\/2024\/09\/nettoyage_ancetres.jpg 790w\" sizes=\"(max-width: 708px) 100vw, 708px\" \/><\/figure>\n<\/div>\n\n\n<p>NETTOYAGE, D\u00c9BLOCAGE ET LIB\u00c9RATION DES LIGN\u00c9ES FAMILIALES. \u00ab\u00a0CONSTELLATIONS FAMILIALES PRIV\u00c9ES\u00a0\u00bb&#8230;. (En visio ou en pr\u00e9sentiel). (Explications suppl\u00e9mentaires voir la s\u00e9rie \u00a0\u00bbLe chemin de l&rsquo;olivier sur Netflix si vous \u00eates abonn\u00e9).<br>GR\u00c2CE AUX ANNALES ALASHIQUES ET \u00c0 MA M\u00c9DIUMNIT\u00c9 JE VOUS PROPOSE EN TOUTE S\u00c9CURIT\u00c9 AVEC LA PROTECTION DE VOS \u00caTRES DE LUMI\u00c8RES<br>DES PROTOCOLES DE NETTOYAGE, DEBLOQUAGE DES LIGN\u00c9ES FAMILIALES DES FARDEAUX \u00c9MOTIONNELS OU DE SOUFFRANCES H\u00c9RIT\u00c9S DE SA FAMILLE DEPUIS PLUSIEURS G\u00c9N\u00c9RATIONS POUR COUPER CES LIENS ET SANS LIB\u00c9RER D\u00c9FINITIVEMENT AFIN DE LIB\u00c9RER \u00c9GALEMENT ET D\u00c9FINITIVEMENT DES SITUATIONS BLOQU\u00c9S DANS NOS VIES OU DANS CELLES DE NOS DESCENDANTS (professionnel, amoureux, relationnel, malchance, peur, confiance en soi, angoisse, stress, d\u00e9pression, addiction, douleurs, sant\u00e9&#8230;)<br>COUPER TOUT SCH\u00c9MA R\u00c9P\u00c9TITIF DE NOTRE VIE ET DE NOTRE LIGN\u00c9E FAMILIALE EST TRES IMPORTANT&#8230;<br>PAR CETTE ACTION VOUS ALLEZ VOUS LIB\u00c9RER AINSI QUE VOS ANC\u00caTRES ET VOS DESCENDANCES (enfants, petits enfants et ainsi de suite &#8230;)<br>Renseignements,explications, tarifs et rendez-vous uniquement par t\u00e9l\u00e9phone au :<br>06 36 41 95 68. Ou au magasin Bijoux, pierres et bien-\u00eatre Cr\u00e9ations \u00a0\u00bbMaLitho\u00a0\u00bb 19 rue Chandenier 80300 Albert.<br>(Je ne r\u00e9ponds pas au commentaire ni en message priv\u00e9.)<\/p>\n","protected":false},"excerpt":{"rendered":"<p>NETTOYAGE, D\u00c9BLOCAGE ET LIB\u00c9RATION DES LIGN\u00c9ES FAMILIALES. \u00ab\u00a0CONSTELLATIONS FAMILIALES PRIV\u00c9ES\u00a0\u00bb&#8230;. (En visio ou en pr\u00e9sentiel). (Explications suppl\u00e9mentaires voir la s\u00e9rie \u00a0\u00bbLe chemin de l&rsquo;olivier sur Netflix si vous \u00eates abonn\u00e9).GR\u00c2CE AUX ANNALES ALASHIQUES ET \u00c0 MA M\u00c9DIUMNIT\u00c9 JE VOUS PROPOSE EN TOUTE S\u00c9CURIT\u00c9 AVEC LA PROTECTION DE VOS \u00caTRES DE LUMI\u00c8RESDES PROTOCOLES DE NETTOYAGE, DEBLOQUAGE DES LIGN\u00c9ES FAMILIALES DES FARDEAUX [&hellip;]<\/p>\n","protected":false},"author":1,"featured_media":0,"parent":0,"menu_order":0,"comment_status":"closed","ping_status":"closed","template":"","meta":{"footnotes":""},"class_list":["post-1820","page","type-page","status-publish","hentry"],"yoast_head":"<!-- This site is optimized with the Yoast SEO plugin v27.5 - https:\/\/yoast.com\/product\/yoast-seo-wordpress\/ -->\n<title>Nettoyage des lign\u00e9es ancestrales -<\/title>\n<meta name=\"robots\" content=\"index, follow, max-snippet:-1, max-image-preview:large, max-video-preview:-1\" \/>\n<link rel=\"canonical\" href=\"https:\/\/www.bijoux-pierres-et-bien-etre.com\/?page_id=1820\" \/>\n<meta property=\"og:locale\" content=\"fr_FR\" \/>\n<meta property=\"og:type\" content=\"article\" \/>\n<meta property=\"og:title\" content=\"Nettoyage des lign\u00e9es ancestrales -\" \/>\n<meta property=\"og:description\" content=\"NETTOYAGE, D\u00c9BLOCAGE ET LIB\u00c9RATION DES LIGN\u00c9ES FAMILIALES. \u00ab\u00a0CONSTELLATIONS FAMILIALES PRIV\u00c9ES\u00a0\u00bb&#8230;. (En visio ou en pr\u00e9sentiel). (Explications suppl\u00e9mentaires voir la s\u00e9rie \u00a0\u00bbLe chemin de l&rsquo;olivier sur Netflix si vous \u00eates abonn\u00e9).GR\u00c2CE AUX ANNALES ALASHIQUES ET \u00c0 MA M\u00c9DIUMNIT\u00c9 JE VOUS PROPOSE EN TOUTE S\u00c9CURIT\u00c9 AVEC LA PROTECTION DE VOS \u00caTRES DE LUMI\u00c8RESDES PROTOCOLES DE NETTOYAGE, DEBLOQUAGE DES LIGN\u00c9ES FAMILIALES DES FARDEAUX [&hellip;]\" \/>\n<meta property=\"og:url\" content=\"https:\/\/www.bijoux-pierres-et-bien-etre.com\/?page_id=1820\" \/>\n<meta property=\"article:publisher\" content=\"https:\/\/www.facebook.com\/people\/Crations-MaLitho-de-chez-Bijoux-pierres-et-bien-tre\/100063194591855\/\" \/>\n<meta property=\"article:modified_time\" content=\"2024-09-08T16:49:27+00:00\" \/>\n<meta property=\"og:image\" content=\"https:\/\/www.bijoux-pierres-et-bien-etre.com\/wp-content\/uploads\/2024\/09\/nettoyage_ancetres-708x1024.jpg\" \/>\n<meta name=\"twitter:card\" content=\"summary_large_image\" \/>\n<meta name=\"twitter:label1\" content=\"Dur\u00e9e de lecture estim\u00e9e\" \/>\n\t<meta name=\"twitter:data1\" content=\"2 minutes\" \/>\n<script type=\"application\/ld+json\" class=\"yoast-schema-graph\">{\"@context\":\"https:\\\/\\\/schema.org\",\"@graph\":[{\"@type\":\"WebPage\",\"@id\":\"https:\\\/\\\/www.bijoux-pierres-et-bien-etre.com\\\/?page_id=1820\",\"url\":\"https:\\\/\\\/www.bijoux-pierres-et-bien-etre.com\\\/?page_id=1820\",\"name\":\"Nettoyage des lign\u00e9es ancestrales -\",\"isPartOf\":{\"@id\":\"https:\\\/\\\/www.bijoux-pierres-et-bien-etre.com\\\/#website\"},\"primaryImageOfPage\":{\"@id\":\"https:\\\/\\\/www.bijoux-pierres-et-bien-etre.com\\\/?page_id=1820#primaryimage\"},\"image\":{\"@id\":\"https:\\\/\\\/www.bijoux-pierres-et-bien-etre.com\\\/?page_id=1820#primaryimage\"},\"thumbnailUrl\":\"https:\\\/\\\/www.bijoux-pierres-et-bien-etre.com\\\/wp-content\\\/uploads\\\/2024\\\/09\\\/nettoyage_ancetres-708x1024.jpg\",\"datePublished\":\"2024-09-08T16:49:25+00:00\",\"dateModified\":\"2024-09-08T16:49:27+00:00\",\"breadcrumb\":{\"@id\":\"https:\\\/\\\/www.bijoux-pierres-et-bien-etre.com\\\/?page_id=1820#breadcrumb\"},\"inLanguage\":\"fr-FR\",\"potentialAction\":[{\"@type\":\"ReadAction\",\"target\":[\"https:\\\/\\\/www.bijoux-pierres-et-bien-etre.com\\\/?page_id=1820\"]}]},{\"@type\":\"ImageObject\",\"inLanguage\":\"fr-FR\",\"@id\":\"https:\\\/\\\/www.bijoux-pierres-et-bien-etre.com\\\/?page_id=1820#primaryimage\",\"url\":\"https:\\\/\\\/www.bijoux-pierres-et-bien-etre.com\\\/wp-content\\\/uploads\\\/2024\\\/09\\\/nettoyage_ancetres.jpg\",\"contentUrl\":\"https:\\\/\\\/www.bijoux-pierres-et-bien-etre.com\\\/wp-content\\\/uploads\\\/2024\\\/09\\\/nettoyage_ancetres.jpg\",\"width\":790,\"height\":1143},{\"@type\":\"BreadcrumbList\",\"@id\":\"https:\\\/\\\/www.bijoux-pierres-et-bien-etre.com\\\/?page_id=1820#breadcrumb\",\"itemListElement\":[{\"@type\":\"ListItem\",\"position\":1,\"name\":\"Accueil\",\"item\":\"https:\\\/\\\/www.bijoux-pierres-et-bien-etre.com\\\/\"},{\"@type\":\"ListItem\",\"position\":2,\"name\":\"Nettoyage des lign\u00e9es ancestrales\"}]},{\"@type\":\"WebSite\",\"@id\":\"https:\\\/\\\/www.bijoux-pierres-et-bien-etre.com\\\/#website\",\"url\":\"https:\\\/\\\/www.bijoux-pierres-et-bien-etre.com\\\/\",\"name\":\"LA BOUTIQUE BIJOUX, PIERRES ET BIEN-\u00caTRE.\",\"description\":\"\",\"publisher\":{\"@id\":\"https:\\\/\\\/www.bijoux-pierres-et-bien-etre.com\\\/#organization\"},\"potentialAction\":[{\"@type\":\"SearchAction\",\"target\":{\"@type\":\"EntryPoint\",\"urlTemplate\":\"https:\\\/\\\/www.bijoux-pierres-et-bien-etre.com\\\/?s={search_term_string}\"},\"query-input\":{\"@type\":\"PropertyValueSpecification\",\"valueRequired\":true,\"valueName\":\"search_term_string\"}}],\"inLanguage\":\"fr-FR\"},{\"@type\":\"Organization\",\"@id\":\"https:\\\/\\\/www.bijoux-pierres-et-bien-etre.com\\\/#organization\",\"name\":\"Bijoux, Pierres et Bien-\u00eatre\",\"url\":\"https:\\\/\\\/www.bijoux-pierres-et-bien-etre.com\\\/\",\"logo\":{\"@type\":\"ImageObject\",\"inLanguage\":\"fr-FR\",\"@id\":\"https:\\\/\\\/www.bijoux-pierres-et-bien-etre.com\\\/#\\\/schema\\\/logo\\\/image\\\/\",\"url\":\"https:\\\/\\\/www.bijoux-pierres-et-bien-etre.com\\\/wp-content\\\/uploads\\\/2021\\\/03\\\/logo-transparent-wordpress-1.png\",\"contentUrl\":\"https:\\\/\\\/www.bijoux-pierres-et-bien-etre.com\\\/wp-content\\\/uploads\\\/2021\\\/03\\\/logo-transparent-wordpress-1.png\",\"width\":148,\"height\":200,\"caption\":\"Bijoux, Pierres et Bien-\u00eatre\"},\"image\":{\"@id\":\"https:\\\/\\\/www.bijoux-pierres-et-bien-etre.com\\\/#\\\/schema\\\/logo\\\/image\\\/\"},\"sameAs\":[\"https:\\\/\\\/www.facebook.com\\\/people\\\/Crations-MaLitho-de-chez-Bijoux-pierres-et-bien-tre\\\/100063194591855\\\/\",\"https:\\\/\\\/www.instagram.com\\\/nathaliepascalefourmaux\\\/\"]}]}<\/script>\n<!-- \/ Yoast SEO plugin. -->","yoast_head_json":{"title":"Nettoyage des lign\u00e9es ancestrales -","robots":{"index":"index","follow":"follow","max-snippet":"max-snippet:-1","max-image-preview":"max-image-preview:large","max-video-preview":"max-video-preview:-1"},"canonical":"https:\/\/www.bijoux-pierres-et-bien-etre.com\/?page_id=1820","og_locale":"fr_FR","og_type":"article","og_title":"Nettoyage des lign\u00e9es ancestrales -","og_description":"NETTOYAGE, D\u00c9BLOCAGE ET LIB\u00c9RATION DES LIGN\u00c9ES FAMILIALES. \u00ab\u00a0CONSTELLATIONS FAMILIALES PRIV\u00c9ES\u00a0\u00bb&#8230;. (En visio ou en pr\u00e9sentiel). (Explications suppl\u00e9mentaires voir la s\u00e9rie \u00a0\u00bbLe chemin de l&rsquo;olivier sur Netflix si vous \u00eates abonn\u00e9).GR\u00c2CE AUX ANNALES ALASHIQUES ET \u00c0 MA M\u00c9DIUMNIT\u00c9 JE VOUS PROPOSE EN TOUTE S\u00c9CURIT\u00c9 AVEC LA PROTECTION DE VOS \u00caTRES DE LUMI\u00c8RESDES PROTOCOLES DE NETTOYAGE, DEBLOQUAGE DES LIGN\u00c9ES FAMILIALES DES FARDEAUX [&hellip;]","og_url":"https:\/\/www.bijoux-pierres-et-bien-etre.com\/?page_id=1820","article_publisher":"https:\/\/www.facebook.com\/people\/Crations-MaLitho-de-chez-Bijoux-pierres-et-bien-tre\/100063194591855\/","article_modified_time":"2024-09-08T16:49:27+00:00","og_image":[{"url":"https:\/\/www.bijoux-pierres-et-bien-etre.com\/wp-content\/uploads\/2024\/09\/nettoyage_ancetres-708x1024.jpg","type":"","width":"","height":""}],"twitter_card":"summary_large_image","twitter_misc":{"Dur\u00e9e de lecture estim\u00e9e":"2 minutes"},"schema":{"@context":"https:\/\/schema.org","@graph":[{"@type":"WebPage","@id":"https:\/\/www.bijoux-pierres-et-bien-etre.com\/?page_id=1820","url":"https:\/\/www.bijoux-pierres-et-bien-etre.com\/?page_id=1820","name":"Nettoyage des lign\u00e9es ancestrales -","isPartOf":{"@id":"https:\/\/www.bijoux-pierres-et-bien-etre.com\/#website"},"primaryImageOfPage":{"@id":"https:\/\/www.bijoux-pierres-et-bien-etre.com\/?page_id=1820#primaryimage"},"image":{"@id":"https:\/\/www.bijoux-pierres-et-bien-etre.com\/?page_id=1820#primaryimage"},"thumbnailUrl":"https:\/\/www.bijoux-pierres-et-bien-etre.com\/wp-content\/uploads\/2024\/09\/nettoyage_ancetres-708x1024.jpg","datePublished":"2024-09-08T16:49:25+00:00","dateModified":"2024-09-08T16:49:27+00:00","breadcrumb":{"@id":"https:\/\/www.bijoux-pierres-et-bien-etre.com\/?page_id=1820#breadcrumb"},"inLanguage":"fr-FR","potentialAction":[{"@type":"ReadAction","target":["https:\/\/www.bijoux-pierres-et-bien-etre.com\/?page_id=1820"]}]},{"@type":"ImageObject","inLanguage":"fr-FR","@id":"https:\/\/www.bijoux-pierres-et-bien-etre.com\/?page_id=1820#primaryimage","url":"https:\/\/www.bijoux-pierres-et-bien-etre.com\/wp-content\/uploads\/2024\/09\/nettoyage_ancetres.jpg","contentUrl":"https:\/\/www.bijoux-pierres-et-bien-etre.com\/wp-content\/uploads\/2024\/09\/nettoyage_ancetres.jpg","width":790,"height":1143},{"@type":"BreadcrumbList","@id":"https:\/\/www.bijoux-pierres-et-bien-etre.com\/?page_id=1820#breadcrumb","itemListElement":[{"@type":"ListItem","position":1,"name":"Accueil","item":"https:\/\/www.bijoux-pierres-et-bien-etre.com\/"},{"@type":"ListItem","position":2,"name":"Nettoyage des lign\u00e9es ancestrales"}]},{"@type":"WebSite","@id":"https:\/\/www.bijoux-pierres-et-bien-etre.com\/#website","url":"https:\/\/www.bijoux-pierres-et-bien-etre.com\/","name":"LA BOUTIQUE BIJOUX, PIERRES ET BIEN-\u00caTRE.","description":"","publisher":{"@id":"https:\/\/www.bijoux-pierres-et-bien-etre.com\/#organization"},"potentialAction":[{"@type":"SearchAction","target":{"@type":"EntryPoint","urlTemplate":"https:\/\/www.bijoux-pierres-et-bien-etre.com\/?s={search_term_string}"},"query-input":{"@type":"PropertyValueSpecification","valueRequired":true,"valueName":"search_term_string"}}],"inLanguage":"fr-FR"},{"@type":"Organization","@id":"https:\/\/www.bijoux-pierres-et-bien-etre.com\/#organization","name":"Bijoux, Pierres et Bien-\u00eatre","url":"https:\/\/www.bijoux-pierres-et-bien-etre.com\/","logo":{"@type":"ImageObject","inLanguage":"fr-FR","@id":"https:\/\/www.bijoux-pierres-et-bien-etre.com\/#\/schema\/logo\/image\/","url":"https:\/\/www.bijoux-pierres-et-bien-etre.com\/wp-content\/uploads\/2021\/03\/logo-transparent-wordpress-1.png","contentUrl":"https:\/\/www.bijoux-pierres-et-bien-etre.com\/wp-content\/uploads\/2021\/03\/logo-transparent-wordpress-1.png","width":148,"height":200,"caption":"Bijoux, Pierres et Bien-\u00eatre"},"image":{"@id":"https:\/\/www.bijoux-pierres-et-bien-etre.com\/#\/schema\/logo\/image\/"},"sameAs":["https:\/\/www.facebook.com\/people\/Crations-MaLitho-de-chez-Bijoux-pierres-et-bien-tre\/100063194591855\/","https:\/\/www.instagram.com\/nathaliepascalefourmaux\/"]}]}},"jetpack-related-posts":[],"jetpack_sharing_enabled":true,"_links":{"self":[{"href":"https:\/\/www.bijoux-pierres-et-bien-etre.com\/index.php?rest_route=\/wp\/v2\/pages\/1820","targetHints":{"allow":["GET"]}}],"collection":[{"href":"https:\/\/www.bijoux-pierres-et-bien-etre.com\/index.php?rest_route=\/wp\/v2\/pages"}],"about":[{"href":"https:\/\/www.bijoux-pierres-et-bien-etre.com\/index.php?rest_route=\/wp\/v2\/types\/page"}],"author":[{"embeddable":true,"href":"https:\/\/www.bijoux-pierres-et-bien-etre.com\/index.php?rest_route=\/wp\/v2\/users\/1"}],"replies":[{"embeddable":true,"href":"https:\/\/www.bijoux-pierres-et-bien-etre.com\/index.php?rest_route=%2Fwp%2Fv2%2Fcomments&post=1820"}],"version-history":[{"count":1,"href":"https:\/\/www.bijoux-pierres-et-bien-etre.com\/index.php?rest_route=\/wp\/v2\/pages\/1820\/revisions"}],"predecessor-version":[{"id":1822,"href":"https:\/\/www.bijoux-pierres-et-bien-etre.com\/index.php?rest_route=\/wp\/v2\/pages\/1820\/revisions\/1822"}],"wp:attachment":[{"href":"https:\/\/www.bijoux-pierres-et-bien-etre.com\/index.php?rest_route=%2Fwp%2Fv2%2Fmedia&parent=1820"}],"curies":[{"name":"wp","href":"https:\/\/api.w.org\/{rel}","templated":true}]}}