{"id":1795,"date":"2024-09-08T18:36:15","date_gmt":"2024-09-08T16:36:15","guid":{"rendered":"https:\/\/www.bijoux-pierres-et-bien-etre.com\/?page_id=1795"},"modified":"2024-09-08T18:36:16","modified_gmt":"2024-09-08T16:36:16","slug":"lahochi-formation-seance","status":"publish","type":"page","link":"https:\/\/www.bijoux-pierres-et-bien-etre.com\/?page_id=1795","title":{"rendered":"Lahochi (formation ou s\u00e9ance)"},"content":{"rendered":"<div class=\"wp-block-image\">\n<figure class=\"aligncenter size-full\"><img fetchpriority=\"high\" decoding=\"async\" width=\"869\" height=\"799\" src=\"https:\/\/www.bijoux-pierres-et-bien-etre.com\/wp-content\/uploads\/2024\/09\/lahochi_nathalie.jpg\" alt=\"\" class=\"wp-image-1796\" srcset=\"https:\/\/www.bijoux-pierres-et-bien-etre.com\/wp-content\/uploads\/2024\/09\/lahochi_nathalie.jpg 869w, https:\/\/www.bijoux-pierres-et-bien-etre.com\/wp-content\/uploads\/2024\/09\/lahochi_nathalie-600x552.jpg 600w, https:\/\/www.bijoux-pierres-et-bien-etre.com\/wp-content\/uploads\/2024\/09\/lahochi_nathalie-300x276.jpg 300w, https:\/\/www.bijoux-pierres-et-bien-etre.com\/wp-content\/uploads\/2024\/09\/lahochi_nathalie-768x706.jpg 768w\" sizes=\"(max-width: 869px) 100vw, 869px\" \/><\/figure>\n<\/div>\n\n\n<p>FATIGUE, STRESS, \u00c9QUILIBRES \u00c9MOTIONNELS, DOULEURS, PROBL\u00c8MES DE PEAU, CONFIANCE EN SOI&#8230;etc&#8230;<br>(pour adultes, b\u00e9b\u00e9s, enfants et m\u00eame pour les animaux.) LE LAHOCHI EST FAIT POUR VOUS&#8230;<br>EN S\u00c9ANCE \u00a0\u00bbsoin\u00a0\u00bb \u00c9NERG\u00c9TIQUE ou en FORMATION ET INITIATION pour pouvoir vous m\u00eame vous auto-traiter.<\/p>\n\n\n\n<p>Les s\u00e9ances \u00e9nerg\u00e9tiques et les formations-initiations peuvent se faire \u00e0 distance(contrairement au Reiki pour les formations et initiations qui ne se font qu&rsquo;en pr\u00e9sentiel).<\/p>\n\n\n\n<p>Tarif S\u00e9ances \u00e9nerg\u00e9tiques cabinet (comme pour le Reiki le minimum est de 4 s\u00e9ances) :<br>50\u20ac la s\u00e9ance d&rsquo;entretien ou de d\u00e9couverte.<br>190 \u20ac forfait de 4 s\u00e9ances. (1h-1h15 environ)<br>\u00c0 distance :<br>25\u20ac la s\u00e9ance d&rsquo;entretien.<br>Forfait 4 s\u00e9ances :<br>80\u20ac.<br>Formation avec l&rsquo;initiation et le manuel en pdf :<br>140\u20ac de 15h \u00e0 18h30 environ<br>le vendredi ou samedi de votre choix.<br>Il n&rsquo;y a qu&rsquo;un niveau (juste une seule formation o\u00f9 vous serez initi\u00e9 et pourrez \u00e0 votre tour initi\u00e9 d&rsquo;autres personnes) contrairement au Reiki o\u00f9 il y a 4 niveaux d&rsquo;enseignements initiations.<\/p>\n\n\n\n<p>Attention :<br>Les s\u00e9ances \u00e9nerg\u00e9tiques ne sont qu&rsquo;un compl\u00e9ment et un accompagnement \u00e0 c\u00f4t\u00e9 de vos traitements m\u00e9dicaux. Ne jamais les arr\u00eater et surtout faire avant tout les examens prescrits par votre m\u00e9decin et bien suivre son traitement.<\/p>\n\n\n\n<p>Qu&rsquo;est ce que le Lahochi :<\/p>\n\n\n\n<p>Le Lahochi est une \u00e9nergie transmise par l\u2019apposition des mains.<br>Elle apporte, par ce biais, une tr\u00e8s haute fr\u00e9quence de la Lumi\u00e8re.<br>C&rsquo;est une technique \u00e9nerg\u00e9tique de soins tr\u00e8s puissante<br>Il est consid\u00e9r\u00e9 par certains comme une forme de Reiki, m\u00eame si la fa\u00e7on de canaliser cette \u00e9nergie et d\u2019imposer les mains pour transmettre l\u2019\u00e9nergie de Lumi\u00e8re\/Amour est fondamentalement diff\u00e9rente du Reiki Usui.<br>Le Lahochi (qui se prononce lah hoe chee) est une \u00e9nergie spirituelle aux fr\u00e9quences vibratoires tr\u00e8s \u00e9lev\u00e9es.<br>Elle permet d\u2019acc\u00e9der \u00e0 une plus grande compr\u00e9hension et utilisation de l\u2019\u00c9nergie Universelle de Vie pour soi-m\u00eame et pour aider les autres, dans le respect du libre-abitre de chacun.<br>Le Lahochi peut-\u00eatre utilis\u00e9 seul ou en combinaison avec d\u2019autres syst\u00e8mes de \u00a0\u00bbsoins\u00a0\u00bb (Reiki, magn\u00e9tisme, Lahochi de la 13\u00e8me Octave) que je vous propose en th\u00e9rapie ou en formation.<br>Le Lahochi permet d\u2019acc\u00e9der et d\u2019int\u00e9grer des \u00e9nergies subtiles aux fr\u00e9quences plus \u00e9lev\u00e9es, ouvrant \u00e0 la conscience multidimensionnelle.<br>Le Lahochi restructure et \u00e9quilibre les corps subtils de l\u2019Etre, particuli\u00e8rement lorsqu\u2019il y a eu un traumatisme dans le corps \u00e9motionnel.<br>Certificat Praticien Enseignant<br>Livret d&rsquo;apprentissage fourni pour les enseignements et initiations.<br>Renseignements uniquement par t\u00e9l\u00e9phone :<br>06 36 41 95 68<br>Bijoux, pierres et bien-\u00eatre Cr\u00e9ations \u00a0\u00bbMaLitho\u00a0\u00bb 19 rue Chandenier 80 300 ALBERT.<\/p>\n","protected":false},"excerpt":{"rendered":"<p>FATIGUE, STRESS, \u00c9QUILIBRES \u00c9MOTIONNELS, DOULEURS, PROBL\u00c8MES DE PEAU, CONFIANCE EN SOI&#8230;etc&#8230;(pour adultes, b\u00e9b\u00e9s, enfants et m\u00eame pour les animaux.) LE LAHOCHI EST FAIT POUR VOUS&#8230;EN S\u00c9ANCE \u00a0\u00bbsoin\u00a0\u00bb \u00c9NERG\u00c9TIQUE ou en FORMATION ET INITIATION pour pouvoir vous m\u00eame vous auto-traiter. Les s\u00e9ances \u00e9nerg\u00e9tiques et les formations-initiations peuvent se faire \u00e0 distance(contrairement au Reiki pour les formations et initiations qui ne se [&hellip;]<\/p>\n","protected":false},"author":1,"featured_media":0,"parent":0,"menu_order":0,"comment_status":"closed","ping_status":"closed","template":"","meta":{"footnotes":""},"class_list":["post-1795","page","type-page","status-publish","hentry"],"yoast_head":"<!-- This site is optimized with the Yoast SEO plugin v27.4 - https:\/\/yoast.com\/product\/yoast-seo-wordpress\/ -->\n<title>Lahochi (formation ou s\u00e9ance) -<\/title>\n<meta name=\"description\" content=\"Laissez vous tenter par nos formations en Lahochi, ou m\u00eame par une s\u00e9ance de &quot;soin&quot; \u00e9nerg\u00e9tique sur place dans notre boutique \u00e0 Albert !\" \/>\n<meta name=\"robots\" content=\"index, follow, max-snippet:-1, max-image-preview:large, max-video-preview:-1\" \/>\n<link rel=\"canonical\" href=\"https:\/\/www.bijoux-pierres-et-bien-etre.com\/?page_id=1795\" \/>\n<meta property=\"og:locale\" content=\"fr_FR\" \/>\n<meta property=\"og:type\" content=\"article\" \/>\n<meta property=\"og:title\" content=\"Lahochi (formation ou s\u00e9ance) -\" \/>\n<meta property=\"og:description\" content=\"Laissez vous tenter par nos formations en Lahochi, ou m\u00eame par une s\u00e9ance de &quot;soin&quot; \u00e9nerg\u00e9tique sur place dans notre boutique \u00e0 Albert !\" \/>\n<meta property=\"og:url\" content=\"https:\/\/www.bijoux-pierres-et-bien-etre.com\/?page_id=1795\" \/>\n<meta property=\"article:publisher\" content=\"https:\/\/www.facebook.com\/people\/Crations-MaLitho-de-chez-Bijoux-pierres-et-bien-tre\/100063194591855\/\" \/>\n<meta property=\"article:modified_time\" content=\"2024-09-08T16:36:16+00:00\" \/>\n<meta property=\"og:image\" content=\"https:\/\/www.bijoux-pierres-et-bien-etre.com\/wp-content\/uploads\/2024\/09\/lahochi_nathalie.jpg\" \/>\n<meta name=\"twitter:card\" content=\"summary_large_image\" \/>\n<meta name=\"twitter:label1\" content=\"Dur\u00e9e de lecture estim\u00e9e\" \/>\n\t<meta name=\"twitter:data1\" content=\"3 minutes\" \/>\n<script type=\"application\/ld+json\" class=\"yoast-schema-graph\">{\"@context\":\"https:\\\/\\\/schema.org\",\"@graph\":[{\"@type\":\"WebPage\",\"@id\":\"https:\\\/\\\/www.bijoux-pierres-et-bien-etre.com\\\/?page_id=1795\",\"url\":\"https:\\\/\\\/www.bijoux-pierres-et-bien-etre.com\\\/?page_id=1795\",\"name\":\"Lahochi (formation ou s\u00e9ance) -\",\"isPartOf\":{\"@id\":\"https:\\\/\\\/www.bijoux-pierres-et-bien-etre.com\\\/#website\"},\"primaryImageOfPage\":{\"@id\":\"https:\\\/\\\/www.bijoux-pierres-et-bien-etre.com\\\/?page_id=1795#primaryimage\"},\"image\":{\"@id\":\"https:\\\/\\\/www.bijoux-pierres-et-bien-etre.com\\\/?page_id=1795#primaryimage\"},\"thumbnailUrl\":\"https:\\\/\\\/www.bijoux-pierres-et-bien-etre.com\\\/wp-content\\\/uploads\\\/2024\\\/09\\\/lahochi_nathalie.jpg\",\"datePublished\":\"2024-09-08T16:36:15+00:00\",\"dateModified\":\"2024-09-08T16:36:16+00:00\",\"description\":\"Laissez vous tenter par nos formations en Lahochi, ou m\u00eame par une s\u00e9ance de \\\"soin\\\" \u00e9nerg\u00e9tique sur place dans notre boutique \u00e0 Albert !\",\"breadcrumb\":{\"@id\":\"https:\\\/\\\/www.bijoux-pierres-et-bien-etre.com\\\/?page_id=1795#breadcrumb\"},\"inLanguage\":\"fr-FR\",\"potentialAction\":[{\"@type\":\"ReadAction\",\"target\":[\"https:\\\/\\\/www.bijoux-pierres-et-bien-etre.com\\\/?page_id=1795\"]}]},{\"@type\":\"ImageObject\",\"inLanguage\":\"fr-FR\",\"@id\":\"https:\\\/\\\/www.bijoux-pierres-et-bien-etre.com\\\/?page_id=1795#primaryimage\",\"url\":\"https:\\\/\\\/www.bijoux-pierres-et-bien-etre.com\\\/wp-content\\\/uploads\\\/2024\\\/09\\\/lahochi_nathalie.jpg\",\"contentUrl\":\"https:\\\/\\\/www.bijoux-pierres-et-bien-etre.com\\\/wp-content\\\/uploads\\\/2024\\\/09\\\/lahochi_nathalie.jpg\",\"width\":869,\"height\":799},{\"@type\":\"BreadcrumbList\",\"@id\":\"https:\\\/\\\/www.bijoux-pierres-et-bien-etre.com\\\/?page_id=1795#breadcrumb\",\"itemListElement\":[{\"@type\":\"ListItem\",\"position\":1,\"name\":\"Accueil\",\"item\":\"https:\\\/\\\/www.bijoux-pierres-et-bien-etre.com\\\/\"},{\"@type\":\"ListItem\",\"position\":2,\"name\":\"Lahochi (formation ou s\u00e9ance)\"}]},{\"@type\":\"WebSite\",\"@id\":\"https:\\\/\\\/www.bijoux-pierres-et-bien-etre.com\\\/#website\",\"url\":\"https:\\\/\\\/www.bijoux-pierres-et-bien-etre.com\\\/\",\"name\":\"LA BOUTIQUE BIJOUX, PIERRES ET BIEN-\u00caTRE.\",\"description\":\"\",\"publisher\":{\"@id\":\"https:\\\/\\\/www.bijoux-pierres-et-bien-etre.com\\\/#organization\"},\"potentialAction\":[{\"@type\":\"SearchAction\",\"target\":{\"@type\":\"EntryPoint\",\"urlTemplate\":\"https:\\\/\\\/www.bijoux-pierres-et-bien-etre.com\\\/?s={search_term_string}\"},\"query-input\":{\"@type\":\"PropertyValueSpecification\",\"valueRequired\":true,\"valueName\":\"search_term_string\"}}],\"inLanguage\":\"fr-FR\"},{\"@type\":\"Organization\",\"@id\":\"https:\\\/\\\/www.bijoux-pierres-et-bien-etre.com\\\/#organization\",\"name\":\"Bijoux, Pierres et Bien-\u00eatre\",\"url\":\"https:\\\/\\\/www.bijoux-pierres-et-bien-etre.com\\\/\",\"logo\":{\"@type\":\"ImageObject\",\"inLanguage\":\"fr-FR\",\"@id\":\"https:\\\/\\\/www.bijoux-pierres-et-bien-etre.com\\\/#\\\/schema\\\/logo\\\/image\\\/\",\"url\":\"https:\\\/\\\/www.bijoux-pierres-et-bien-etre.com\\\/wp-content\\\/uploads\\\/2021\\\/03\\\/logo-transparent-wordpress-1.png\",\"contentUrl\":\"https:\\\/\\\/www.bijoux-pierres-et-bien-etre.com\\\/wp-content\\\/uploads\\\/2021\\\/03\\\/logo-transparent-wordpress-1.png\",\"width\":148,\"height\":200,\"caption\":\"Bijoux, Pierres et Bien-\u00eatre\"},\"image\":{\"@id\":\"https:\\\/\\\/www.bijoux-pierres-et-bien-etre.com\\\/#\\\/schema\\\/logo\\\/image\\\/\"},\"sameAs\":[\"https:\\\/\\\/www.facebook.com\\\/people\\\/Crations-MaLitho-de-chez-Bijoux-pierres-et-bien-tre\\\/100063194591855\\\/\",\"https:\\\/\\\/www.instagram.com\\\/nathaliepascalefourmaux\\\/\"]}]}<\/script>\n<!-- \/ Yoast SEO plugin. -->","yoast_head_json":{"title":"Lahochi (formation ou s\u00e9ance) -","description":"Laissez vous tenter par nos formations en Lahochi, ou m\u00eame par une s\u00e9ance de \"soin\" \u00e9nerg\u00e9tique sur place dans notre boutique \u00e0 Albert !","robots":{"index":"index","follow":"follow","max-snippet":"max-snippet:-1","max-image-preview":"max-image-preview:large","max-video-preview":"max-video-preview:-1"},"canonical":"https:\/\/www.bijoux-pierres-et-bien-etre.com\/?page_id=1795","og_locale":"fr_FR","og_type":"article","og_title":"Lahochi (formation ou s\u00e9ance) -","og_description":"Laissez vous tenter par nos formations en Lahochi, ou m\u00eame par une s\u00e9ance de \"soin\" \u00e9nerg\u00e9tique sur place dans notre boutique \u00e0 Albert !","og_url":"https:\/\/www.bijoux-pierres-et-bien-etre.com\/?page_id=1795","article_publisher":"https:\/\/www.facebook.com\/people\/Crations-MaLitho-de-chez-Bijoux-pierres-et-bien-tre\/100063194591855\/","article_modified_time":"2024-09-08T16:36:16+00:00","og_image":[{"url":"https:\/\/www.bijoux-pierres-et-bien-etre.com\/wp-content\/uploads\/2024\/09\/lahochi_nathalie.jpg","type":"","width":"","height":""}],"twitter_card":"summary_large_image","twitter_misc":{"Dur\u00e9e de lecture estim\u00e9e":"3 minutes"},"schema":{"@context":"https:\/\/schema.org","@graph":[{"@type":"WebPage","@id":"https:\/\/www.bijoux-pierres-et-bien-etre.com\/?page_id=1795","url":"https:\/\/www.bijoux-pierres-et-bien-etre.com\/?page_id=1795","name":"Lahochi (formation ou s\u00e9ance) -","isPartOf":{"@id":"https:\/\/www.bijoux-pierres-et-bien-etre.com\/#website"},"primaryImageOfPage":{"@id":"https:\/\/www.bijoux-pierres-et-bien-etre.com\/?page_id=1795#primaryimage"},"image":{"@id":"https:\/\/www.bijoux-pierres-et-bien-etre.com\/?page_id=1795#primaryimage"},"thumbnailUrl":"https:\/\/www.bijoux-pierres-et-bien-etre.com\/wp-content\/uploads\/2024\/09\/lahochi_nathalie.jpg","datePublished":"2024-09-08T16:36:15+00:00","dateModified":"2024-09-08T16:36:16+00:00","description":"Laissez vous tenter par nos formations en Lahochi, ou m\u00eame par une s\u00e9ance de \"soin\" \u00e9nerg\u00e9tique sur place dans notre boutique \u00e0 Albert !","breadcrumb":{"@id":"https:\/\/www.bijoux-pierres-et-bien-etre.com\/?page_id=1795#breadcrumb"},"inLanguage":"fr-FR","potentialAction":[{"@type":"ReadAction","target":["https:\/\/www.bijoux-pierres-et-bien-etre.com\/?page_id=1795"]}]},{"@type":"ImageObject","inLanguage":"fr-FR","@id":"https:\/\/www.bijoux-pierres-et-bien-etre.com\/?page_id=1795#primaryimage","url":"https:\/\/www.bijoux-pierres-et-bien-etre.com\/wp-content\/uploads\/2024\/09\/lahochi_nathalie.jpg","contentUrl":"https:\/\/www.bijoux-pierres-et-bien-etre.com\/wp-content\/uploads\/2024\/09\/lahochi_nathalie.jpg","width":869,"height":799},{"@type":"BreadcrumbList","@id":"https:\/\/www.bijoux-pierres-et-bien-etre.com\/?page_id=1795#breadcrumb","itemListElement":[{"@type":"ListItem","position":1,"name":"Accueil","item":"https:\/\/www.bijoux-pierres-et-bien-etre.com\/"},{"@type":"ListItem","position":2,"name":"Lahochi (formation ou s\u00e9ance)"}]},{"@type":"WebSite","@id":"https:\/\/www.bijoux-pierres-et-bien-etre.com\/#website","url":"https:\/\/www.bijoux-pierres-et-bien-etre.com\/","name":"LA BOUTIQUE BIJOUX, PIERRES ET BIEN-\u00caTRE.","description":"","publisher":{"@id":"https:\/\/www.bijoux-pierres-et-bien-etre.com\/#organization"},"potentialAction":[{"@type":"SearchAction","target":{"@type":"EntryPoint","urlTemplate":"https:\/\/www.bijoux-pierres-et-bien-etre.com\/?s={search_term_string}"},"query-input":{"@type":"PropertyValueSpecification","valueRequired":true,"valueName":"search_term_string"}}],"inLanguage":"fr-FR"},{"@type":"Organization","@id":"https:\/\/www.bijoux-pierres-et-bien-etre.com\/#organization","name":"Bijoux, Pierres et Bien-\u00eatre","url":"https:\/\/www.bijoux-pierres-et-bien-etre.com\/","logo":{"@type":"ImageObject","inLanguage":"fr-FR","@id":"https:\/\/www.bijoux-pierres-et-bien-etre.com\/#\/schema\/logo\/image\/","url":"https:\/\/www.bijoux-pierres-et-bien-etre.com\/wp-content\/uploads\/2021\/03\/logo-transparent-wordpress-1.png","contentUrl":"https:\/\/www.bijoux-pierres-et-bien-etre.com\/wp-content\/uploads\/2021\/03\/logo-transparent-wordpress-1.png","width":148,"height":200,"caption":"Bijoux, Pierres et Bien-\u00eatre"},"image":{"@id":"https:\/\/www.bijoux-pierres-et-bien-etre.com\/#\/schema\/logo\/image\/"},"sameAs":["https:\/\/www.facebook.com\/people\/Crations-MaLitho-de-chez-Bijoux-pierres-et-bien-tre\/100063194591855\/","https:\/\/www.instagram.com\/nathaliepascalefourmaux\/"]}]}},"jetpack-related-posts":[],"jetpack_sharing_enabled":true,"_links":{"self":[{"href":"https:\/\/www.bijoux-pierres-et-bien-etre.com\/index.php?rest_route=\/wp\/v2\/pages\/1795","targetHints":{"allow":["GET"]}}],"collection":[{"href":"https:\/\/www.bijoux-pierres-et-bien-etre.com\/index.php?rest_route=\/wp\/v2\/pages"}],"about":[{"href":"https:\/\/www.bijoux-pierres-et-bien-etre.com\/index.php?rest_route=\/wp\/v2\/types\/page"}],"author":[{"embeddable":true,"href":"https:\/\/www.bijoux-pierres-et-bien-etre.com\/index.php?rest_route=\/wp\/v2\/users\/1"}],"replies":[{"embeddable":true,"href":"https:\/\/www.bijoux-pierres-et-bien-etre.com\/index.php?rest_route=%2Fwp%2Fv2%2Fcomments&post=1795"}],"version-history":[{"count":1,"href":"https:\/\/www.bijoux-pierres-et-bien-etre.com\/index.php?rest_route=\/wp\/v2\/pages\/1795\/revisions"}],"predecessor-version":[{"id":1797,"href":"https:\/\/www.bijoux-pierres-et-bien-etre.com\/index.php?rest_route=\/wp\/v2\/pages\/1795\/revisions\/1797"}],"wp:attachment":[{"href":"https:\/\/www.bijoux-pierres-et-bien-etre.com\/index.php?rest_route=%2Fwp%2Fv2%2Fmedia&parent=1795"}],"curies":[{"name":"wp","href":"https:\/\/api.w.org\/{rel}","templated":true}]}}